{"id":586,"date":"2025-10-08T14:13:30","date_gmt":"2025-10-08T13:13:30","guid":{"rendered":"https:\/\/myenergi.laserred.dev\/template\/product\/zappi-ev-charger\/"},"modified":"2026-03-02T11:00:11","modified_gmt":"2026-03-02T11:00:11","slug":"zappi-ev-charger","status":"publish","type":"product","link":"https:\/\/www.myenergi.com\/pl\/produkty\/zappi-ev-charger\/","title":{"rendered":"zappi &#8211; multiphase ev charger"},"content":{"rendered":"","protected":false},"excerpt":{"rendered":"<p>Inteligentna \u0142adowarka, kt\u00f3ra si\u0119 wyr\u00f3\u017cnia \u2014 zappi to idealny wyb\u00f3r dla w\u0142a\u015bcicieli pojazd\u00f3w elektrycznych. Dzi\u0119ki trzem trybom \u0142adowania \u2014 ECO, ECO+ i FAST \u2014 mo\u017cesz inteligentnie \u0142adowa\u0107 z sieci, \u0142adowa\u0107 wtedy, gdy energia jest ta\u0144sza w taryfach czasowych, lub zintegrowa\u0107 \u0142adowark\u0119 z odnawialnymi \u017ar\u00f3d\u0142ami energii (takimi jak energia s\u0142oneczna i wiatrowa), aby \u0142adowa\u0107 pojazd czyst\u0105, zielon\u0105, w 100% samodzielnie wytworzon\u0105 energi\u0105.<\/p>\n","protected":false},"featured_media":587,"comment_status":"open","ping_status":"closed","template":"","meta":{"_acf_changed":false,"footnotes":""},"product_brand":[],"product_cat":[18],"product_tag":[],"class_list":{"0":"post-586","1":"product","2":"type-product","3":"status-publish","4":"has-post-thumbnail","6":"product_cat-uncategorised","8":"first","9":"instock","10":"shipping-taxable","11":"product-type-simple"},"acf":[],"_links":{"self":[{"href":"https:\/\/www.myenergi.com\/pl\/wp-json\/wp\/v2\/product\/586","targetHints":{"allow":["GET"]}}],"collection":[{"href":"https:\/\/www.myenergi.com\/pl\/wp-json\/wp\/v2\/product"}],"about":[{"href":"https:\/\/www.myenergi.com\/pl\/wp-json\/wp\/v2\/types\/product"}],"replies":[{"embeddable":true,"href":"https:\/\/www.myenergi.com\/pl\/wp-json\/wp\/v2\/comments?post=586"}],"version-history":[{"count":8,"href":"https:\/\/www.myenergi.com\/pl\/wp-json\/wp\/v2\/product\/586\/revisions"}],"predecessor-version":[{"id":105168,"href":"https:\/\/www.myenergi.com\/pl\/wp-json\/wp\/v2\/product\/586\/revisions\/105168"}],"wp:featuredmedia":[{"embeddable":true,"href":"https:\/\/www.myenergi.com\/pl\/wp-json\/wp\/v2\/media\/587"}],"wp:attachment":[{"href":"https:\/\/www.myenergi.com\/pl\/wp-json\/wp\/v2\/media?parent=586"}],"wp:term":[{"taxonomy":"product_brand","embeddable":true,"href":"https:\/\/www.myenergi.com\/pl\/wp-json\/wp\/v2\/product_brand?post=586"},{"taxonomy":"product_cat","embeddable":true,"href":"https:\/\/www.myenergi.com\/pl\/wp-json\/wp\/v2\/product_cat?post=586"},{"taxonomy":"product_tag","embeddable":true,"href":"https:\/\/www.myenergi.com\/pl\/wp-json\/wp\/v2\/product_tag?post=586"}],"curies":[{"name":"wp","href":"https:\/\/api.w.org\/{rel}","templated":true}]}}