{"id":570,"date":"2025-10-08T14:07:15","date_gmt":"2025-10-08T13:07:15","guid":{"rendered":"https:\/\/myenergi.laserred.dev\/template\/product\/eddiplus\/"},"modified":"2026-03-02T10:55:43","modified_gmt":"2026-03-02T10:55:43","slug":"eddiplus","status":"publish","type":"product","link":"https:\/\/www.myenergi.com\/pl\/produkty\/eddiplus\/","title":{"rendered":"eddi+ 3 phase solar power diverter"},"content":{"rendered":"","protected":false},"excerpt":{"rendered":"<p>eddi+ to przetwornik energii s\u0142onecznej, kt\u00f3ry pomaga maksymalnie wykorzysta\u0107 energi\u0119 wytwarzan\u0105 samodzielnie, zamiast oddawa\u0107 j\u0105 z powrotem do sieci.<\/p>\n","protected":false},"featured_media":571,"comment_status":"open","ping_status":"closed","template":"","meta":{"_acf_changed":false,"footnotes":""},"product_brand":[],"product_cat":[18],"product_tag":[],"class_list":{"0":"post-570","1":"product","2":"type-product","3":"status-publish","4":"has-post-thumbnail","6":"product_cat-uncategorised","8":"first","9":"instock","10":"shipping-taxable","11":"product-type-simple"},"acf":[],"_links":{"self":[{"href":"https:\/\/www.myenergi.com\/pl\/wp-json\/wp\/v2\/product\/570","targetHints":{"allow":["GET"]}}],"collection":[{"href":"https:\/\/www.myenergi.com\/pl\/wp-json\/wp\/v2\/product"}],"about":[{"href":"https:\/\/www.myenergi.com\/pl\/wp-json\/wp\/v2\/types\/product"}],"replies":[{"embeddable":true,"href":"https:\/\/www.myenergi.com\/pl\/wp-json\/wp\/v2\/comments?post=570"}],"version-history":[{"count":6,"href":"https:\/\/www.myenergi.com\/pl\/wp-json\/wp\/v2\/product\/570\/revisions"}],"predecessor-version":[{"id":105167,"href":"https:\/\/www.myenergi.com\/pl\/wp-json\/wp\/v2\/product\/570\/revisions\/105167"}],"wp:featuredmedia":[{"embeddable":true,"href":"https:\/\/www.myenergi.com\/pl\/wp-json\/wp\/v2\/media\/571"}],"wp:attachment":[{"href":"https:\/\/www.myenergi.com\/pl\/wp-json\/wp\/v2\/media?parent=570"}],"wp:term":[{"taxonomy":"product_brand","embeddable":true,"href":"https:\/\/www.myenergi.com\/pl\/wp-json\/wp\/v2\/product_brand?post=570"},{"taxonomy":"product_cat","embeddable":true,"href":"https:\/\/www.myenergi.com\/pl\/wp-json\/wp\/v2\/product_cat?post=570"},{"taxonomy":"product_tag","embeddable":true,"href":"https:\/\/www.myenergi.com\/pl\/wp-json\/wp\/v2\/product_tag?post=570"}],"curies":[{"name":"wp","href":"https:\/\/api.w.org\/{rel}","templated":true}]}}