{"id":559,"date":"2025-10-08T14:02:59","date_gmt":"2025-10-08T13:02:59","guid":{"rendered":"https:\/\/myenergi.laserred.dev\/template\/product\/libbi-battery-storage\/"},"modified":"2026-03-02T10:30:45","modified_gmt":"2026-03-02T10:30:45","slug":"libbi-battery-storage","status":"publish","type":"product","link":"https:\/\/www.myenergi.com\/pl\/produkty\/libbi-battery-storage\/","title":{"rendered":"libbi"},"content":{"rendered":"","protected":false},"excerpt":{"rendered":"<p>Zaprojektowany z my\u015bl\u0105 o maksymalnej wydajno\u015bci, libbi otwiera nowe mo\u017cliwo\u015bci zarz\u0105dzania energi\u0105 w domu. Modu\u0142owy system magazynowania energii oferuje prosty i bezpieczny spos\u00f3b przechowywania zar\u00f3wno nadwy\u017cek energii odnawialnej, jak i energii z sieci w godzinach pozaszczytowych, zapewniaj\u0105c tani\u0105 i niskoemisyjn\u0105 energi\u0119 elektryczn\u0105 na wyci\u0105gni\u0119cie r\u0119ki.<\/p>\n","protected":false},"featured_media":560,"comment_status":"open","ping_status":"closed","template":"","meta":{"_acf_changed":false,"footnotes":""},"product_brand":[],"product_cat":[18],"product_tag":[],"class_list":{"0":"post-559","1":"product","2":"type-product","3":"status-publish","4":"has-post-thumbnail","6":"product_cat-uncategorised","8":"first","9":"instock","10":"shipping-taxable","11":"product-type-simple"},"acf":[],"_links":{"self":[{"href":"https:\/\/www.myenergi.com\/pl\/wp-json\/wp\/v2\/product\/559","targetHints":{"allow":["GET"]}}],"collection":[{"href":"https:\/\/www.myenergi.com\/pl\/wp-json\/wp\/v2\/product"}],"about":[{"href":"https:\/\/www.myenergi.com\/pl\/wp-json\/wp\/v2\/types\/product"}],"replies":[{"embeddable":true,"href":"https:\/\/www.myenergi.com\/pl\/wp-json\/wp\/v2\/comments?post=559"}],"version-history":[{"count":4,"href":"https:\/\/www.myenergi.com\/pl\/wp-json\/wp\/v2\/product\/559\/revisions"}],"predecessor-version":[{"id":105120,"href":"https:\/\/www.myenergi.com\/pl\/wp-json\/wp\/v2\/product\/559\/revisions\/105120"}],"wp:featuredmedia":[{"embeddable":true,"href":"https:\/\/www.myenergi.com\/pl\/wp-json\/wp\/v2\/media\/560"}],"wp:attachment":[{"href":"https:\/\/www.myenergi.com\/pl\/wp-json\/wp\/v2\/media?parent=559"}],"wp:term":[{"taxonomy":"product_brand","embeddable":true,"href":"https:\/\/www.myenergi.com\/pl\/wp-json\/wp\/v2\/product_brand?post=559"},{"taxonomy":"product_cat","embeddable":true,"href":"https:\/\/www.myenergi.com\/pl\/wp-json\/wp\/v2\/product_cat?post=559"},{"taxonomy":"product_tag","embeddable":true,"href":"https:\/\/www.myenergi.com\/pl\/wp-json\/wp\/v2\/product_tag?post=559"}],"curies":[{"name":"wp","href":"https:\/\/api.w.org\/{rel}","templated":true}]}}