{"id":105060,"date":"2025-12-09T09:56:41","date_gmt":"2025-12-09T09:56:41","guid":{"rendered":"https:\/\/myenergi.laserred.dev\/pl\/product\/harvi\/"},"modified":"2026-03-02T10:22:45","modified_gmt":"2026-03-02T10:22:45","slug":"harvi","status":"publish","type":"product","link":"https:\/\/www.myenergi.com\/pl\/produkty\/harvi\/","title":{"rendered":"harvi"},"content":{"rendered":"","protected":false},"excerpt":{"rendered":"<p>Intuicyjne rozwi\u0105zanie, kt\u00f3re eliminuje potrzeb\u0119 stosowania przewodowych przek\u0142adnik\u00f3w pr\u0105dowych (CT), oferuj\u0105c prosty proces instalacji oraz umo\u017cliwiaj\u0105c monitorowanie zu\u017cycia energii w po\u0142\u0105czeniu z innymi produktami myenergi. Ze wzgl\u0119du na du\u017ce zainteresowanie urz\u0105dzeniem harvi, czas realizacji wszystkich zam\u00f3wie\u0144 wynosi obecnie jeden tydzie\u0144.<\/p>\n","protected":false},"featured_media":269,"comment_status":"open","ping_status":"closed","template":"","meta":{"_acf_changed":false,"footnotes":""},"product_brand":[],"product_cat":[18],"product_tag":[],"class_list":{"0":"post-105060","1":"product","2":"type-product","3":"status-publish","4":"has-post-thumbnail","6":"product_cat-uncategorised","8":"first","9":"instock","10":"shipping-taxable","11":"product-type-simple"},"acf":[],"_links":{"self":[{"href":"https:\/\/www.myenergi.com\/pl\/wp-json\/wp\/v2\/product\/105060","targetHints":{"allow":["GET"]}}],"collection":[{"href":"https:\/\/www.myenergi.com\/pl\/wp-json\/wp\/v2\/product"}],"about":[{"href":"https:\/\/www.myenergi.com\/pl\/wp-json\/wp\/v2\/types\/product"}],"replies":[{"embeddable":true,"href":"https:\/\/www.myenergi.com\/pl\/wp-json\/wp\/v2\/comments?post=105060"}],"version-history":[{"count":3,"href":"https:\/\/www.myenergi.com\/pl\/wp-json\/wp\/v2\/product\/105060\/revisions"}],"predecessor-version":[{"id":105123,"href":"https:\/\/www.myenergi.com\/pl\/wp-json\/wp\/v2\/product\/105060\/revisions\/105123"}],"wp:featuredmedia":[{"embeddable":true,"href":"https:\/\/www.myenergi.com\/pl\/wp-json\/wp\/v2\/media\/269"}],"wp:attachment":[{"href":"https:\/\/www.myenergi.com\/pl\/wp-json\/wp\/v2\/media?parent=105060"}],"wp:term":[{"taxonomy":"product_brand","embeddable":true,"href":"https:\/\/www.myenergi.com\/pl\/wp-json\/wp\/v2\/product_brand?post=105060"},{"taxonomy":"product_cat","embeddable":true,"href":"https:\/\/www.myenergi.com\/pl\/wp-json\/wp\/v2\/product_cat?post=105060"},{"taxonomy":"product_tag","embeddable":true,"href":"https:\/\/www.myenergi.com\/pl\/wp-json\/wp\/v2\/product_tag?post=105060"}],"curies":[{"name":"wp","href":"https:\/\/api.w.org\/{rel}","templated":true}]}}