{"id":586,"date":"2025-10-08T14:13:30","date_gmt":"2025-10-08T13:13:30","guid":{"rendered":"https:\/\/myenergi.laserred.dev\/template\/product\/zappi-ev-charger\/"},"modified":"2026-03-12T09:35:41","modified_gmt":"2026-03-12T09:35:41","slug":"zappi","status":"publish","type":"product","link":"https:\/\/www.myenergi.com\/fr\/produits\/zappi\/","title":{"rendered":"zappi"},"content":{"rendered":"","protected":false},"excerpt":{"rendered":"<p>zappi est une borne de recharge intelligente con\u00e7ue pour tirer le meilleur parti de votre \u00e9nergie. Elle vous permet de recharger votre v\u00e9hicule \u00e9lectrique \u00e0 partir du r\u00e9seau, de l\u2019\u00e9nergie solaire ou d\u2019autres sources renouvelables, tout en optimisant votre consommation. Simple \u00e0 utiliser et parfaitement int\u00e9gr\u00e9e \u00e0 l\u2019\u00e9cosyst\u00e8me myenergi, zappi vous aide \u00e0 recharger plus intelligemment \u00e0 la maison.<\/p>\n[button text=\"Inscrivez-vous pour en savoir plus\" link=\"#product-form\" type=\"primary\" colour=\"green\" target=\"_self\" show_arrow=\"false\" id=\"\" srtext=\"\"]\n","protected":false},"featured_media":105109,"comment_status":"open","ping_status":"closed","template":"","meta":{"_acf_changed":false,"footnotes":""},"product_brand":[],"product_cat":[18],"product_tag":[],"class_list":{"0":"post-586","1":"product","2":"type-product","3":"status-publish","4":"has-post-thumbnail","6":"product_cat-uncategorised","8":"first","9":"instock","10":"shipping-taxable","11":"product-type-simple"},"acf":[],"_links":{"self":[{"href":"https:\/\/www.myenergi.com\/fr\/wp-json\/wp\/v2\/product\/586","targetHints":{"allow":["GET"]}}],"collection":[{"href":"https:\/\/www.myenergi.com\/fr\/wp-json\/wp\/v2\/product"}],"about":[{"href":"https:\/\/www.myenergi.com\/fr\/wp-json\/wp\/v2\/types\/product"}],"replies":[{"embeddable":true,"href":"https:\/\/www.myenergi.com\/fr\/wp-json\/wp\/v2\/comments?post=586"}],"version-history":[{"count":11,"href":"https:\/\/www.myenergi.com\/fr\/wp-json\/wp\/v2\/product\/586\/revisions"}],"predecessor-version":[{"id":105160,"href":"https:\/\/www.myenergi.com\/fr\/wp-json\/wp\/v2\/product\/586\/revisions\/105160"}],"wp:featuredmedia":[{"embeddable":true,"href":"https:\/\/www.myenergi.com\/fr\/wp-json\/wp\/v2\/media\/105109"}],"wp:attachment":[{"href":"https:\/\/www.myenergi.com\/fr\/wp-json\/wp\/v2\/media?parent=586"}],"wp:term":[{"taxonomy":"product_brand","embeddable":true,"href":"https:\/\/www.myenergi.com\/fr\/wp-json\/wp\/v2\/product_brand?post=586"},{"taxonomy":"product_cat","embeddable":true,"href":"https:\/\/www.myenergi.com\/fr\/wp-json\/wp\/v2\/product_cat?post=586"},{"taxonomy":"product_tag","embeddable":true,"href":"https:\/\/www.myenergi.com\/fr\/wp-json\/wp\/v2\/product_tag?post=586"}],"curies":[{"name":"wp","href":"https:\/\/api.w.org\/{rel}","templated":true}]}}