{"id":579,"date":"2025-10-08T14:11:01","date_gmt":"2025-10-08T13:11:01","guid":{"rendered":"https:\/\/myenergi.laserred.dev\/template\/product\/eddi\/"},"modified":"2026-03-12T09:19:14","modified_gmt":"2026-03-12T09:19:14","slug":"eddi","status":"publish","type":"product","link":"https:\/\/www.myenergi.com\/fr\/produits\/eddi\/","title":{"rendered":"eddi"},"content":{"rendered":"","protected":false},"excerpt":{"rendered":"[heading seo=\"h2\" style=\"h4\" colour=\"\" alignment=\"left\" font=\"normal\" symbol=\"\" icon=\"none\"]Utilisez davantage de votre \u00e9nergie solaire \u00e0 la maison[\/heading]\n<p>eddi transforme automatiquement votre surplus d\u2019\u00e9nergie solaire en eau chaude : moins d\u2019\u00e9nergie inject\u00e9e sur le r\u00e9seau, plus de confort \u00e0 la maison.<\/p>\n[button text=\"\u00catre inform\u00e9 des nouveaut\u00e9s\" link=\"#product-form\" type=\"primary\" colour=\"green\" target=\"_self\" show_arrow=\"false\" id=\"\" srtext=\"\"]\n","protected":false},"featured_media":580,"comment_status":"open","ping_status":"closed","template":"","meta":{"_acf_changed":false,"footnotes":""},"product_brand":[],"product_cat":[18],"product_tag":[],"class_list":{"0":"post-579","1":"product","2":"type-product","3":"status-publish","4":"has-post-thumbnail","6":"product_cat-uncategorised","8":"first","9":"instock","10":"shipping-taxable","11":"product-type-simple"},"acf":[],"_links":{"self":[{"href":"https:\/\/www.myenergi.com\/fr\/wp-json\/wp\/v2\/product\/579","targetHints":{"allow":["GET"]}}],"collection":[{"href":"https:\/\/www.myenergi.com\/fr\/wp-json\/wp\/v2\/product"}],"about":[{"href":"https:\/\/www.myenergi.com\/fr\/wp-json\/wp\/v2\/types\/product"}],"replies":[{"embeddable":true,"href":"https:\/\/www.myenergi.com\/fr\/wp-json\/wp\/v2\/comments?post=579"}],"version-history":[{"count":9,"href":"https:\/\/www.myenergi.com\/fr\/wp-json\/wp\/v2\/product\/579\/revisions"}],"predecessor-version":[{"id":105156,"href":"https:\/\/www.myenergi.com\/fr\/wp-json\/wp\/v2\/product\/579\/revisions\/105156"}],"wp:featuredmedia":[{"embeddable":true,"href":"https:\/\/www.myenergi.com\/fr\/wp-json\/wp\/v2\/media\/580"}],"wp:attachment":[{"href":"https:\/\/www.myenergi.com\/fr\/wp-json\/wp\/v2\/media?parent=579"}],"wp:term":[{"taxonomy":"product_brand","embeddable":true,"href":"https:\/\/www.myenergi.com\/fr\/wp-json\/wp\/v2\/product_brand?post=579"},{"taxonomy":"product_cat","embeddable":true,"href":"https:\/\/www.myenergi.com\/fr\/wp-json\/wp\/v2\/product_cat?post=579"},{"taxonomy":"product_tag","embeddable":true,"href":"https:\/\/www.myenergi.com\/fr\/wp-json\/wp\/v2\/product_tag?post=579"}],"curies":[{"name":"wp","href":"https:\/\/api.w.org\/{rel}","templated":true}]}}