{"id":559,"date":"2025-10-08T14:02:59","date_gmt":"2025-10-08T13:02:59","guid":{"rendered":"https:\/\/myenergi.laserred.dev\/template\/product\/libbi-battery-storage\/"},"modified":"2026-03-12T09:40:41","modified_gmt":"2026-03-12T09:40:41","slug":"libbi","status":"publish","type":"product","link":"https:\/\/www.myenergi.com\/fr\/produits\/libbi\/","title":{"rendered":"libbi"},"content":{"rendered":"","protected":false},"excerpt":{"rendered":"<p>Con\u00e7u avec l\u2019efficacit\u00e9 au c\u0153ur de son fonctionnement, libbi ouvre de nouvelles possibilit\u00e9s pour la gestion de l\u2019\u00e9nergie \u00e0 la maison.<\/p>\n<p>Cette solution de batterie modulaire permet de stocker facilement et en toute s\u00e9curit\u00e9 le surplus d\u2019\u00e9nergie renouvelable ou l\u2019\u00e9lectricit\u00e9 du r\u00e9seau aux heures creuses, pour une \u00e9nergie \u00e9conomique et \u00e0 faible empreinte carbone, disponible \u00e0 tout moment.<\/p>\n[button text=\"Inscrivez-vous pour en savoir plus\" link=\"#product-form\" type=\"primary\" colour=\"green\" target=\"_self\" show_arrow=\"false\" id=\"\" srtext=\"\"]\n","protected":false},"featured_media":560,"comment_status":"open","ping_status":"closed","template":"","meta":{"_acf_changed":false,"footnotes":""},"product_brand":[],"product_cat":[18],"product_tag":[],"class_list":{"0":"post-559","1":"product","2":"type-product","3":"status-publish","4":"has-post-thumbnail","6":"product_cat-uncategorised","8":"first","9":"instock","10":"shipping-taxable","11":"product-type-simple"},"acf":[],"_links":{"self":[{"href":"https:\/\/www.myenergi.com\/fr\/wp-json\/wp\/v2\/product\/559","targetHints":{"allow":["GET"]}}],"collection":[{"href":"https:\/\/www.myenergi.com\/fr\/wp-json\/wp\/v2\/product"}],"about":[{"href":"https:\/\/www.myenergi.com\/fr\/wp-json\/wp\/v2\/types\/product"}],"replies":[{"embeddable":true,"href":"https:\/\/www.myenergi.com\/fr\/wp-json\/wp\/v2\/comments?post=559"}],"version-history":[{"count":9,"href":"https:\/\/www.myenergi.com\/fr\/wp-json\/wp\/v2\/product\/559\/revisions"}],"predecessor-version":[{"id":105170,"href":"https:\/\/www.myenergi.com\/fr\/wp-json\/wp\/v2\/product\/559\/revisions\/105170"}],"wp:featuredmedia":[{"embeddable":true,"href":"https:\/\/www.myenergi.com\/fr\/wp-json\/wp\/v2\/media\/560"}],"wp:attachment":[{"href":"https:\/\/www.myenergi.com\/fr\/wp-json\/wp\/v2\/media?parent=559"}],"wp:term":[{"taxonomy":"product_brand","embeddable":true,"href":"https:\/\/www.myenergi.com\/fr\/wp-json\/wp\/v2\/product_brand?post=559"},{"taxonomy":"product_cat","embeddable":true,"href":"https:\/\/www.myenergi.com\/fr\/wp-json\/wp\/v2\/product_cat?post=559"},{"taxonomy":"product_tag","embeddable":true,"href":"https:\/\/www.myenergi.com\/fr\/wp-json\/wp\/v2\/product_tag?post=559"}],"curies":[{"name":"wp","href":"https:\/\/api.w.org\/{rel}","templated":true}]}}