{"id":105017,"date":"2026-03-04T10:26:32","date_gmt":"2026-03-04T10:26:32","guid":{"rendered":"https:\/\/myenergi.laserred.dev\/fr\/product\/harvi\/"},"modified":"2026-03-12T09:36:29","modified_gmt":"2026-03-12T09:36:29","slug":"harvi","status":"publish","type":"product","link":"https:\/\/www.myenergi.com\/fr\/produits\/harvi\/","title":{"rendered":"harvi"},"content":{"rendered":"","protected":false},"excerpt":{"rendered":"<p>Une solution intuitive qui \u00e9limine le recourt aux pince amp\u00e8rem\u00e9trique filaires, offrant une installation et vous permettant de suivre votre consommation d\u2019\u00e9nergie lorsqu\u2019elle est utilis\u00e9e avec d\u2019autres produits myenergi.<\/p>\n[button text=\"\u00catre inform\u00e9 des nouveaut\u00e9s\" link=\"#product-form\" type=\"primary\" colour=\"green\" target=\"_self\" show_arrow=\"false\" id=\"\" srtext=\"\"]\n","protected":false},"featured_media":105070,"comment_status":"open","ping_status":"closed","template":"","meta":{"_acf_changed":false,"footnotes":""},"product_brand":[],"product_cat":[18],"product_tag":[],"class_list":{"0":"post-105017","1":"product","2":"type-product","3":"status-publish","4":"has-post-thumbnail","6":"product_cat-uncategorised","8":"first","9":"instock","10":"shipping-taxable","11":"product-type-simple"},"acf":[],"_links":{"self":[{"href":"https:\/\/www.myenergi.com\/fr\/wp-json\/wp\/v2\/product\/105017","targetHints":{"allow":["GET"]}}],"collection":[{"href":"https:\/\/www.myenergi.com\/fr\/wp-json\/wp\/v2\/product"}],"about":[{"href":"https:\/\/www.myenergi.com\/fr\/wp-json\/wp\/v2\/types\/product"}],"replies":[{"embeddable":true,"href":"https:\/\/www.myenergi.com\/fr\/wp-json\/wp\/v2\/comments?post=105017"}],"version-history":[{"count":9,"href":"https:\/\/www.myenergi.com\/fr\/wp-json\/wp\/v2\/product\/105017\/revisions"}],"predecessor-version":[{"id":105165,"href":"https:\/\/www.myenergi.com\/fr\/wp-json\/wp\/v2\/product\/105017\/revisions\/105165"}],"wp:featuredmedia":[{"embeddable":true,"href":"https:\/\/www.myenergi.com\/fr\/wp-json\/wp\/v2\/media\/105070"}],"wp:attachment":[{"href":"https:\/\/www.myenergi.com\/fr\/wp-json\/wp\/v2\/media?parent=105017"}],"wp:term":[{"taxonomy":"product_brand","embeddable":true,"href":"https:\/\/www.myenergi.com\/fr\/wp-json\/wp\/v2\/product_brand?post=105017"},{"taxonomy":"product_cat","embeddable":true,"href":"https:\/\/www.myenergi.com\/fr\/wp-json\/wp\/v2\/product_cat?post=105017"},{"taxonomy":"product_tag","embeddable":true,"href":"https:\/\/www.myenergi.com\/fr\/wp-json\/wp\/v2\/product_tag?post=105017"}],"curies":[{"name":"wp","href":"https:\/\/api.w.org\/{rel}","templated":true}]}}