{"id":106,"date":"2025-10-08T11:48:54","date_gmt":"2025-10-08T10:48:54","guid":{"rendered":"https:\/\/myenergi.laserred.dev\/template\/home\/"},"modified":"2026-03-17T15:07:30","modified_gmt":"2026-03-17T15:07:30","slug":"home","status":"publish","type":"page","link":"https:\/\/www.myenergi.com\/fr\/","title":{"rendered":"Home"},"content":{"rendered":"\n    <div id='block-page-hero-block-block_cd7507395cb40020092a7f989df22c1d'  class='flexi-block page-hero-block-block '>\n        <div class=\"pt-0 pb-0 \">\n\n            <div class='heroslider relative overflow-hidden no-swiper' data-active=\"1\">\n\n\t\t\t\t<div class=\"\">\n\n\t\t\t\t\t\n\t\t\t\t\t\t<div class=\"relative h-full !w-full flex min-h-screen max-h-[1000px] [@media(min-height:1000px)]:min-h-[1000px]  invert-color swiper-slide-active\" data-swiper-autoplay=\"7000\">\n\n\t\t\t\t\t\t\t<img decoding=\"async\" width=\"1920\" height=\"1000\" src=\"https:\/\/www.myenergi.com\/fr\/wp-content\/uploads\/sites\/11\/2026\/03\/eddi-header.jpg\" class=\"absolute top-0 left-0 object-cover w-full h-full hidden lg:block\" alt=\"\" loading=\"eager\" fetchpriority=\"high\" srcset=\"\" \/><img decoding=\"async\" width=\"800\" height=\"1024\" src=\"https:\/\/www.myenergi.com\/fr\/wp-content\/uploads\/sites\/11\/2026\/03\/eddi-mobile-1.jpg\" class=\"absolute top-0 left-0 object-cover w-full h-full block lg:hidden\" alt=\"\" loading=\"eager\" fetchpriority=\"high\" \/>\n\t\t\t\t\t\t\t\t<div class=\"container flex content-start relative z-10 mx-auto text-white py-30 lg:py-48 hero-padding:pt-40 main-content  my-auto items-center justify-start hero-alignment:items-start hero-alignment:justify-center hero-alignment:mt-12\">\n\n\t\t\t\t\t\t\t\t\t<div class=\"load-hidden block w-full max-w-[28rem] lg:max-w-[45rem] break-words first-mt-0 last-mb-0 hero-alignment:!text-center *:hero-alignment:!text-center *:hero-alignment:!mx-auto\">\n\t\t\t\t\t\t\t\t\t\t<h1 class=\"h2 !text-white text-left  \">Utilisez davantage votre<br \/>\u00e9nergie solaire \u00e0 la maison<\/h1>\n<p>eddi transforme automatiquement votre surplus solaire en eau chaude : moins d\u2019injection sur le r\u00e9seau, plus de confort.<\/p>\n<a href=\"https:\/\/www.myenergi.com\/fr\/produits\/eddi\/\" target=\"_self\" class=\"mt-3 mr-2 btn  !bg-green !border-green !text-greydark \">D\u00e9couvrir eddi <span class='sr-only'> Discover eddi <\/span><\/a>\n\t\t\t\t\t\t\t\t\t<\/div>\n\n\t\t\t\t\t\t\t\t<\/div>\n\n\t\t\t\t\t\t\t\n\t\t\t\t\t\t<\/div>\n\n\t\t\t\t\t\n\t\t\t\t<\/div>\n\n                \n\t\t\t\t    <div class=\"container absolute bottom-0 left-0 right-0 z-10 flex flex-row items-center w-full h-auto py-8 lg:py-[70px] mx-auto wide-container flex-nowrap controls-wrapper justify-center lg:justify-between invert-color\">\n\n                        \n                                <button class=\"bg-green rounded-full h-[50px] w-[50px] scroll-to hidden lg:block\" aria-label=\"Scroll down\">\n                                    <i class=\"text-black pointer-events-none icon-v2-arrow-down\"><\/i>\n                                <\/button>\n\n                            \n                    <\/div>\n                \t\t\t<\/div>\n\t\t<\/div>\n\t<\/div>\n\n\n\n<div id=\"block-fifty-fifty-img-txt-block_fe428fb8dd1bab526e632120ad103ff1\"  class=\"bg-greylight flexi-block fifty-fifty-img-txt-block  rounded-t-2.5xl lg:rounded-t-6xl\">\n\t<div class=\"container relative z-10 flex flex-wrap justify-center pb-0 mx-auto pt-8 pb-8 \">\n        <div class=\"flex flex-wrap w-full justify-center lg:justify-between items-center    \">\n\n            \n                <div class=\"w-full load-hidden image-wrapper lg:w-1\/2 md:max-w-[500px] lg:max-w-none  xl:pr-3.9\">\n                    <img decoding=\"async\" width=\"888\" height=\"874\" src=\"https:\/\/www.myenergi.com\/fr\/wp-content\/uploads\/sites\/11\/2026\/03\/myenergi-product-family-ev-charger-zappi-eddi-harvi-libbi.webp\" class=\"w-full rounded-2.5xl\" alt=\"\" style=\"opacity: 1\" loading=\"lazy\" srcset=\"https:\/\/www.myenergi.com\/fr\/wp-content\/uploads\/sites\/11\/2026\/03\/myenergi-product-family-ev-charger-zappi-eddi-harvi-libbi.webp 888w, https:\/\/www.myenergi.com\/fr\/wp-content\/uploads\/sites\/11\/2026\/03\/myenergi-product-family-ev-charger-zappi-eddi-harvi-libbi-300x295.webp 300w, https:\/\/www.myenergi.com\/fr\/wp-content\/uploads\/sites\/11\/2026\/03\/myenergi-product-family-ev-charger-zappi-eddi-harvi-libbi-768x756.webp 768w, https:\/\/www.myenergi.com\/fr\/wp-content\/uploads\/sites\/11\/2026\/03\/myenergi-product-family-ev-charger-zappi-eddi-harvi-libbi-600x591.webp 600w, https:\/\/www.myenergi.com\/fr\/wp-content\/uploads\/sites\/11\/2026\/03\/myenergi-product-family-ev-charger-zappi-eddi-harvi-libbi-250x246.webp 250w\" sizes=\"auto, (max-width: 888px) 100vw, 888px\" \/>                <\/div>\n\n            \n            \n                <div class=\"w-full self-center lg:w-1\/2 md:max-w-[500px] lg:max-w-none lg:pl-20 2xl:pl-45 pt-12 lg:pt-0 load-hidden content-wrapper\">\n                    <div class=\"w-full first-mt-0 last-mb-0 \">\n                        <h2 class=\"h3 !text-greydark text-left  \">Une seule plateforme. Une \u00e9nergie plus intelligente.<\/h2>\n<p>Des panneaux solaires \u00e0 la recharge de votre v\u00e9hicule \u00e9lectrique, en passant par le stockage d\u2019\u00e9nergie, les solutions myenergi fonctionnent ensemble pour vous aider \u00e0 tirer le meilleur parti de votre \u00e9nergie. Notre \u00e9cosyst\u00e8me connect\u00e9 vous permet d\u2019optimiser votre consommation, de r\u00e9duire vos factures et d\u2019augmenter votre autonomie \u00e9nerg\u00e9tique.<\/p>\n<p>Gr\u00e2ce \u00e0 l\u2019application myenergi, vous pouvez suivre, contr\u00f4ler et g\u00e9rer tous vos appareils depuis un seul endroit, pour une maison plus intelligente et plus durable.<\/p>\n<a href=\"https:\/\/www.myenergi.com\/fr\/application\" target=\"_self\" class=\"mt-3 mr-2 btn  !bg-green !border-green !text-greydark \">Voir l\u2019application myenergi <span class='sr-only'> Find a distributor <\/span><\/a>\n                    <\/div>\n                <\/div>\n\n                    <\/div>\n\t<\/div>\n<\/div>\n\n\n\n\n\n    <div id='block-keycontent-3-block_13f5fd7e89d38ca7c68f455580d35a28' class='flexi-block keycontent-3-block pt-8 pb-0 bg-white'>\n\n        <div class=\"container flex flex-wrap mx-auto wide-container max-w-8xl\">\n\n            \n                <div class=\"flex flex-wrap w-full lg:w-3\/5 xl:w-[64%] min-h-[600px] lg:min-h-[1000px] mb-5 px-8 py-12 md:px-11 lg:py-20 lg:px-20 lg:mb-0 rounded-2.5xl relative flex-col justify-end bg-greydark\">\n                    <img loading=\"lazy\" decoding=\"async\" width=\"1200\" height=\"1000\" src=\"https:\/\/www.myenergi.com\/fr\/wp-content\/uploads\/sites\/11\/2026\/03\/eddi-big.jpg\" class=\"h-full object-cover w-full rounded-2.5xl absolute left-0 bottom-0 top-0 right-0\" alt=\"\" style=\"opacity: 1\" srcset=\"https:\/\/www.myenergi.com\/fr\/wp-content\/uploads\/sites\/11\/2026\/03\/eddi-big.jpg 1200w, https:\/\/www.myenergi.com\/fr\/wp-content\/uploads\/sites\/11\/2026\/03\/eddi-big-300x250.jpg 300w, https:\/\/www.myenergi.com\/fr\/wp-content\/uploads\/sites\/11\/2026\/03\/eddi-big-1024x853.jpg 1024w, https:\/\/www.myenergi.com\/fr\/wp-content\/uploads\/sites\/11\/2026\/03\/eddi-big-768x640.jpg 768w, https:\/\/www.myenergi.com\/fr\/wp-content\/uploads\/sites\/11\/2026\/03\/eddi-big-600x500.jpg 600w, https:\/\/www.myenergi.com\/fr\/wp-content\/uploads\/sites\/11\/2026\/03\/eddi-big-250x208.jpg 250w\" sizes=\"auto, (max-width: 1200px) 100vw, 1200px\" \/>                        <div class=\"relative w-full md:w-3\/5 lg:w-full xl:w-4\/5 2xl:w-3\/5 children:text-white first-mt-0 last-mb-0 children:my-2.5\">\n                            <h2 class=\"h5 !text-white text-left  \">Chauffage solaire<\/h2>\n<p>Chauffez votre eau gr\u00e2ce<br \/>\n\u00e0 l\u2019\u00e9nergie solaire.<br \/>\n<strong>Disponible d\u00e8s maintenant.<\/strong><\/p>\n<a href=\"https:\/\/www.myenergi.com\/fr\/produits\/eddi\/\" target=\"_self\" class=\"mt-3 mr-2 btn  !bg-green !border-green !text-greydark \">D\u00e9couvrir eddi <span class='sr-only'> View our chargers <\/span><\/a>\n                        <\/div>\n                                    <\/div>\n            \n            \n                <div class=\"relative flex flex-wrap w-full lg:pl-8 lg:w-2\/5 xl:w-[36%]\">\n\n                    \n                        <div class=\"relative flex flex-col flex-wrap justify-end w-full p-8 md:px-11 md:py-10 min-h-[320px] md:min-h-[600px] lg:min-h-0 rounded-2.5xl bg-greydark mb-5 lg:mb-7.5\">\n                            <img loading=\"lazy\" decoding=\"async\" width=\"1155\" height=\"1000\" src=\"https:\/\/www.myenergi.com\/fr\/wp-content\/uploads\/sites\/11\/2026\/03\/EV-Charger-products-white-black-zappi2.1-1.jpg\" class=\"w-full h-full object-cover w-full rounded-2.5xl absolute  left-0 bottom-0 top-0 right-0\" alt=\"\" style=\"opacity: 1\" srcset=\"https:\/\/www.myenergi.com\/fr\/wp-content\/uploads\/sites\/11\/2026\/03\/EV-Charger-products-white-black-zappi2.1-1.jpg 1155w, https:\/\/www.myenergi.com\/fr\/wp-content\/uploads\/sites\/11\/2026\/03\/EV-Charger-products-white-black-zappi2.1-1-300x260.jpg 300w, https:\/\/www.myenergi.com\/fr\/wp-content\/uploads\/sites\/11\/2026\/03\/EV-Charger-products-white-black-zappi2.1-1-1024x887.jpg 1024w, https:\/\/www.myenergi.com\/fr\/wp-content\/uploads\/sites\/11\/2026\/03\/EV-Charger-products-white-black-zappi2.1-1-768x665.jpg 768w, https:\/\/www.myenergi.com\/fr\/wp-content\/uploads\/sites\/11\/2026\/03\/EV-Charger-products-white-black-zappi2.1-1-600x519.jpg 600w, https:\/\/www.myenergi.com\/fr\/wp-content\/uploads\/sites\/11\/2026\/03\/EV-Charger-products-white-black-zappi2.1-1-250x216.jpg 250w\" sizes=\"auto, (max-width: 1155px) 100vw, 1155px\" \/>                                <div class=\"relative w-full md:w-3\/5 lg:w-full 2xl:w-4\/5 children:text-white last-mb-0 first-mt-0 children:my-2.5\">\n                                    <h2 class=\"h5 !text-white text-left  \">Recharge de v\u00e9hicule \u00e9lectrique<\/h2>\n<p>D\u00e9couvrez zappi.<br \/>\nRecharge intelligente.<\/p>\n<a href=\"https:\/\/www.myenergi.com\/fr\/produits\/zappi\/\" target=\"_self\" class=\"mt-3 mr-2 btn  !bg-green !border-green !text-greydark \">D\u00e9couvrir zappi <span class='sr-only'> Find out more about zappi <\/span><\/a>\n                                <\/div>\n                                                    <\/div>\n                                        \n                        <div class=\"relative flex flex-col flex-wrap justify-end w-full p-8 md:px-11 md:py-10  min-h-[320px] md:min-h-[600px] lg:min-h-0 rounded-2.5xl bg-greydark\">\n\n                            <img loading=\"lazy\" decoding=\"async\" width=\"620\" height=\"500\" src=\"https:\/\/www.myenergi.com\/fr\/wp-content\/uploads\/sites\/11\/2026\/03\/harvi-small.jpg\" class=\"w-full h-full object-cover w-full rounded-2.5xl absolute left-0 bottom-0 top-0 right-0\" alt=\"\" style=\"opacity: 1\" srcset=\"https:\/\/www.myenergi.com\/fr\/wp-content\/uploads\/sites\/11\/2026\/03\/harvi-small.jpg 620w, https:\/\/www.myenergi.com\/fr\/wp-content\/uploads\/sites\/11\/2026\/03\/harvi-small-300x242.jpg 300w, https:\/\/www.myenergi.com\/fr\/wp-content\/uploads\/sites\/11\/2026\/03\/harvi-small-600x484.jpg 600w, https:\/\/www.myenergi.com\/fr\/wp-content\/uploads\/sites\/11\/2026\/03\/harvi-small-250x202.jpg 250w\" sizes=\"auto, (max-width: 620px) 100vw, 620px\" \/>                                <div class=\"relative w-full md:w-3\/5 lg:w-full 2xl:w-4\/5 children:text-white last-mb-0 first-mt-0  children:my-2.5\">\n                                    <h2 class=\"h5 !text-white text-left  \">Gagnez du temps<br \/>\net faites des \u00e9conomies.<\/h2>\n<p>Fini les c\u00e2bles<br \/>\n<span data-olk-copy-source=\"MessageBody\">encombrants <\/span>avec harvi<\/p>\n<a href=\"https:\/\/www.myenergi.com\/fr\/produits\/harvi\/\" target=\"_self\" class=\"mt-3 mr-2 btn  !bg-green !border-green !text-greydark \">D\u00e9couvrir harvi <span class='sr-only'> Find out more about libbi <\/span><\/a>\n                                <\/div>\n                                                    <\/div>\n                                    <\/div>\n                    <\/div>\n    <\/div>\n\n\n\n<div id='block-awards-block-block_a1235b24852abd4b74c75848ea7a84ac' data-align='' class='flexi-block awards-block-block pt-8 lg:pt-16 pb-8 lg:pb-16'>\n\t<div class=\"container mx-auto \">\n\t\t<div class=\"\">\n\t\t\t<div class=\"\">\n\t\t\t\t\t\t\t\t\t<div class=\"first-mt-0 \">\n\t\t\t\t\t\t<h2 class=\"h5  text-center  \">Nos partenaires<\/h2>\n\t\t\t\t\t<\/div>\n\n\t\t\t\t\n\t\t\t\t\n\t\t\t\t\t<div class=\"relative mt-8 px-14 md:px-18 lg:px-22 slider-container lg:mt-14\">\n\t\t\t\t\t\t<button class=\"absolute left-0 z-10 flex items-center justify-center -translate-y-1\/2 rounded-full top-1\/2 swiper-button-prev w-11 h-11 bg-greydark hover:bg-grey-35\" aria-label=\"Go to previous slide\">\n\t\t\t\t\t\t\t<i class=\"!text-white text-[7px] origin-center rotate-90 icon-angle-right\"><\/i>\n\t\t\t\t\t\t<\/button>\n\n\t\t\t\t\t\t<div class=\"swiper load-hidden\">\n\t\t\t\t\t\t\t<div class=\"flex items-center swiper-wrapper\">\n\t\t\t\t\t\t\t\t\n\t\t\t\t\t\t\t\t\t\t<div class=\"w-full swiper-slide\">\n\t\t\t\t\t\t\t\t\t\t\t\t\t\t\t\t\t\t\t\t\t\t\t<img loading=\"lazy\" decoding=\"async\" width=\"300\" height=\"167\" src=\"https:\/\/www.myenergi.com\/fr\/wp-content\/uploads\/sites\/11\/2025\/10\/Octopus-EV-300x167.jpg\" class=\"w-full h-full max-w-full object-contain grayscale hover:grayscale-0 min-h-[100px] max-h-[100px]\" alt=\"\" srcset=\"https:\/\/www.myenergi.com\/fr\/wp-content\/uploads\/sites\/11\/2025\/10\/Octopus-EV-300x167.jpg 300w, https:\/\/www.myenergi.com\/fr\/wp-content\/uploads\/sites\/11\/2025\/10\/Octopus-EV-250x139.jpg 250w, https:\/\/www.myenergi.com\/fr\/wp-content\/uploads\/sites\/11\/2025\/10\/Octopus-EV.jpg 360w\" sizes=\"auto, (max-width: 300px) 100vw, 300px\" \/>\t\t\t\t\t\t\t\t\t\t\t\t\t\t\t\t\t\t\t\t\t<\/div>\n\n\t\t\t\t\t\t\t\t\t\n\t\t\t\t\t\t\t\t\t\t<div class=\"w-full swiper-slide\">\n\t\t\t\t\t\t\t\t\t\t\t\t\t\t\t\t\t\t\t\t\t\t\t<img loading=\"lazy\" decoding=\"async\" width=\"300\" height=\"167\" src=\"https:\/\/www.myenergi.com\/fr\/wp-content\/uploads\/sites\/11\/2025\/10\/Cinch-300x167.png\" class=\"w-full h-full max-w-full object-contain grayscale hover:grayscale-0 min-h-[100px] max-h-[100px]\" alt=\"\" srcset=\"https:\/\/www.myenergi.com\/fr\/wp-content\/uploads\/sites\/11\/2025\/10\/Cinch-300x167.png 300w, https:\/\/www.myenergi.com\/fr\/wp-content\/uploads\/sites\/11\/2025\/10\/Cinch-250x139.png 250w, https:\/\/www.myenergi.com\/fr\/wp-content\/uploads\/sites\/11\/2025\/10\/Cinch.png 360w\" sizes=\"auto, (max-width: 300px) 100vw, 300px\" \/>\t\t\t\t\t\t\t\t\t\t\t\t\t\t\t\t\t\t\t\t\t<\/div>\n\n\t\t\t\t\t\t\t\t\t\n\t\t\t\t\t\t\t\t\t\t<div class=\"w-full swiper-slide\">\n\t\t\t\t\t\t\t\t\t\t\t\t\t\t\t\t\t\t\t\t\t\t\t<img loading=\"lazy\" decoding=\"async\" width=\"300\" height=\"167\" src=\"https:\/\/www.myenergi.com\/fr\/wp-content\/uploads\/sites\/11\/2025\/10\/Fleet-Logistics-300x167.png\" class=\"w-full h-full max-w-full object-contain grayscale hover:grayscale-0 min-h-[100px] max-h-[100px]\" alt=\"\" srcset=\"https:\/\/www.myenergi.com\/fr\/wp-content\/uploads\/sites\/11\/2025\/10\/Fleet-Logistics-300x167.png 300w, https:\/\/www.myenergi.com\/fr\/wp-content\/uploads\/sites\/11\/2025\/10\/Fleet-Logistics-250x139.png 250w, https:\/\/www.myenergi.com\/fr\/wp-content\/uploads\/sites\/11\/2025\/10\/Fleet-Logistics.png 360w\" sizes=\"auto, (max-width: 300px) 100vw, 300px\" \/>\t\t\t\t\t\t\t\t\t\t\t\t\t\t\t\t\t\t\t\t\t<\/div>\n\n\t\t\t\t\t\t\t\t\t\n\t\t\t\t\t\t\t\t\t\t<div class=\"w-full swiper-slide\">\n\t\t\t\t\t\t\t\t\t\t\t\t\t\t\t\t\t\t\t\t\t\t\t<img loading=\"lazy\" decoding=\"async\" width=\"300\" height=\"167\" src=\"https:\/\/www.myenergi.com\/fr\/wp-content\/uploads\/sites\/11\/2025\/10\/BumblebeeEV-300x167.jpg\" class=\"w-full h-full max-w-full object-contain grayscale hover:grayscale-0 min-h-[100px] max-h-[100px]\" alt=\"\" srcset=\"https:\/\/www.myenergi.com\/fr\/wp-content\/uploads\/sites\/11\/2025\/10\/BumblebeeEV-300x167.jpg 300w, https:\/\/www.myenergi.com\/fr\/wp-content\/uploads\/sites\/11\/2025\/10\/BumblebeeEV-250x139.jpg 250w, https:\/\/www.myenergi.com\/fr\/wp-content\/uploads\/sites\/11\/2025\/10\/BumblebeeEV.jpg 360w\" sizes=\"auto, (max-width: 300px) 100vw, 300px\" \/>\t\t\t\t\t\t\t\t\t\t\t\t\t\t\t\t\t\t\t\t\t<\/div>\n\n\t\t\t\t\t\t\t\t\t\n\t\t\t\t\t\t\t\t\t\t<div class=\"w-full swiper-slide\">\n\t\t\t\t\t\t\t\t\t\t\t\t\t\t\t\t\t\t\t\t\t\t\t<img loading=\"lazy\" decoding=\"async\" width=\"300\" height=\"167\" src=\"https:\/\/www.myenergi.com\/fr\/wp-content\/uploads\/sites\/11\/2025\/10\/Charged-EV-300x167.jpg\" class=\"w-full h-full max-w-full object-contain grayscale hover:grayscale-0 min-h-[100px] max-h-[100px]\" alt=\"\" srcset=\"https:\/\/www.myenergi.com\/fr\/wp-content\/uploads\/sites\/11\/2025\/10\/Charged-EV-300x167.jpg 300w, https:\/\/www.myenergi.com\/fr\/wp-content\/uploads\/sites\/11\/2025\/10\/Charged-EV-250x139.jpg 250w, https:\/\/www.myenergi.com\/fr\/wp-content\/uploads\/sites\/11\/2025\/10\/Charged-EV.jpg 360w\" sizes=\"auto, (max-width: 300px) 100vw, 300px\" \/>\t\t\t\t\t\t\t\t\t\t\t\t\t\t\t\t\t\t\t\t\t<\/div>\n\n\t\t\t\t\t\t\t\t\t\n\t\t\t\t\t\t\t\t\t\t<div class=\"w-full swiper-slide\">\n\t\t\t\t\t\t\t\t\t\t\t\t\t\t\t\t\t\t\t\t\t\t\t<img loading=\"lazy\" decoding=\"async\" width=\"300\" height=\"167\" src=\"https:\/\/www.myenergi.com\/fr\/wp-content\/uploads\/sites\/11\/2025\/10\/Cinch-300x167.jpg\" class=\"w-full h-full max-w-full object-contain grayscale hover:grayscale-0 min-h-[100px] max-h-[100px]\" alt=\"\" srcset=\"https:\/\/www.myenergi.com\/fr\/wp-content\/uploads\/sites\/11\/2025\/10\/Cinch-300x167.jpg 300w, https:\/\/www.myenergi.com\/fr\/wp-content\/uploads\/sites\/11\/2025\/10\/Cinch-250x139.jpg 250w, https:\/\/www.myenergi.com\/fr\/wp-content\/uploads\/sites\/11\/2025\/10\/Cinch.jpg 360w\" sizes=\"auto, (max-width: 300px) 100vw, 300px\" \/>\t\t\t\t\t\t\t\t\t\t\t\t\t\t\t\t\t\t\t\t\t<\/div>\n\n\t\t\t\t\t\t\t\t\t\t\t\t\t\t\t\t<\/div>\n\t\t\t\t\t\t<\/div>\n\n\t\t\t\t\t\t<button class=\"absolute right-0 z-10 flex items-center justify-center -translate-y-1\/2 rounded-full top-1\/2 swiper-button-next h-11 w-11 bg-greydark\" aria-label=\"Go to next slide\">\n\t\t\t\t\t\t\t<i class=\"!text-white text-[7px] icon-angle-right origin-center -rotate-90\"><\/i>\n\t\t\t\t\t\t<\/button>\n\t\t\t\t\t<\/div>\n\n\t\t\t\t\t\t\t<\/div>\n\t\t<\/div>\n\t<\/div>\n<\/div>\n\n\n\n\n    <div id='block-page-hero-block-block_4d34650c97c2e1d8713ef6b2ee17bdcc'  class='flexi-block page-hero-block-block '>\n        <div class=\"pt-0 pb-8 \">\n\n            <div class='heroslider relative overflow-hidden no-swiper' data-active=\"1\">\n\n\t\t\t\t<div class=\"\">\n\n\t\t\t\t\t\n\t\t\t\t\t\t<div class=\"relative h-full !w-full flex min-h-screen max-h-[850px] [@media(min-height:850px)]:min-h-[850px]  invert-color swiper-slide-active\" data-swiper-autoplay=\"7000\">\n\n\t\t\t\t\t\t\t<img decoding=\"async\" width=\"1920\" height=\"800\" src=\"https:\/\/www.myenergi.com\/fr\/wp-content\/uploads\/sites\/11\/2025\/10\/myenergi-app-home-1920x800.png\" class=\"absolute top-0 left-0 object-cover w-full h-full hidden lg:block\" alt=\"\" loading=\"eager\" fetchpriority=\"high\" srcset=\"\" \/><img decoding=\"async\" width=\"759\" height=\"1024\" src=\"https:\/\/www.myenergi.com\/fr\/wp-content\/uploads\/sites\/11\/2025\/10\/manage-power-app-myenergi-759x1024.png\" class=\"absolute top-0 left-0 object-cover w-full h-full block lg:hidden\" alt=\"\" loading=\"eager\" fetchpriority=\"high\" srcset=\"https:\/\/www.myenergi.com\/fr\/wp-content\/uploads\/sites\/11\/2025\/10\/manage-power-app-myenergi-759x1024.png 759w, https:\/\/www.myenergi.com\/fr\/wp-content\/uploads\/sites\/11\/2025\/10\/manage-power-app-myenergi-222x300.png 222w, https:\/\/www.myenergi.com\/fr\/wp-content\/uploads\/sites\/11\/2025\/10\/manage-power-app-myenergi-768x1037.png 768w, https:\/\/www.myenergi.com\/fr\/wp-content\/uploads\/sites\/11\/2025\/10\/manage-power-app-myenergi-185x250.png 185w, https:\/\/www.myenergi.com\/fr\/wp-content\/uploads\/sites\/11\/2025\/10\/manage-power-app-myenergi.png 800w\" sizes=\"(max-width: 759px) 100vw, 759px\" \/>\n\t\t\t\t\t\t\t\t<div class=\"container flex content-start relative z-10 mx-auto text-white py-30 lg:py-48 hero-padding:pt-40 main-content  my-auto items-center justify-start\">\n\n\t\t\t\t\t\t\t\t\t<div class=\"load-hidden block w-full max-w-[28rem] lg:max-w-[45rem] break-words first-mt-0 last-mb-0 \">\n\t\t\t\t\t\t\t\t\t\t<h2 class=\"h4 !text-white text-left  \">Gardez le contr\u00f4le. Suivez votre consommation d\u2019\u00e9nergie.<\/h2>\n<p class=\"paragraph !text-white text-left  \">Tous les appareils myenergi sont con\u00e7us pour fonctionner ensemble. Vous pouvez ainsi g\u00e9rer l\u2019ensemble de votre \u00e9cosyst\u00e8me depuis l\u2019application myenergi, ajuster vos r\u00e9glages, programmer vos appareils et optimiser votre consommation.<\/p>\n<a href=\"https:\/\/www.myenergi.com\/fr\/application\" target=\"_self\" class=\"mt-3 mr-2 btn  !bg-green !border-green !text-greydark \">Optimiser mon \u00e9nergie <span class='sr-only'> maximise your energy <\/span><\/a>\n\t\t\t\t\t\t\t\t\t<\/div>\n\n\t\t\t\t\t\t\t\t<\/div>\n\n\t\t\t\t\t\t\t\n\t\t\t\t\t\t<\/div>\n\n\t\t\t\t\t\n\t\t\t\t<\/div>\n\n                \n\t\t\t\t    <div class=\"container absolute bottom-0 left-0 right-0 z-10 flex flex-row items-center w-full h-auto py-8 lg:py-[70px] mx-auto wide-container flex-nowrap controls-wrapper justify-center lg:justify-end invert-color\">\n\n                        \n                    <\/div>\n                \t\t\t<\/div>\n\t\t<\/div>\n\t<\/div>\n\n\n\n<div id='block-featured-items-block-block_8ed478eb7406c416ce6df569d0398bf6' data-align='' class='featured-items-block-block pt-0 pb-8 lg:pb-16'>\n\t<div class=\"container w-auto pt-16 wide-container xl:mx-auto\">\n\t\t<div class=\"bg-grey-19 rounded-2.5xl px-11 md:px-14 pb-13 md:pb-17 pt-16 md:pt-18 xl:pt-32 xl:pb-36\">\n\n\t\t\t\t\t\t\t<div class=\"lg:max-w-[790px] sm:max-w-[438px] md:max-w-xl w-full mx-auto mb-8 text-center md:mb-6 xl:mb-15 first-mt-0 last-mb-0\">\n\t\t\t\t\t<h2 class=\"h4 !text-greydark text-center  \">Des avis clients de confiance<\/h2>\n<p>Promouvoir l\u2019ind\u00e9pendance \u00e9nerg\u00e9tique et construire un avenir plus durable repose non seulement sur nos technologies innovantes, mais aussi sur la confiance de nos clients, partenaires et installateurs.<\/p>\n\t\t\t\t<\/div>\n\t\t\t\n\t\t\t\t<div class=\"grid grid-cols-1 md:grid-cols-2 gap-11 md:gap-6 xl:gap-7.5 max-w-6xl mx-auto mt-4 md:mt-11 xl:mt-30 w-full\">\n\n\t\t\t\t\t\n\t\t\t\t\t\t<div class=\"children:!text-center text-center featured-item\">\n\n\t\t\t\t\t\t\t\t\t\t\t\t\t\t\t<div class=\"w-full image-wrapper\">\n\t\t\t\t\t\t\t\t\t<img loading=\"lazy\" decoding=\"async\" width=\"690\" height=\"700\" src=\"https:\/\/www.myenergi.com\/fr\/wp-content\/uploads\/sites\/11\/2025\/10\/StoryOne.png\" class=\"mb-10 rounded-2.5xl w-full h-full object-cover max-h-[381px] md:max-h-[356px] xl:max-h-[700px]\" alt=\"\" srcset=\"https:\/\/www.myenergi.com\/fr\/wp-content\/uploads\/sites\/11\/2025\/10\/StoryOne.png 690w, https:\/\/www.myenergi.com\/fr\/wp-content\/uploads\/sites\/11\/2025\/10\/StoryOne-296x300.png 296w, https:\/\/www.myenergi.com\/fr\/wp-content\/uploads\/sites\/11\/2025\/10\/StoryOne-246x250.png 246w\" sizes=\"auto, (max-width: 690px) 100vw, 690px\" \/>\t\t\t\t\t\t\t\t<\/div>\n\t\t\t\t\t\t\t\t\t\t\t\t\t\t\t<span class=\"first-mt-0 last-mb-0 !text-center children:!text-center\"><p class=\"h5 !text-greydark text-center  \">L\u2019histoire de Grant<\/p>\n<p>Une solution connect\u00e9e intelligente pour utiliser pleinement votre \u00e9nergie solaire.<\/p>\n<a href=\"https:\/\/youtu.be\/dR8vqDg0loA\" target=\"_self\" class=\"mt-3 mr-2 btn  !bg-green !border-green !text-greydark \" rel=\"noopener\">Voir comment nous l\u2019avons aid\u00e9 <span class='sr-only'> View Grant&rsquo;s case study <\/span><\/a>\n<\/span>\n\t\t\t\t\t\t\t\n\t\t\t\t\t\t<\/div>\n\n\t\t\t\t\t\t\n\t\t\t\t\t\t<div class=\"children:!text-center text-center featured-item\">\n\n\t\t\t\t\t\t\t\t\t\t\t\t\t\t\t<div class=\"w-full image-wrapper\">\n\t\t\t\t\t\t\t\t\t<img loading=\"lazy\" decoding=\"async\" width=\"690\" height=\"700\" src=\"https:\/\/www.myenergi.com\/fr\/wp-content\/uploads\/sites\/11\/2025\/10\/StoryTwo.png\" class=\"mb-10 rounded-2.5xl w-full h-full object-cover max-h-[381px] md:max-h-[356px] xl:max-h-[700px]\" alt=\"\" srcset=\"https:\/\/www.myenergi.com\/fr\/wp-content\/uploads\/sites\/11\/2025\/10\/StoryTwo.png 690w, https:\/\/www.myenergi.com\/fr\/wp-content\/uploads\/sites\/11\/2025\/10\/StoryTwo-296x300.png 296w, https:\/\/www.myenergi.com\/fr\/wp-content\/uploads\/sites\/11\/2025\/10\/StoryTwo-246x250.png 246w\" sizes=\"auto, (max-width: 690px) 100vw, 690px\" \/>\t\t\t\t\t\t\t\t<\/div>\n\t\t\t\t\t\t\t\t\t\t\t\t\t\t\t<span class=\"first-mt-0 last-mb-0 !text-center children:!text-center\"><p class=\"h5 !text-greydark text-center  \">L\u2019histoire de Dave<\/p>\n<p>Adopter la recharge intelligente de son v\u00e9hicule \u00e9lectrique \u00e0 domicile.<\/p>\n<a href=\"https:\/\/youtu.be\/GgvOqkn5tgM\" target=\"_self\" class=\"mt-3 mr-2 btn  !bg-green !border-green !text-greydark \" rel=\"noopener\">Voir comment nous l\u2019avons aid\u00e9 <span class='sr-only'> View Dave&rsquo;s case study <\/span><\/a>\n<\/span>\n\t\t\t\t\t\t\t\n\t\t\t\t\t\t<\/div>\n\n\t\t\t\t\t\t\n\t\t\t\t<\/div>\n\n\t\t\t\n\t\t<\/div>\n\t<\/div>\n<\/div>","protected":false},"excerpt":{"rendered":"","protected":false},"author":1,"featured_media":0,"parent":0,"menu_order":0,"comment_status":"open","ping_status":"open","template":"","meta":{"_acf_changed":false,"footnotes":""},"class_list":["post-106","page","type-page","status-publish","hentry"],"acf":[],"_links":{"self":[{"href":"https:\/\/www.myenergi.com\/fr\/wp-json\/wp\/v2\/pages\/106","targetHints":{"allow":["GET"]}}],"collection":[{"href":"https:\/\/www.myenergi.com\/fr\/wp-json\/wp\/v2\/pages"}],"about":[{"href":"https:\/\/www.myenergi.com\/fr\/wp-json\/wp\/v2\/types\/page"}],"author":[{"embeddable":true,"href":"https:\/\/www.myenergi.com\/fr\/wp-json\/wp\/v2\/users\/1"}],"replies":[{"embeddable":true,"href":"https:\/\/www.myenergi.com\/fr\/wp-json\/wp\/v2\/comments?post=106"}],"version-history":[{"count":10,"href":"https:\/\/www.myenergi.com\/fr\/wp-json\/wp\/v2\/pages\/106\/revisions"}],"predecessor-version":[{"id":105181,"href":"https:\/\/www.myenergi.com\/fr\/wp-json\/wp\/v2\/pages\/106\/revisions\/105181"}],"wp:attachment":[{"href":"https:\/\/www.myenergi.com\/fr\/wp-json\/wp\/v2\/media?parent=106"}],"curies":[{"name":"wp","href":"https:\/\/api.w.org\/{rel}","templated":true}]}}