{"id":54750,"date":"2024-10-29T08:34:40","date_gmt":"2024-10-29T07:34:40","guid":{"rendered":"https:\/\/www.myenergi.com\/de\/?page_id=54750"},"modified":"2026-03-30T16:53:58","modified_gmt":"2026-03-30T14:53:58","slug":"octopus-energy","status":"publish","type":"page","link":"https:\/\/www.myenergi.com\/de\/octopus-energy\/","title":{"rendered":"myenergi x Octopus Energy"},"content":{"rendered":"\n    <div id='block-page-hero-block-block_7e96106f8fc2f7270a34107ea9cdc300'  class='flexi-block page-hero-block-block '>\n        <div class=\"pt-0 pb-8 \">\n\n            <div class='heroslider relative overflow-hidden no-swiper' data-active=\"1\">\n\n\t\t\t\t<div class=\"\">\n\n\t\t\t\t\t\n\t\t\t\t\t\t<div class=\"relative h-full !w-full flex min-h-screen  invert-color swiper-slide-active\" data-swiper-autoplay=\"7000\">\n\n\t\t\t\t\t\t\t<img decoding=\"async\" width=\"1920\" height=\"800\" src=\"https:\/\/www.myenergi.com\/de\/wp-content\/uploads\/sites\/7\/2024\/10\/kooperation-ocotopus-myenergi-desktop-1920x800.jpg\" class=\"absolute top-0 left-0 object-cover w-full h-full hidden lg:block\" alt=\"Kooperation von myenergi und octopus energy im Bereich E-Mobilit\u00e4t\" loading=\"eager\" fetchpriority=\"high\" srcset=\"https:\/\/www.myenergi.com\/de\/wp-content\/uploads\/sites\/7\/2024\/10\/kooperation-ocotopus-myenergi-desktop-1920x800.jpg 1920w, https:\/\/www.myenergi.com\/de\/wp-content\/uploads\/sites\/7\/2024\/10\/kooperation-ocotopus-myenergi-desktop-300x125.jpg 300w, https:\/\/www.myenergi.com\/de\/wp-content\/uploads\/sites\/7\/2024\/10\/kooperation-ocotopus-myenergi-desktop-1024x427.jpg 1024w, https:\/\/www.myenergi.com\/de\/wp-content\/uploads\/sites\/7\/2024\/10\/kooperation-ocotopus-myenergi-desktop-768x320.jpg 768w, https:\/\/www.myenergi.com\/de\/wp-content\/uploads\/sites\/7\/2024\/10\/kooperation-ocotopus-myenergi-desktop-1536x640.jpg 1536w, https:\/\/www.myenergi.com\/de\/wp-content\/uploads\/sites\/7\/2024\/10\/kooperation-ocotopus-myenergi-desktop-2048x853.jpg 2048w, https:\/\/www.myenergi.com\/de\/wp-content\/uploads\/sites\/7\/2024\/10\/kooperation-ocotopus-myenergi-desktop-250x104.jpg 250w\" sizes=\"(max-width: 1920px) 100vw, 1920px\" \/><img decoding=\"async\" width=\"932\" height=\"900\" src=\"https:\/\/www.myenergi.com\/de\/wp-content\/uploads\/sites\/7\/2024\/10\/kooperation-ocotopus-myenergi-mobile.jpg\" class=\"absolute top-0 left-0 object-cover w-full h-full block lg:hidden\" alt=\"Kooperation von myenergi und octopus energy im Bereich E-Mobilit\u00e4t\" loading=\"eager\" fetchpriority=\"high\" srcset=\"https:\/\/www.myenergi.com\/de\/wp-content\/uploads\/sites\/7\/2024\/10\/kooperation-ocotopus-myenergi-mobile.jpg 932w, https:\/\/www.myenergi.com\/de\/wp-content\/uploads\/sites\/7\/2024\/10\/kooperation-ocotopus-myenergi-mobile-300x290.jpg 300w, https:\/\/www.myenergi.com\/de\/wp-content\/uploads\/sites\/7\/2024\/10\/kooperation-ocotopus-myenergi-mobile-768x742.jpg 768w, https:\/\/www.myenergi.com\/de\/wp-content\/uploads\/sites\/7\/2024\/10\/kooperation-ocotopus-myenergi-mobile-250x241.jpg 250w\" sizes=\"(max-width: 932px) 100vw, 932px\" \/>\n\t\t\t\t\t\t\t\t<div class=\"container flex content-start relative z-10 mx-auto text-white py-30 lg:py-48 hero-padding:pt-40 main-content  my-auto items-center justify-start\">\n\n\t\t\t\t\t\t\t\t\t<div class=\"load-hidden block w-full max-w-[28rem] lg:max-w-[45rem] break-words first-mt-0 last-mb-0 \">\n\t\t\t\t\t\t\t\t\t\t<p class=\"subtitle2 !text-white text-left  \">Mit myenergi &#038; Octopus Energy<\/p>\n<h1 class=\"h2 !text-white text-left  \">Smart laden, clever sparen<\/h1>\n<p class=\"paragraph  text-left  \">Stell dir vor, du k\u00f6nntest dein E-Auto immer dann laden, wenn der Strom am g\u00fcnstigsten ist. Mit der neuen Kooperation von myenergi und Octopus Energy wird genau das m\u00f6glich!<\/p>\n\t\t\t\t\t\t\t\t\t<\/div>\n\n\t\t\t\t\t\t\t\t<\/div>\n\n\t\t\t\t\t\t\t\n\t\t\t\t\t\t<\/div>\n\n\t\t\t\t\t\n\t\t\t\t<\/div>\n\n                \n\t\t\t\t    <div class=\"container absolute bottom-0 left-0 right-0 z-10 flex flex-row items-center w-full h-auto py-8 lg:py-[70px] mx-auto wide-container flex-nowrap controls-wrapper justify-center lg:justify-end invert-color\">\n\n                        \n                    <\/div>\n                \t\t\t<\/div>\n\t\t<\/div>\n\t<\/div>\n\n\n\n<div id='block-simple-content-block_8230946ffaf971db358e8b662b1ce506'  class='flexi-block simple-content-block pt-8 lg:pt-16 pb-8 '>\n\n    <div class=\"container mx-auto wide-container\">\n\n        <div class=\"content-inner bg-white rounded-2.5xl \">\n\n            <div class=\"mx-auto first-mt-0 last-mb-0 max-w-[90%] xl:max-w-[990px]  \">\n\n                <h2 class=\"h3  text-left  \">Flexible Ladel\u00f6sungen f\u00fcr dein E-Auto \u2013 nachhaltig und kosteneffizient<\/h2>\n<p class=\"paragraph  text-left  \">Unsere Partnerschaft mit Octopus Energy bietet E-Autobesitzern die ideale Kombination aus intelligenter Ladetechnologie und flexiblen Stromtarifen. Profitiere von nachhaltiger Mobilit\u00e4t und reduziere deine Stromkosten \u2013 ganz einfach und smart. Alles, was du jetzt daf\u00fcr brauchst, ist eine zappi\u00ae Wallbox und den Intelligent Octopus Tarif.<\/p>\n<p>Ganz gleich, ob du schon eine zappi\u00ae \u2013 ohne Octopus Energy Vertrag \u2013 besitzt oder bereits einen Octopus Energy Vertrag ohne zappi\u00ae hast, du profitierst. Wie?<\/p>\n<p><strong>Das erf\u00e4hrst du hier auf einen Blick:<\/strong><\/p>\n\n            <\/div>\n        <\/div>\n    <\/div>\n<\/div>\n\n\n<div id=\"block-fifty-fifty-img-txt-block_a1ccd191bac207c1e755a0b2f613b8e0\"  class=\"bg-white flexi-block fifty-fifty-img-txt-block  \">\n\t<div class=\"container relative z-10 flex flex-wrap justify-center pb-0 mx-auto pt-8 lg:pt-16 pb-8 lg:pb-16 \">\n        <div class=\"flex flex-wrap w-full justify-center lg:justify-between items-center    \">\n\n            \n                <div class=\"w-full load-hidden image-wrapper lg:w-1\/2 md:max-w-[500px] lg:max-w-none  xl:pr-3.9\">\n                    <img decoding=\"async\" width=\"1024\" height=\"576\" src=\"https:\/\/www.myenergi.com\/de\/wp-content\/uploads\/sites\/7\/2025\/03\/Wechselbonus-1024x576.png\" class=\"w-full rounded-2.5xl\" alt=\"\" style=\"opacity: 1\" loading=\"lazy\" srcset=\"https:\/\/www.myenergi.com\/de\/wp-content\/uploads\/sites\/7\/2025\/03\/Wechselbonus-1024x576.png 1024w, https:\/\/www.myenergi.com\/de\/wp-content\/uploads\/sites\/7\/2025\/03\/Wechselbonus-300x169.png 300w, https:\/\/www.myenergi.com\/de\/wp-content\/uploads\/sites\/7\/2025\/03\/Wechselbonus-768x432.png 768w, https:\/\/www.myenergi.com\/de\/wp-content\/uploads\/sites\/7\/2025\/03\/Wechselbonus-1536x864.png 1536w, https:\/\/www.myenergi.com\/de\/wp-content\/uploads\/sites\/7\/2025\/03\/Wechselbonus-2048x1152.png 2048w, https:\/\/www.myenergi.com\/de\/wp-content\/uploads\/sites\/7\/2025\/03\/Wechselbonus-250x141.png 250w\" sizes=\"auto, (max-width: 1024px) 100vw, 1024px\" \/>                <\/div>\n\n            \n            \n                <div class=\"w-full self-center lg:w-1\/2 md:max-w-[500px] lg:max-w-none lg:pl-20 2xl:pl-45 pt-12 lg:pt-0 load-hidden content-wrapper\">\n                    <div class=\"w-full first-mt-0 last-mb-0 \">\n                        <h2>Du hast bereits eine zappi\u00ae?<\/h2>\n<p>Dann sicher dir jetzt 100 \u20ac Wechselbonus mit dem Code <strong>&#8222;myenergi100&#8220;<\/strong> beim Abschluss eines Intelligent Octopus Tarifs!<\/p>\n<ul>\n<li><strong>Fester Arbeitspreis<\/strong>: kein Risiko, keine versteckten Kosten<\/li>\n<li><strong>Intelligente Steuerung<\/strong>: Octopus Energy optimiert deine Ladung bei vollem Komfort<\/li>\n<li><strong>Smart Conncet Bonus<\/strong>: Erhalte f\u00fcr jede smart geladene kWh einen Smart Connect Bonus i.H.v. 12 Cent<\/li>\n<\/ul>\n<p>Alle Details und deine pers\u00f6nliche Tarif\u00fcbersicht findest du hier \u2013 mit nur einem Klick!<\/p>\n<a href=\"https:\/\/octopusenergy.de\/intelligent-octopus-go?utm_medium=referral&#038;utm_source=myenergi&#038;utm_campaign=cooperation\" target=\"_self\" class=\"mt-3 mr-2 btn  !bg-green !border-green !text-greydark \" rel=\"noopener\">Zu Octopus Energy<\/a>\n                    <\/div>\n                <\/div>\n\n                    <\/div>\n\t<\/div>\n<\/div>\n\n\n\n\n\n    <div id='block-cta-block-block_3d7f00558e644123719e2b3a87262ffd'  class='flexi-block cta-block-block pt-8 lg:pt-16 pb-8 lg:pb-16'>\n        <div class=\"container flex flex-wrap mx-auto\">\n                            <div class=\"relative w-full lg:w-2\/6 py-10 pl-10 pr-13 md:p-14 xl:p-17 rounded-2.5xl mb-2.5 lg:mb-0 cta-content bg-greydark invert-text-color\">\n                                            <div class=\"z-10 flex flex-col flex-wrap items-start self-start w-full lg:max-w-xs first-mt-0\">\n                            <p style=\"text-align: left\"><h2 class=\"h5 !text-greydark text-left  \"><span id=\"kontakt\">Jetzt zappi\u00ae bestellen und Vorteile sichern:<\/span><\/h2><\/p>\n                        <\/div>\n                                                        <\/div>\n            \n                            <div class=\"w-full lg:w-2\/3 lg:pl-2.5\">\n                    <div class=\"px-12 text-white content-white bg-greydark rounded-2.5xl lg:px-22 2xl:px-30 py-13 first-mt-0\">\n\n                        \n\n                        <div class='fluentform ff-default fluentform_wrapper_26 ffs_default_wrap'><form data-form_id=\"26\" id=\"fluentform_26\" class=\"frm-fluent-form fluent_form_26 ff-el-form-top ff_form_instance_26_1 ff-form-loading ffs_default\" data-form_instance=\"ff_form_instance_26_1\" method=\"POST\" ><fieldset  style=\"border: none!important;margin: 0!important;padding: 0!important;background-color: transparent!important;box-shadow: none!important;outline: none!important; min-inline-size: 100%;\">\n                    <legend class=\"ff_screen_reader_title\" style=\"display: block; margin: 0!important;padding: 0!important;height: 0!important;text-indent: -999999px;width: 0!important;overflow:hidden;\">Octopus Energy<\/legend><input type='hidden' name='__fluent_form_embded_post_id' value='54750' \/><input type=\"hidden\" id=\"_fluentform_26_fluentformnonce\" name=\"_fluentform_26_fluentformnonce\" value=\"75b9136d85\" \/><input type=\"hidden\" name=\"_wp_http_referer\" value=\"\/de\/wp-json\/wp\/v2\/pages\/54750\" \/><div data-type=\"name-element\" data-name=\"names\" class=\" ff-field_container ff-name-field-wrapper\" ><div class='ff-t-container'><div class='ff-t-cell '><div class='ff-el-group'><div class=\"ff-el-input--label ff-el-is-required asterisk-right\"><label for='ff_26_names_first_name_' id='label_ff_26_names_first_name_' >Vorname<\/label><\/div><div class='ff-el-input--content'><input type=\"text\" name=\"names[first_name]\" id=\"ff_26_names_first_name_\" class=\"ff-el-form-control\" aria-invalid=\"false\" aria-required=true><\/div><\/div><\/div><div class='ff-t-cell '><div class='ff-el-group'><div class=\"ff-el-input--label ff-el-is-required asterisk-right\"><label for='ff_26_names_last_name_' id='label_ff_26_names_last_name_' >Nachname<\/label><\/div><div class='ff-el-input--content'><input type=\"text\" name=\"names[last_name]\" id=\"ff_26_names_last_name_\" class=\"ff-el-form-control\" aria-invalid=\"false\" aria-required=true><\/div><\/div><\/div><\/div><\/div><div class='ff-el-group'><div class=\"ff-el-input--label asterisk-right\"><label for='ff_26_input_text' id='label_ff_26_input_text' aria-label=\"Unternehmen (optional)\">Unternehmen (optional)<\/label><\/div><div class='ff-el-input--content'><input type=\"text\" name=\"input_text\" class=\"ff-el-form-control\" data-name=\"input_text\" id=\"ff_26_input_text\"  aria-invalid=\"false\" aria-required=false><\/div><\/div><div class='ff-el-group'><div class=\"ff-el-input--label ff-el-is-required asterisk-right\"><label for='ff_26_email' id='label_ff_26_email' aria-label=\"E-Mail\">E-Mail<\/label><\/div><div class='ff-el-input--content'><input type=\"email\" name=\"email\" id=\"ff_26_email\" class=\"ff-el-form-control\" data-name=\"email\"  aria-invalid=\"false\" aria-required=true><\/div><\/div><div class='ff-el-group'><div class=\"ff-el-input--label asterisk-right\"><label for='ff_26_message' id='label_ff_26_message' aria-label=\"Deine Nachricht (optional)\">Deine Nachricht (optional)<\/label><\/div><div class='ff-el-input--content'><textarea aria-required=\"false\" aria-labelledby=\"label_ff_26_message\" name=\"message\" id=\"ff_26_message\" class=\"ff-el-form-control\" rows=\"4\" cols=\"2\" data-name=\"message\" ><\/textarea><\/div><\/div><div class='ff-el-group  ff_list_inline'><div class='ff-el-input--content'><div class='ff-el-form-check ff-el-form-check-'><label class='ff-el-form-check-label' for='checkbox_1_7af3e56ce35327dae402064b83e3a6f6'><input  type=\"checkbox\" name=\"checkbox_1[]\" data-name=\"checkbox_1\" class=\"ff-el-form-check-input ff-el-form-check-checkbox\" value=\"Ich habe noch Fragen und w\u00fcrde gerne zur\u00fcckgerufen werden.\"  id='checkbox_1_7af3e56ce35327dae402064b83e3a6f6' aria-label='Ich habe noch Fragen und w\u00fcrde gerne zur\u00fcckgerufen werden.' aria-invalid='false' aria-required=false> <span>Ich habe noch Fragen und w\u00fcrde gerne zur\u00fcckgerufen werden.<\/span><\/label><\/div><\/div><\/div><div class='ff-el-group'><div class=\"ff-el-input--label asterisk-right\"><label for='ff_26_input_text_1' id='label_ff_26_input_text_1' aria-label=\"Telefonnummer (optional)\">Telefonnummer (optional)<\/label><\/div><div class='ff-el-input--content'><input type=\"text\" name=\"input_text_1\" class=\"ff-el-form-control\" data-name=\"input_text_1\" id=\"ff_26_input_text_1\"  aria-invalid=\"false\" aria-required=false><\/div><\/div><div class='ff-el-group'><div class=\"ff-el-input--label ff-el-is-required asterisk-right\"><label   aria-label=\"Datenschutz\">Datenschutz<\/label><\/div><div class='ff-el-input--content'><div class='ff-el-form-check ff-el-form-check-'><label class='ff-el-form-check-label' for='checkbox_2_2192508af8d51a76273cfddd2bbd0aaf'><input  type=\"checkbox\" name=\"checkbox_2[]\" data-name=\"checkbox_2\" class=\"ff-el-form-check-input ff-el-form-check-checkbox\" value=\"Ich stimme der Datenschutzerkl\u00e4rung zu\"  id='checkbox_2_2192508af8d51a76273cfddd2bbd0aaf' aria-label='Ich stimme der Datenschutzerkl\u00e4rung zu' aria-invalid='false' aria-required=true> <span>Ich stimme der Datenschutzerkl\u00e4rung zu<\/span><\/label><\/div><\/div><\/div><div class='ff-el-group  ff-custom_html' tabindex='-1' data-name=\"custom_html-26_1\" ><p style=\"color: white\">Hier findest du unsere <a href=\"https:\/\/www.myenergi.com\/de\/terms-and-conditions\/privacy-policy\/\">Datenschutzerkl\u00e4rung<\/a><\/p><\/div><div class='ff-el-group ff-text-left ff_submit_btn_wrapper'><button type=\"submit\" class=\"ff-btn ff-btn-submit ff-btn-md ff_btn_style\"  aria-label=\"Formular absenden\">Formular absenden<\/button><\/div><\/fieldset><\/form><div id='fluentform_26_errors' class='ff-errors-in-stack ff_form_instance_26_1 ff-form-loading_errors ff_form_instance_26_1_errors'><\/div><\/div>            <script type=\"text\/javascript\">\n                window.fluent_form_ff_form_instance_26_1 = {\"id\":\"26\",\"settings\":{\"layout\":{\"labelPlacement\":\"top\",\"helpMessagePlacement\":\"with_label\",\"errorMessagePlacement\":\"inline\"},\"restrictions\":{\"denyEmptySubmission\":{\"enabled\":false}}},\"form_instance\":\"ff_form_instance_26_1\",\"form_id_selector\":\"fluentform_26\",\"rules\":{\"names[first_name]\":{\"required\":{\"value\":true,\"message\":\"Dieses Feld ist erforderlich\",\"global\":true,\"global_message\":\"Dieses Feld ist erforderlich\"}},\"names[middle_name]\":{\"required\":{\"value\":false,\"message\":\"Dieses Feld ist erforderlich\",\"global\":true,\"global_message\":\"Dieses Feld ist erforderlich\"}},\"names[last_name]\":{\"required\":{\"value\":true,\"message\":\"Dieses Feld ist erforderlich\",\"global\":true,\"global_message\":\"Dieses Feld ist erforderlich\"}},\"input_text\":{\"required\":{\"value\":false,\"message\":\"Dieses Feld ist erforderlich\",\"global_message\":\"Dieses Feld ist erforderlich\",\"global\":true}},\"email\":{\"required\":{\"value\":true,\"message\":\"Dieses Feld ist erforderlich\",\"global\":true,\"global_message\":\"Dieses Feld ist erforderlich\"},\"email\":{\"value\":true,\"message\":\"Dieses Feld muss eine g\\u00fcltige E-Mail-Adresse enthalten\",\"global\":true,\"global_message\":\"Dieses Feld muss eine g\\u00fcltige E-Mail-Adresse enthalten\"}},\"message\":{\"required\":{\"value\":false,\"message\":\"Dieses Feld ist erforderlich\",\"global\":true,\"global_message\":\"Dieses Feld ist erforderlich\"}},\"checkbox_1\":{\"required\":{\"value\":false,\"message\":\"Dieses Feld ist erforderlich\",\"global_message\":\"Dieses Feld ist erforderlich\",\"global\":true}},\"input_text_1\":{\"required\":{\"value\":false,\"message\":\"Dieses Feld ist erforderlich\",\"global_message\":\"Dieses Feld ist erforderlich\",\"global\":true}},\"checkbox_2\":{\"required\":{\"value\":true,\"message\":\"Dieses Feld ist erforderlich\",\"global_message\":\"Dieses Feld ist erforderlich\",\"global\":true}}},\"debounce_time\":300};\n                            <\/script>\n            \n                    <\/div>\n                <\/div>\n                    <\/div>\n    <\/div>\n","protected":false},"excerpt":{"rendered":"","protected":false},"author":20553,"featured_media":0,"parent":0,"menu_order":0,"comment_status":"closed","ping_status":"closed","template":"","meta":{"_acf_changed":false,"footnotes":""},"class_list":["post-54750","page","type-page","status-publish","hentry"],"acf":[],"_links":{"self":[{"href":"https:\/\/www.myenergi.com\/de\/wp-json\/wp\/v2\/pages\/54750","targetHints":{"allow":["GET"]}}],"collection":[{"href":"https:\/\/www.myenergi.com\/de\/wp-json\/wp\/v2\/pages"}],"about":[{"href":"https:\/\/www.myenergi.com\/de\/wp-json\/wp\/v2\/types\/page"}],"author":[{"embeddable":true,"href":"https:\/\/www.myenergi.com\/de\/wp-json\/wp\/v2\/users\/20553"}],"replies":[{"embeddable":true,"href":"https:\/\/www.myenergi.com\/de\/wp-json\/wp\/v2\/comments?post=54750"}],"version-history":[{"count":10,"href":"https:\/\/www.myenergi.com\/de\/wp-json\/wp\/v2\/pages\/54750\/revisions"}],"predecessor-version":[{"id":55938,"href":"https:\/\/www.myenergi.com\/de\/wp-json\/wp\/v2\/pages\/54750\/revisions\/55938"}],"wp:attachment":[{"href":"https:\/\/www.myenergi.com\/de\/wp-json\/wp\/v2\/media?parent=54750"}],"curies":[{"name":"wp","href":"https:\/\/api.w.org\/{rel}","templated":true}]}}