{"id":54184,"date":"2024-06-21T09:57:38","date_gmt":"2024-06-21T08:57:38","guid":{"rendered":"https:\/\/www.myenergi.com\/de\/?page_id=54184"},"modified":"2025-10-01T12:38:12","modified_gmt":"2025-10-01T10:38:12","slug":"teilnahmebedingungen","status":"publish","type":"page","link":"https:\/\/www.myenergi.com\/de\/teilnahmebedingungen\/","title":{"rendered":"Teilnahmebedingungen"},"content":{"rendered":"\n<div id='block-simple-content-block_c3b8ceb4146e871155d4006ecb9472be'  class='flexi-block simple-content-block pt-8 lg:pt-16 pb-8 lg:pb-16 '>\n\n    <div class=\"container mx-auto wide-container\">\n\n        <div class=\"content-inner bg-white rounded-2.5xl \">\n\n            <div class=\"mx-auto first-mt-0 last-mb-0 max-w-[90%] xl:max-w-[990px]  \">\n\n                <h1 class=\"h2  text-left  \">Teilnahmebedingungen Meta Gewinnspiel<\/h1>\n<p class=\"paragraph  text-left  \">Der Veranstalter des Gewinnspiels ist die <strong>myenergi GmbH<\/strong>. Das Gewinnspiel richtet sich nach diesen Teilnahmebedingungen.<\/p>\n<h2 class=\"h4  text-left  \">Gewinn<\/h2>\n<p class=\"paragraph  text-left  \">Es werden unter allen Teilnehmenden auf Instagram insgesamt ein Gewinn an ein\/-e Gewinner\/-in verlost. Der Gewinn ist ein myenergi eddi+ Leistungsverteiler.<\/p>\n<h2 class=\"h4  text-left  \">Teilnahme<\/h2>\n<p class=\"paragraph  text-left  \">Die Teilnahme an dem Gewinnspiel ist kostenlos sowie die Annahme der Teilnahmebedingungen. Teilnahmeberechtigt sind alle Personen ab 18 Jahren mit Wohnsitz in Deutschland.<\/p>\n<p data-pm-slice=\"1 1 []\">F\u00fcr die Teilnahme ist der Teilnehmende verpflichtet dem Instagram Profil von myenergi_deutschland zu folgen und muss Follower bei der Ermittlung des Gewinners sein. Des Weiteren muss der Teilnehmende den Gewinnspiel-Beitrag auf Instagram liken und kommentieren.<\/p>\n<h2 class=\"h4  text-left  \">Gewinn-Erteilung\/Teilnahmefrist<\/h2>\n<p class=\"paragraph  text-left  \">Teilgenommen werden kann vom 08.08.24 bis 22.08.24 23:59 Uhr. Die Ermittlung des Gewinners erfolgt nach Teilnahmeschluss am 23.08.24 im Rahmen einer auf dem Zufallsprinzip beruhenden Verlosung aller Teilnehmenden. Der\/die Gewinner\/-in wird zeitnah im Anschluss \u00fcber Instagram schriftlich kontaktiert. Der\/die Gewinner\/-in ist verpflichtet die Nachricht innerhalb von 48 Stunden zu best\u00e4tigen und die ben\u00f6tigten Personenangaben zu \u00fcbermitteln. F\u00fcr die Richtigkeit der angegebenen Daten zur Teilnahme am Gewinnspiel ist ausschlie\u00dflich der Teilnehmende verantwortlich. S\u00e4mtliche Personenangaben m\u00fcssen der Wahrheit entsprechen. Andernfalls kann ein Ausschluss vom Gewinnspiel nach erfolgen.<\/p>\n<h2 class=\"h4  text-left  \">Ausschluss<\/h2>\n<p class=\"paragraph  text-left  \">Personen k\u00f6nnen von der Teilnahme ausgeschlossen werden, wenn Grund zur Annahme besteht, dass der Teilnehmende gegen die Teilnahmebedingungen verst\u00f6\u00dft, unlauter handelt oder falsche Angaben im Zusammenhang mit der Teilnahme am Gewinnspiel macht. <\/p>\n<h2 class=\"h4  text-left  \">Datenschutz<\/h2>\n<p class=\"paragraph  text-left  \">Die erhobenen und verarbeiteten Daten werden zum Zwecke der Abwicklung des Gewinnspiels verwendet. Die myenergi GmbH hat die Firma Digital Masters, Sch\u00fctzenstra\u00dfe 5, 22761 Hamburg, mit der Abwicklung der Gewinnspiele beauftragt, welche die Teilnahme am Gewinnspiel angegebenen Daten zum Zweck der Durchf\u00fchrung erheben, speichern und nutzen muss. Die Bestimmungen des Datenschutzgesetzes werden beachtet. Mehr zum Thema Datenschutz finden Sie unter <a href=\"https:\/\/www.myenergi.com\/de\/allgemeine-geschaeftsbedingungen\/datenschutzhinweise\/\">https:\/\/www.myenergi.com\/de\/allgemeine-geschaeftsbedingungen\/datenschutzhinweise\/<\/a><\/p>\n<p>Es steht dem Teilnehmenden frei, zu jederzeit die Teilnahme am Gewinnspiel mittels einer E-Mail an <a href=\"mailto:gewinnspielmyenergi@digital-masters.de\">gewinnspielmyenergi@digital-masters.de<\/a> zu widerrufen und somit die L\u00f6schung seiner Registrierungsdaten zu bewirken.<\/p>\n<h2 class=\"h4  text-left  \">Beendigung des Gewinnspiels<\/h2>\n<p class=\"paragraph  text-left  \">myenergi beh\u00e4lt sich ausdr\u00fccklich vor, das Gewinnspiel zu jedem Zeitpunkt ohne vorherige Ank\u00fcndigung und ohne Mitteilung von Gr\u00fcnden zu beenden. Von dieser M\u00f6glichkeit macht myenergi Gebrauch, wenn aus technischen Gr\u00fcnden oder aus rechtlichen Gr\u00fcnden eine ordnungsgem\u00e4\u00dfe Durchf\u00fchrung des Gewinnspiels nicht gew\u00e4hrleistet werden kann.<\/p>\n<h2 class=\"h4  text-left  \">Rechtsweg und Haftung<\/h2>\n<p class=\"paragraph  text-left  \">Das Gewinnspiel unterliegt ausschlie\u00dflich dem Recht der Bundesrepublik Deutschland. Die Inanspruchnahme des Gewinns erfolgt auf eigenes Risiko. Barauszahlung, Umtausch, Umbuchung, \u00dcbertragung der Gewinne und der Rechtsweg sind ausgeschlossen. Das Gewinnspiel steht in keinem Zusammenhang mit Instagram.<\/p>\n<p>myenergi, ihre gesetzlichen Vertreter und Erf\u00fcllungsgehilfen haften nur f\u00fcr Sch\u00e4den, die auf einer vors\u00e4tzlichen oder grob fahrl\u00e4ssigen Verletzung der Vertragspflichten beruhen. Die gilt nicht f\u00fcr Sch\u00e4den, die auf der Verletzung wesentlicher Vertragspflichten (Kardinalpflichten) beruhen. Bei fahrl\u00e4ssig verursachten Sach- und Verm\u00f6genssch\u00e4den ist eine Haftung nur bei der Verletzung einer wesentlichen Vertragspflicht, jedoch der H\u00f6he nach beschr\u00e4nkt auf die bei Vertragsschluss vorhersehbaren und vertragstypischen Sch\u00e4den gegeben. Die vorgenannten Haftungsbeschr\u00e4nkungen gelten nicht f\u00fcr Schadensersatzanspr\u00fcche des Teilnehmers aus einer Verletzung von Leben, K\u00f6rper und Gesundheit.<\/p>\n\n            <\/div>\n        <\/div>\n    <\/div>\n<\/div>","protected":false},"excerpt":{"rendered":"","protected":false},"author":20553,"featured_media":0,"parent":0,"menu_order":0,"comment_status":"closed","ping_status":"closed","template":"","meta":{"_acf_changed":false,"footnotes":""},"class_list":["post-54184","page","type-page","status-publish","hentry"],"acf":[],"_links":{"self":[{"href":"https:\/\/www.myenergi.com\/de\/wp-json\/wp\/v2\/pages\/54184","targetHints":{"allow":["GET"]}}],"collection":[{"href":"https:\/\/www.myenergi.com\/de\/wp-json\/wp\/v2\/pages"}],"about":[{"href":"https:\/\/www.myenergi.com\/de\/wp-json\/wp\/v2\/types\/page"}],"author":[{"embeddable":true,"href":"https:\/\/www.myenergi.com\/de\/wp-json\/wp\/v2\/users\/20553"}],"replies":[{"embeddable":true,"href":"https:\/\/www.myenergi.com\/de\/wp-json\/wp\/v2\/comments?post=54184"}],"version-history":[{"count":9,"href":"https:\/\/www.myenergi.com\/de\/wp-json\/wp\/v2\/pages\/54184\/revisions"}],"predecessor-version":[{"id":55560,"href":"https:\/\/www.myenergi.com\/de\/wp-json\/wp\/v2\/pages\/54184\/revisions\/55560"}],"wp:attachment":[{"href":"https:\/\/www.myenergi.com\/de\/wp-json\/wp\/v2\/media?parent=54184"}],"curies":[{"name":"wp","href":"https:\/\/api.w.org\/{rel}","templated":true}]}}