{"id":53162,"date":"2024-06-18T21:03:26","date_gmt":"2024-06-18T20:03:26","guid":{"rendered":"https:\/\/www.myenergi.com\/de\/?page_id=53162"},"modified":"2024-06-19T15:28:42","modified_gmt":"2024-06-19T14:28:42","slug":"app","status":"publish","type":"page","link":"https:\/\/www.myenergi.com\/de\/app\/","title":{"rendered":"App"},"content":{"rendered":"\n    <div id='block-page-hero-block-block_3bef18f2e3d9755211131f8d8c7bde92'  class='flexi-block page-hero-block-block '>\n        <div class=\"pt-0 pb-8 lg:pb-16 \">\n\n            <div class='heroslider relative overflow-hidden no-swiper' data-active=\"1\">\n\n\t\t\t\t<div class=\"\">\n\n\t\t\t\t\t\n\t\t\t\t\t\t<div class=\"relative h-full !w-full flex min-h-screen  invert-color swiper-slide-active\" data-swiper-autoplay=\"7000\">\n\n\t\t\t\t\t\t\t<img decoding=\"async\" width=\"1920\" height=\"800\" src=\"https:\/\/www.myenergi.com\/de\/wp-content\/uploads\/sites\/7\/2024\/06\/myenergi-app-1-1920x800.jpg\" class=\"absolute top-0 left-0 object-cover w-full h-full hidden lg:block\" alt=\"Zwei H\u00e4nde bedienen die myenergi App auf dem Smartphone\" loading=\"eager\" fetchpriority=\"high\" srcset=\"\" \/><img decoding=\"async\" width=\"1024\" height=\"800\" src=\"https:\/\/www.myenergi.com\/de\/wp-content\/uploads\/sites\/7\/2024\/06\/myenergi-app-mobile-1024x800.jpg\" class=\"absolute top-0 left-0 object-cover w-full h-full block lg:hidden\" alt=\"Zwei H\u00e4nde bedienen die myenergi App auf dem Smartphone\" loading=\"eager\" fetchpriority=\"high\" srcset=\"https:\/\/www.myenergi.com\/de\/wp-content\/uploads\/sites\/7\/2024\/06\/myenergi-app-mobile-1024x800.jpg 1024w, https:\/\/www.myenergi.com\/de\/wp-content\/uploads\/sites\/7\/2024\/06\/myenergi-app-mobile-300x234.jpg 300w, https:\/\/www.myenergi.com\/de\/wp-content\/uploads\/sites\/7\/2024\/06\/myenergi-app-mobile-768x600.jpg 768w, https:\/\/www.myenergi.com\/de\/wp-content\/uploads\/sites\/7\/2024\/06\/myenergi-app-mobile-1536x1200.jpg 1536w, https:\/\/www.myenergi.com\/de\/wp-content\/uploads\/sites\/7\/2024\/06\/myenergi-app-mobile-600x469.jpg 600w, https:\/\/www.myenergi.com\/de\/wp-content\/uploads\/sites\/7\/2024\/06\/myenergi-app-mobile-250x195.jpg 250w, https:\/\/www.myenergi.com\/de\/wp-content\/uploads\/sites\/7\/2024\/06\/myenergi-app-mobile.jpg 2048w\" sizes=\"(max-width: 1024px) 100vw, 1024px\" \/>\n\t\t\t\t\t\t\t\t<div class=\"container flex content-start relative z-10 mx-auto text-white py-30 lg:py-48 hero-padding:pt-40 main-content  my-auto items-center justify-start\">\n\n\t\t\t\t\t\t\t\t\t<div class=\"load-hidden block w-full max-w-[28rem] lg:max-w-[45rem] break-words first-mt-0 last-mb-0 \">\n\t\t\t\t\t\t\t\t\t\t<p class=\"subtitle2  text-left  \"><span class=\"TextRun SCXW55121904 BCX0\" lang=\"DE-DE\" xml:lang=\"DE-DE\" data-contrast=\"auto\"><span class=\"NormalTextRun SCXW55121904 BCX0\">KOSTEN <\/span><span class=\"NormalTextRun SCXW55121904 BCX0\">UND<\/span><span class=\"NormalTextRun SCXW55121904 BCX0\"> VERBRAUCH IM BLICK<\/span><\/span><\/p>\n<h1 class=\"h2 !text-white text-left  \"><span class=\"TextRun MacChromeBold SCXW82834606 BCX0\" lang=\"DE-DE\" xml:lang=\"DE-DE\" data-contrast=\"auto\"><span class=\"NormalTextRun SCXW82834606 BCX0\">Volle Kontrolle \u2013 mit der <\/span><span class=\"NormalTextRun SpellingErrorV2Themed SCXW82834606 BCX0\">myenergie<\/span><span class=\"NormalTextRun SCXW82834606 BCX0\"> App<\/span><\/span><\/h1>\n<p class=\"paragraph !text-white text-left  \"><span class=\"TextRun SCXW17515779 BCX0\" lang=\"DE-DE\" xml:lang=\"DE-DE\" data-contrast=\"auto\"><span class=\"NormalTextRun SCXW17515779 BCX0\">Kurz mal den eigenen Stromverbrauch checken oder optimieren? Mit der App von <\/span><span class=\"NormalTextRun SpellingErrorV2Themed SCXW17515779 BCX0\">myenergi<\/span><span class=\"NormalTextRun SCXW17515779 BCX0\"> hast du dein praktisches Dashboard immer dabei.<\/span><\/span><\/p>\n\t\t\t\t\t\t\t\t\t<\/div>\n\n\t\t\t\t\t\t\t\t<\/div>\n\n\t\t\t\t\t\t\t\n\t\t\t\t\t\t<\/div>\n\n\t\t\t\t\t\n\t\t\t\t<\/div>\n\n                \t\t\t<\/div>\n\t\t<\/div>\n\t<\/div>\n\n\n\n<div id=\"block-fifty-fifty-img-txt-block_a0bc55aec53bd709df4b5fc53afeb593\"  class=\"bg-white flexi-block fifty-fifty-img-txt-block  \">\n\t<div class=\"container relative z-10 flex flex-wrap justify-center pb-0 mx-auto pt-8 lg:pt-16 pb-8 lg:pb-16 \">\n        <div class=\"flex flex-wrap w-full justify-center lg:justify-between items-center    \">\n\n            \n                <div class=\"w-full load-hidden image-wrapper lg:w-1\/2 md:max-w-[500px] lg:max-w-none  xl:pr-3.9\">\n                    <img decoding=\"async\" width=\"690\" height=\"690\" src=\"https:\/\/www.myenergi.com\/de\/wp-content\/uploads\/sites\/7\/2022\/09\/myenergi-app-zappi.jpg\" class=\"w-full rounded-2.5xl\" alt=\"\" style=\"opacity: 1\" loading=\"lazy\" srcset=\"https:\/\/www.myenergi.com\/de\/wp-content\/uploads\/sites\/7\/2022\/09\/myenergi-app-zappi.jpg 690w, https:\/\/www.myenergi.com\/de\/wp-content\/uploads\/sites\/7\/2022\/09\/myenergi-app-zappi-300x300.jpg 300w, https:\/\/www.myenergi.com\/de\/wp-content\/uploads\/sites\/7\/2022\/09\/myenergi-app-zappi-150x150.jpg 150w, https:\/\/www.myenergi.com\/de\/wp-content\/uploads\/sites\/7\/2022\/09\/myenergi-app-zappi-330x330.jpg 330w, https:\/\/www.myenergi.com\/de\/wp-content\/uploads\/sites\/7\/2022\/09\/myenergi-app-zappi-600x600.jpg 600w, https:\/\/www.myenergi.com\/de\/wp-content\/uploads\/sites\/7\/2022\/09\/myenergi-app-zappi-250x250.jpg 250w\" sizes=\"auto, (max-width: 690px) 100vw, 690px\" \/>                <\/div>\n\n            \n            \n                <div class=\"w-full self-center lg:w-1\/2 md:max-w-[500px] lg:max-w-none lg:pl-20 2xl:pl-45 pt-12 lg:pt-0 load-hidden content-wrapper\">\n                    <div class=\"w-full first-mt-0 last-mb-0 \">\n                        <h2 class=\"h5  text-left  \"><span class=\"TextRun MacChromeBold SCXW17515779 BCX0\" lang=\"DE-DE\" xml:lang=\"DE-DE\" data-contrast=\"auto\"><span class=\"NormalTextRun SCXW17515779 BCX0\">Deine smarte Schaltzentrale<\/span><\/span><\/h2>\n<p class=\"paragraph  text-left  \"><span class=\"NormalTextRun SCXW168728168 BCX0\">\u00dcberwache den kompletten Energiefluss in deinem Zuhause, reguliere spontan deinen Stromverbrauch oder sieh nach, ob dein Auto geladen ist. Einfach downloaden und sofort in Kombination mit <\/span><span class=\"NormalTextRun SCXW168728168 BCX0\">allen<\/span> <span class=\"NormalTextRun SCXW168728168 BCX0\">Produkten <\/span><span class=\"NormalTextRun SCXW168728168 BCX0\">von <\/span><span class=\"NormalTextRun SpellingErrorV2Themed SCXW168728168 BCX0\">myenergi<\/span><span class=\"NormalTextRun SCXW168728168 BCX0\"> nutzen<\/span><span class=\"NormalTextRun SCXW168728168 BCX0\">.<\/span><\/p>\n                    <\/div>\n                <\/div>\n\n                    <\/div>\n\t<\/div>\n<\/div>\n\n\n\n\n\n    <div id='block-de-text-text-block_21533be7ef0c5e5a32863caf0db72fdf'  class='flexi-block de-text-text-block pt-8 lg:pt-16 pb-0'>\n\n        <div class=\"text-text-module bg-grey-24\">\n            <div class=\"container py-12 lg:py-20 mx-auto\">\n                <p class=\"subtitle2 text-grey-40 \">\n                                    <\/p>\n                <div class=\"grid grid-cols-1 gap-8 md:grid-cols-2 children:my-0 children:text-grey-40 \">\n                    <div class=\"!my-0 xl:mr-16 1xl:mr-24 children:my-0 children:text-grey-40 \">\n                        <h2 class=\"h4 darkgrey text-left  \"><span class=\"NormalTextRun SCXW138052734 BCX0\">Zahlreiche Funktionen <\/span><span class=\"NormalTextRun SCXW138052734 BCX0\">und<\/span><span class=\"NormalTextRun SCXW138052734 BCX0\"> smartes Handling<\/span><\/h2>\n                    <\/div> <!-- ToDo:  Textcolor changeable -->\n                                            <p class=\"paragraph  text-left  \"><span class=\"TextRun SCXW214457315 BCX0\" lang=\"DE-DE\" xml:lang=\"DE-DE\" data-contrast=\"auto\"><span class=\"NormalTextRun SCXW214457315 BCX0\">Mit unserer App hast du die volle Kontrolle \u00fcber unsere Ger\u00e4te direkt auf deinem Smartphone<\/span><span class=\"NormalTextRun SCXW214457315 BCX0\">: <\/span><span class=\"NormalTextRun SCXW214457315 BCX0\">Verfolge deinen Stromverbrauch in Echtzeit, passe ihn einfach bei Bedarf an und optimiere so deinen Verbrauch. <\/span><span class=\"NormalTextRun SCXW214457315 BCX0\">Unsere App<\/span><span class=\"NormalTextRun SCXW214457315 BCX0\"> zeigt dir immer den aktuellen Stromertrag deiner <\/span><span class=\"NormalTextRun SCXW214457315 BCX0\">Photovoltaik-Anlage<\/span><span class=\"NormalTextRun SCXW214457315 BCX0\">, den Ladestatus deines Elektro<\/span><span class=\"NormalTextRun SCXW214457315 BCX0\">autos <\/span><span class=\"NormalTextRun SCXW214457315 BCX0\">und deinen aktuellen Netzverbrauch<\/span><span class=\"NormalTextRun SCXW214457315 BCX0\"> an<\/span><span class=\"NormalTextRun SCXW214457315 BCX0\"> \u2013 ganz wie du magst. Selbstverst\u00e4ndlich kannst du dir auch den Verbrauch aus der Vergangenheit in der Historie einsehen. <\/span><span class=\"NormalTextRun SCXW214457315 BCX0\">Erfahre von welchen <\/span><span class=\"NormalTextRun SCXW214457315 BCX0\">weiteren Funktionen du profitierst<\/span><span class=\"NormalTextRun SCXW214457315 BCX0\">.<\/span><\/span><\/p>\n <!-- ToDo:  Textcolor changeable -->\n                                    <\/div>\n            <\/div>\n        <\/div>\n\n    <\/div>\n\n\n\n\n<div id='block-full-width-video-block_a713bc11472c708dbe01ecd6eb10f01f' data-align='' class='relative flexi-block full-width-video-block pt-0 pb-0'>\n\t<div class=\"container mx-auto wide-container relative z-10 w-full\">\n\t\n\t\t<div class=\"w-full\">\n\t\t\t<div class=\"relative w-full bg-black aspect-video video rounded-2.5xl\">\n\n                <img loading=\"lazy\" decoding=\"async\" width=\"1600\" height=\"901\" src=\"https:\/\/www.myenergi.com\/de\/wp-content\/uploads\/sites\/7\/2024\/06\/app-video.png\" class=\"w-full md:object-cover aspect-video rounded-2.5xl\" alt=\"myenergi Logo\" style=\"opacity: 1\" srcset=\"https:\/\/www.myenergi.com\/de\/wp-content\/uploads\/sites\/7\/2024\/06\/app-video.png 1600w, https:\/\/www.myenergi.com\/de\/wp-content\/uploads\/sites\/7\/2024\/06\/app-video-300x169.png 300w, https:\/\/www.myenergi.com\/de\/wp-content\/uploads\/sites\/7\/2024\/06\/app-video-1024x577.png 1024w, https:\/\/www.myenergi.com\/de\/wp-content\/uploads\/sites\/7\/2024\/06\/app-video-768x432.png 768w, https:\/\/www.myenergi.com\/de\/wp-content\/uploads\/sites\/7\/2024\/06\/app-video-1536x865.png 1536w, https:\/\/www.myenergi.com\/de\/wp-content\/uploads\/sites\/7\/2024\/06\/app-video-600x338.png 600w, https:\/\/www.myenergi.com\/de\/wp-content\/uploads\/sites\/7\/2024\/06\/app-video-250x141.png 250w\" sizes=\"auto, (max-width: 1600px) 100vw, 1600px\" \/>\n                <button aria-label=\"open modal to play video\" class=\"absolute w-full h-full transition-colors duration-300 ease-in-out transform -translate-x-1\/2 -translate-y-1\/2 shadow-md aspect-video hover:bg-opacity-90 video-thumbnail-toggle top-1\/2 left-1\/2 group hover:cursor-pointer\"\n                        data-modal=\"block-full-width-video-block_a713bc11472c708dbe01ecd6eb10f01f-modal\" data-video=\"&lt;iframe title=&quot;myenergi app - Take Control&quot; width=&quot;640&quot; height=&quot;360&quot; src=&quot;https:\/\/www.youtube.com\/embed\/Ao3upcPm8nE?feature=oembed&quot; frameborder=&quot;0&quot; allow=&quot;accelerometer; autoplay; clipboard-write; encrypted-media; gyroscope; picture-in-picture; web-share&quot; referrerpolicy=&quot;strict-origin-when-cross-origin&quot; allowfullscreen&gt;&lt;\/iframe&gt;\"\n                        data-content=''>\n                            <img decoding=\"async\" loading=\"lazy\" src=\"https:\/\/www.myenergi.com\/de\/wp-content\/themes\/myenergi-multisite\/graphics\/play.svg\" alt=\"Play\" width=\"100\" height=\"64\" class=\"group-hover:hidden pointer-events-none play-icon max-w-[44px] lg:max-w-20 m-auto\">\n                            <img decoding=\"async\" loading=\"lazy\" src=\"https:\/\/www.myenergi.com\/de\/wp-content\/themes\/myenergi-multisite\/graphics\/play-hover.svg\" alt=\"\" width=\"100\" height=\"64\" class=\"hidden group-hover:block pointer-events-none play-icon max-w-[44px] lg:max-w-20 m-auto\">\n                <\/button>\n\t\t\t<\/div>\n\t\t<\/div>\n\n\t\t<\/div>\n<\/div>\n\n\n\n    <div id='block-de-usps-block_b37b95851277bfd0fcc810d7d31a112d'  class='flexi-block de-usps-block pt-8 lg:pt-16 pb-8 lg:pb-16'>\n\n        <!-- ToDo: 2-4 usps changeable -->\n        <div class=\"usp-module bg-grey-19\">\n            <div class=\"container py-12 lg:py-20 mx-auto\">\n                <div class=\"flex flex-wrap justify-center\">\n\n                                            <div class=\"w-full py-4 sm:px-3 lg:px-4 sm:w-1\/2 lg:w-1\/4\">\n                            <div class=\"flex items-center\">\n                                                   \n    \n\n                                <div class=\"children:my-0 \">\n                                    <p>Einfaches Managen<\/p>\n                                <\/div>\n                            <\/div>\n                            <div class=\"mt-4 mb-0 children:my-0 \">\n                                <p class=\"paragraph  text-left  \"><span class=\"TextRun SCXW214457315 BCX0\" lang=\"DE-DE\" xml:lang=\"DE-DE\" data-contrast=\"auto\"><span class=\"NormalTextRun SCXW214457315 BCX0\">Effizientes Energiemanagement leicht gemacht: Verwalte deine Energieverbr\u00e4uche spielend mit <\/span><span class=\"NormalTextRun SpellingErrorV2Themed SpellingErrorHighlight SCXW214457315 BCX0\">Timer<\/span><span class=\"NormalTextRun SCXW214457315 BCX0\">-Einstellungen und aktiviere Boost-Funktionen, um deine Energienutzung optimal anzupassen.<\/span><\/span><\/p>\n                            <\/div>\n                        <\/div>\n                                            <div class=\"w-full py-4 sm:px-3 lg:px-4 sm:w-1\/2 lg:w-1\/4\">\n                            <div class=\"flex items-center\">\n                                                   \n    \n\n                                <div class=\"children:my-0 \">\n                                    <p>Smartes Optimieren<\/p>\n                                <\/div>\n                            <\/div>\n                            <div class=\"mt-4 mb-0 children:my-0 \">\n                                <p class=\"paragraph  text-left  \"><span class=\"NormalTextRun SCXW214457315 BCX0\">Maximiere deine Energieeffizienz mit intelligenten <\/span><span class=\"NormalTextRun SCXW214457315 BCX0\">Priorisierungen<\/span><span class=\"NormalTextRun SCXW214457315 BCX0\">: Nutze die M\u00f6glichkeit, Solarstrom <\/span><span class=\"NormalTextRun SCXW214457315 BCX0\">und<\/span><span class=\"NormalTextRun SCXW214457315 BCX0\"> Netzstrom nach deinem Bedarf zu regeln, um so deinen Stromverbrauch zu optimieren und dabei Geld zu sparen.<\/span><\/p>\n                            <\/div>\n                        <\/div>\n                                            <div class=\"w-full py-4 sm:px-3 lg:px-4 sm:w-1\/2 lg:w-1\/4\">\n                            <div class=\"flex items-center\">\n                                                   \n    \n\n                                <div class=\"children:my-0 \">\n                                    <p>Simples \u00dcberwachen<\/p>\n                                <\/div>\n                            <\/div>\n                            <div class=\"mt-4 mb-0 children:my-0 \">\n                                <p class=\"paragraph  text-left  \"><span class=\"TextRun SCXW224079892 BCX0\" lang=\"DE-DE\" xml:lang=\"DE-DE\" data-contrast=\"auto\"><span class=\"NormalTextRun SCXW224079892 BCX0\">Behalte den vollen \u00dcberblick: \u00dcberwache den gesamten Energiefluss in deinem Zuhause und behalte stets im Auge, wie viel Strom deine PV-Anlage produziert oder wie weit dein Elektrofahrzeug geladen ist.<\/span><\/span><\/p>\n                            <\/div>\n                        <\/div>\n                    \n                <\/div>\n            <\/div>\n        <\/div>\n\n    <\/div>\n\n\n\n\n<div id=\"block-fifty-fifty-img-txt-block_653b769ccd160c4fd9badbecdb734112\"  class=\"bg-white flexi-block fifty-fifty-img-txt-block  \">\n\t<div class=\"container relative z-10 flex flex-wrap justify-center pb-0 mx-auto pt-12 md:pt-20 lg:pt-32 pb-12 md:pb-20 lg:pb-32 \">\n        <div class=\"flex flex-wrap w-full justify-center lg:justify-between items-center    lg:flex-row-reverse\">\n\n            \n                <div class=\"w-full load-hidden image-wrapper lg:w-1\/2 md:max-w-[500px] lg:max-w-none  xl:pl-3.9\">\n                    <img decoding=\"async\" width=\"855\" height=\"1024\" src=\"https:\/\/www.myenergi.com\/de\/wp-content\/uploads\/sites\/7\/2024\/01\/app-usage-2-855x1024.jpg\" class=\"w-full rounded-2.5xl\" alt=\"\" style=\"opacity: 1\" loading=\"lazy\" srcset=\"https:\/\/www.myenergi.com\/de\/wp-content\/uploads\/sites\/7\/2024\/01\/app-usage-2-855x1024.jpg 855w, https:\/\/www.myenergi.com\/de\/wp-content\/uploads\/sites\/7\/2024\/01\/app-usage-2-251x300.jpg 251w, https:\/\/www.myenergi.com\/de\/wp-content\/uploads\/sites\/7\/2024\/01\/app-usage-2-768x919.jpg 768w, https:\/\/www.myenergi.com\/de\/wp-content\/uploads\/sites\/7\/2024\/01\/app-usage-2-1283x1536.jpg 1283w, https:\/\/www.myenergi.com\/de\/wp-content\/uploads\/sites\/7\/2024\/01\/app-usage-2-600x718.jpg 600w, https:\/\/www.myenergi.com\/de\/wp-content\/uploads\/sites\/7\/2024\/01\/app-usage-2-209x250.jpg 209w, https:\/\/www.myenergi.com\/de\/wp-content\/uploads\/sites\/7\/2024\/01\/app-usage-2.jpg 1308w\" sizes=\"auto, (max-width: 855px) 100vw, 855px\" \/>                <\/div>\n\n            \n            \n                <div class=\"w-full self-center lg:w-1\/2 md:max-w-[500px] lg:max-w-none lg:pr-20 2xl:pr-45 pt-12 lg:pb-0 load-hidden content-wrapper\">\n                    <div class=\"w-full first-mt-0 last-mb-0 \">\n                        <h4 class=\"h4  text-left  \"><span class=\"TextRun MacChromeBold SCXW53488461 BCX0\" lang=\"DE-DE\" xml:lang=\"DE-DE\" data-contrast=\"auto\"><span class=\"NormalTextRun SCXW53488461 BCX0\">Downloaden, <\/span><span class=\"NormalTextRun SCXW53488461 BCX0\">e<\/span><span class=\"NormalTextRun SCXW53488461 BCX0\">inrichten <\/span><span class=\"NormalTextRun SCXW53488461 BCX0\">und<\/span><span class=\"NormalTextRun SCXW53488461 BCX0\"> los geht\u2019s<\/span><\/span>\u00a0<\/h4>\n<p class=\"paragraph  text-left  \"><span class=\"TextRun SCXW157411897 BCX0\" lang=\"DE-DE\" xml:lang=\"DE-DE\" data-contrast=\"auto\"><span class=\"NormalTextRun SCXW157411897 BCX0\">Die Nutzung der <\/span><span class=\"NormalTextRun SpellingErrorV2Themed SCXW157411897 BCX0\">myenergi<\/span><span class=\"NormalTextRun SCXW157411897 BCX0\"> App ist unglaublich einfach: Lade die App herunter, stelle die Verbindung her und innerhalb weniger Minuten kannst du deinen gesamten Energieverbrauch einsehen und steuern. Ganz gleich, ob du zu Hause oder unterwegs bist \u2013\u202fdu hast stets die volle Kontrolle \u00fcber deine Energiefl\u00fcsse und kannst durch Optimierung noch eine Menge sparen.<\/span> <span class=\"NormalTextRun SCXW157411897 BCX0\">Lade dir jetzt die <\/span><span class=\"NormalTextRun SpellingErrorV2Themed SCXW157411897 BCX0\">myenergie<\/span><span class=\"NormalTextRun SCXW157411897 BCX0\"> App kostenf<\/span><span class=\"NormalTextRun SCXW157411897 BCX0\">rei herunter.<\/span><\/span><\/p>\n<p><a href=\"https:\/\/play.google.com\/store\/apps\/details?id=com.myenergi&#038;hl=en_GB&#038;gl=US\" target=\"_blank\" rel=\"noopener\"><img loading=\"lazy\" decoding=\"async\" class=\"alignleft wp-image-34592\" src=\"https:\/\/myenergi.com\/wp-content\/uploads\/2022\/05\/play-store.png\" alt=\"\" width=\"183\" height=\"54\" \/><\/a> <a href=\"https:\/\/apps.apple.com\/gb\/app\/myenergi\/id1441944813\" target=\"_blank\" rel=\"noopener\"><img loading=\"lazy\" decoding=\"async\" class=\"alignleft wp-image-34593\" src=\"https:\/\/myenergi.com\/wp-content\/uploads\/2022\/05\/app-store.png\" alt=\"\" width=\"157\" height=\"54\" \/><\/a><\/p>\n                    <\/div>\n                <\/div>\n\n                    <\/div>\n\t<\/div>\n<\/div>\n\n\n\n\n\n<div id='block-content-accordion-block_32a470601fd35c8218b1558ebd167863'  class='flexi-block content-accordion-block pt-8 lg:pt-16 pb-8 lg:pb-16 bg-white'>\n\t<div class=\"container flex flex-wrap mx-auto\">\n\t\t\t\t\t<div class=\"w-full pb-11 xl:w-2\/5 2xl:w-1\/3 xl:pr-12 2xl:pr-24 xl:pb-0 first-mt-0 last-mb-0\">\n\t\t\t\t<h2 class=\"h5  text-left  \">FAQ<\/h2>\n<p class=\"paragraph  text-left  \">In diesem Abschnitt findest du alle Antworten auf h\u00e4ufig gestellte Fragen zu unserer App. Wenn deine Frage nicht mit dabei sein sollte, nutze einfach unser Kontaktformular. Unsere Experten haben gewiss eine Antwort auf deine Frage. <\/p>\n\t\t\t<\/div>\n\t\t\t\t<div class=\"w-full xl:w-3\/5 2xl:w-2\/3\">\n\t\t\t\n\t\t\t\t<div class=\"faq bg-grey-20 rounded-2.5xl mb-3 xl:ml-2.5 accent-greydark\">\n\t\t\t\t\t\n\t\t\t\t\t\t<!--Title-->\n\t\t\t\t\t\t<button role=\"button\" class=\"relative py-[23px] pr-7.5 pl-10 flex items-center justify-between w-full text-left no-underline appearance-none faq-title\" aria-expanded=\"false\" aria-controls=\"block_32a470601fd35c8218b1558ebd167863-answer-1\">\n\t\t\t\t\t\t\t<span class=\"h6 !my-0 !text-2.5xl !leading-normal w-9\/12 xs:w-8\/12 lg:!w-11\/12 pointer-events-none\">\n                                Was bringt mir die myenergi App?                            <\/span>\n\t\t\t\t\t\t\t<i class=\"transition duration-300 text-greydark rotate-45 text-[27px] rounded-full pointer-events-none icon-cross\"><\/i>\n\t\t\t\t\t\t<\/button>\n\n\t\t\t\t\t\t<!-- Content -->\n\t\t\t\t\t\t<div class=\"pl-10 overflow-hidden sm:pl-15 pb-6 lg:pb-7.5 faq-answer\" id=\"block_32a470601fd35c8218b1558ebd167863-answer-1\">\n\t\t\t\t\t\t\t<div class=\"w-full text-lg faq-content first-mt-0 last-mb-0 px-7.5 sm:px-10 border-l-2 border-greydark\">\n\t\t\t\t\t\t\t\t<p class=\"paragraph  text-left  \">Mit unserer App hast du die volle Kontrolle \u00fcber deine Energieverbr\u00e4uche. Verfolge deinen aktuellen Stromverbrauch in Echtzeit oder nutze Timer-Einstellungen sowie Boost-Funktionen. Zudem kannst du mit der App den gesamten Energiefluss in deinem Haushalt \u00fcberwachen und optimieren. <\/p>\n\t\t\t\t\t\t\t<\/div>\n\t\t\t\t\t\t<\/div>\n\n\t\t\t\t\t\n\t\t\t\t<\/div>\n\t\t\t\n\t\t\t\t<div class=\"faq bg-grey-20 rounded-2.5xl mb-3 xl:ml-2.5 accent-greydark\">\n\t\t\t\t\t\n\t\t\t\t\t\t<!--Title-->\n\t\t\t\t\t\t<button role=\"button\" class=\"relative py-[23px] pr-7.5 pl-10 flex items-center justify-between w-full text-left no-underline appearance-none faq-title\" aria-expanded=\"false\" aria-controls=\"block_32a470601fd35c8218b1558ebd167863-answer-2\">\n\t\t\t\t\t\t\t<span class=\"h6 !my-0 !text-2.5xl !leading-normal w-9\/12 xs:w-8\/12 lg:!w-11\/12 pointer-events-none\">\n                                Funktioniert die App mit allen myenergi Ger\u00e4ten?                             <\/span>\n\t\t\t\t\t\t\t<i class=\"transition duration-300 text-greydark rotate-45 text-[27px] rounded-full pointer-events-none icon-cross\"><\/i>\n\t\t\t\t\t\t<\/button>\n\n\t\t\t\t\t\t<!-- Content -->\n\t\t\t\t\t\t<div class=\"pl-10 overflow-hidden sm:pl-15 pb-6 lg:pb-7.5 faq-answer\" id=\"block_32a470601fd35c8218b1558ebd167863-answer-2\">\n\t\t\t\t\t\t\t<div class=\"w-full text-lg faq-content first-mt-0 last-mb-0 px-7.5 sm:px-10 border-l-2 border-greydark\">\n\t\t\t\t\t\t\t\t<p class=\"paragraph  text-left  \"><span data-contrast=\"auto\">Ja, die App verbindet sich \u00fcber das Internet mit allen Ger\u00e4ten von myenergi. Einfach herunterladen, die Ger\u00e4te mit der App verbinden und sofort loslegen.<\/span><\/p>\n\t\t\t\t\t\t\t<\/div>\n\t\t\t\t\t\t<\/div>\n\n\t\t\t\t\t\n\t\t\t\t<\/div>\n\t\t\t\n\t\t\t\t<div class=\"faq bg-grey-20 rounded-2.5xl mb-3 xl:ml-2.5 accent-greydark\">\n\t\t\t\t\t\n\t\t\t\t\t\t<!--Title-->\n\t\t\t\t\t\t<button role=\"button\" class=\"relative py-[23px] pr-7.5 pl-10 flex items-center justify-between w-full text-left no-underline appearance-none faq-title\" aria-expanded=\"false\" aria-controls=\"block_32a470601fd35c8218b1558ebd167863-answer-3\">\n\t\t\t\t\t\t\t<span class=\"h6 !my-0 !text-2.5xl !leading-normal w-9\/12 xs:w-8\/12 lg:!w-11\/12 pointer-events-none\">\n                                Kostet mich die myenergi App etwas?                             <\/span>\n\t\t\t\t\t\t\t<i class=\"transition duration-300 text-greydark rotate-45 text-[27px] rounded-full pointer-events-none icon-cross\"><\/i>\n\t\t\t\t\t\t<\/button>\n\n\t\t\t\t\t\t<!-- Content -->\n\t\t\t\t\t\t<div class=\"pl-10 overflow-hidden sm:pl-15 pb-6 lg:pb-7.5 faq-answer\" id=\"block_32a470601fd35c8218b1558ebd167863-answer-3\">\n\t\t\t\t\t\t\t<div class=\"w-full text-lg faq-content first-mt-0 last-mb-0 px-7.5 sm:px-10 border-l-2 border-greydark\">\n\t\t\t\t\t\t\t\t<p class=\"paragraph  text-left  \"><span class=\"TextRun SCXW255806850 BCX0\" lang=\"DE-DE\" xml:lang=\"DE-DE\" data-contrast=\"auto\"><span class=\"NormalTextRun SCXW255806850 BCX0\">Nein, die <\/span><span class=\"NormalTextRun SpellingErrorV2Themed SCXW255806850 BCX0\">myenergi<\/span><span class=\"NormalTextRun SCXW255806850 BCX0\"> App ist <\/span><span class=\"NormalTextRun SCXW255806850 BCX0\">f\u00fcr dich komplett <\/span><span class=\"NormalTextRun SCXW255806850 BCX0\">kostenlos. Du kannst sie <\/span><span class=\"NormalTextRun SCXW255806850 BCX0\">einfach <\/span><span class=\"NormalTextRun SCXW255806850 BCX0\">herunterladen und <\/span><span class=\"NormalTextRun SCXW255806850 BCX0\">sofort <\/span><span class=\"NormalTextRun SCXW255806850 BCX0\">nutzen, um deinen Energieverbrauch effizienter zu gestalten.<\/span><\/span><\/p>\n\t\t\t\t\t\t\t<\/div>\n\t\t\t\t\t\t<\/div>\n\n\t\t\t\t\t\n\t\t\t\t<\/div>\n\t\t\t\t\t<\/div>\n\t<\/div>\n<\/div>\n\n","protected":false},"excerpt":{"rendered":"","protected":false},"author":20553,"featured_media":0,"parent":0,"menu_order":0,"comment_status":"closed","ping_status":"closed","template":"","meta":{"_acf_changed":false,"footnotes":""},"class_list":["post-53162","page","type-page","status-publish","hentry"],"acf":[],"_links":{"self":[{"href":"https:\/\/www.myenergi.com\/de\/wp-json\/wp\/v2\/pages\/53162","targetHints":{"allow":["GET"]}}],"collection":[{"href":"https:\/\/www.myenergi.com\/de\/wp-json\/wp\/v2\/pages"}],"about":[{"href":"https:\/\/www.myenergi.com\/de\/wp-json\/wp\/v2\/types\/page"}],"author":[{"embeddable":true,"href":"https:\/\/www.myenergi.com\/de\/wp-json\/wp\/v2\/users\/20553"}],"replies":[{"embeddable":true,"href":"https:\/\/www.myenergi.com\/de\/wp-json\/wp\/v2\/comments?post=53162"}],"version-history":[{"count":10,"href":"https:\/\/www.myenergi.com\/de\/wp-json\/wp\/v2\/pages\/53162\/revisions"}],"predecessor-version":[{"id":54152,"href":"https:\/\/www.myenergi.com\/de\/wp-json\/wp\/v2\/pages\/53162\/revisions\/54152"}],"wp:attachment":[{"href":"https:\/\/www.myenergi.com\/de\/wp-json\/wp\/v2\/media?parent=53162"}],"curies":[{"name":"wp","href":"https:\/\/api.w.org\/{rel}","templated":true}]}}