{"id":53003,"date":"2024-06-18T21:02:19","date_gmt":"2024-06-18T20:02:19","guid":{"rendered":"https:\/\/www.myenergi.com\/de\/?page_id=53003"},"modified":"2025-12-08T11:46:42","modified_gmt":"2025-12-08T10:46:42","slug":"kontakt","status":"publish","type":"page","link":"https:\/\/www.myenergi.com\/de\/kontakt\/","title":{"rendered":"Kontakt"},"content":{"rendered":"\n    <div id='block-cta-block-block_a29da0033fa131456d9c9ec36e1b1ef5'  class='flexi-block cta-block-block pt-8 lg:pt-16 pb-8 lg:pb-16'>\n        <div class=\"container flex flex-wrap mx-auto\">\n                            <div class=\"relative w-full lg:w-2\/6 py-10 pl-10 pr-13 md:p-14 xl:p-17 rounded-2.5xl mb-2.5 lg:mb-0 cta-content bg-green\">\n                                            <div class=\"z-10 flex flex-col flex-wrap items-start self-start w-full lg:max-w-xs first-mt-0\">\n                            <h2 class=\"h5 !text-greydark text-left  \">Kontaktaufnahme<br \/>\nleicht gemacht<\/h2>\n<a href=\"https:\/\/www.myenergi.com\/de\/installation\/\" target=\"_self\" class=\"mt-3 mr-2 btn  !bg-greydark !border-greydark !text-white \">Installationsangebot anfordern<\/a>\n<p>Du hast Fragen zu unseren Produkten, ben\u00f6tigst technischen Support oder m\u00f6chtest eine Reklamation melden? \u00dcber dieses Formular erreichst du direkt das passende Team.<\/p>\n<p><strong>So funktioniert\u2019s:<\/strong><\/p>\n<ol>\n<li>W\u00e4hle den Anlass deiner Anfrage aus.<\/li>\n<li>F\u00fclle das Formular vollst\u00e4ndig aus \u2013inklusive<\/li>\n<li>Kontaktdaten, Produkt und ggf. Seriennummer.<br \/>\nLade bei Bedarf erg\u00e4nzende Dateien hoch, z.B. Fotos, Rechnungen oder Screenshots.<\/li>\n<\/ol>\n<p>Dein Anliegen wird automatisch an die zust\u00e4ndige Fachabteilung weitergeleitet und zeitnah bearbeitet.<\/p>\n                        <\/div>\n                                                        <\/div>\n            \n                            <div class=\"w-full lg:w-2\/3 lg:pl-2.5\">\n                    <div class=\"px-12 text-white content-white bg-greydark rounded-2.5xl lg:px-22 2xl:px-30 py-13 first-mt-0\">\n\n                        <p style=\"text-align: left;\"><h2 class=\"h3 !text-white text-left  \">Kontatkformular<\/h2><\/p>\n\n\n                        <div class='fluentform ff-default fluentform_wrapper_28 ffs_default_wrap'><form data-form_id=\"28\" id=\"fluentform_28\" class=\"frm-fluent-form fluent_form_28 ff-el-form-top ff_form_instance_28_1 ff-form-loading ff_has_v3_recptcha ffs_default\" data-form_instance=\"ff_form_instance_28_1\" method=\"POST\" data-recptcha_key=\"6LeUteQfAAAAAHgEAzU7Pmbn4yOH3j0XajD_owry\" ><fieldset  style=\"border: none!important;margin: 0!important;padding: 0!important;background-color: transparent!important;box-shadow: none!important;outline: none!important; min-inline-size: 100%;\">\n                    <legend class=\"ff_screen_reader_title\" style=\"display: block; margin: 0!important;padding: 0!important;height: 0!important;text-indent: -999999px;width: 0!important;overflow:hidden;\">Allgemeines Kontaktformular (#28)<\/legend><input type='hidden' name='__fluent_form_embded_post_id' value='53003' \/><input type=\"hidden\" id=\"_fluentform_28_fluentformnonce\" name=\"_fluentform_28_fluentformnonce\" value=\"2775ae0102\" \/><input type=\"hidden\" name=\"_wp_http_referer\" value=\"\/de\/wp-json\/wp\/v2\/pages\/53003\" \/><div class='ff-el-group'><div class=\"ff-el-input--label ff-el-is-required asterisk-right\"><label   aria-label=\"Sie sind?\">Sie sind?<\/label><\/div><div class='ff-el-input--content'><div class='ff-el-form-check ff-el-form-check-'><label class='ff-el-form-check-label' for='input_radio_2d9fb42cf95a0f30fdf42f04d6bac466'><input  type=\"radio\" name=\"input_radio\" data-name=\"input_radio\" class=\"ff-el-form-check-input ff-el-form-check-radio\" value=\"Endkunde\"  id='input_radio_2d9fb42cf95a0f30fdf42f04d6bac466' aria-label='Endkunde' aria-invalid='false' aria-required=true> <span>Endkunde<\/span><\/label><\/div><div class='ff-el-form-check ff-el-form-check-'><label class='ff-el-form-check-label' for='input_radio_5d987c34ae46ac035015318eda5b06be'><input  type=\"radio\" name=\"input_radio\" data-name=\"input_radio\" class=\"ff-el-form-check-input ff-el-form-check-radio\" value=\"Installateur \/ Elektrofachbetrieb\"  id='input_radio_5d987c34ae46ac035015318eda5b06be' aria-label='Installateur \/ Elektrofachbetrieb' aria-invalid='false' aria-required=true> <span>Installateur \/ Elektrofachbetrieb<\/span><\/label><\/div><div class='ff-el-form-check ff-el-form-check-'><label class='ff-el-form-check-label' for='input_radio_118a74056e44d6f7585a329ee0385df2'><input  type=\"radio\" name=\"input_radio\" data-name=\"input_radio\" class=\"ff-el-form-check-input ff-el-form-check-radio\" value=\"Gro\u00dfhandel \/ Vertriebspartner\"  id='input_radio_118a74056e44d6f7585a329ee0385df2' aria-label='Gro\u00dfhandel \/ Vertriebspartner' aria-invalid='false' aria-required=true> <span>Gro\u00dfhandel \/ Vertriebspartner<\/span><\/label><\/div><\/div><\/div><div class='ff-el-group'><div class=\"ff-el-input--label ff-el-is-required asterisk-right\"><label   aria-label=\"Bitte w\u00e4hlen Sie den Anlass Ihrer Anfrage aus:\">Bitte w\u00e4hlen Sie den Anlass Ihrer Anfrage aus:<\/label><\/div><div class='ff-el-input--content'><div class='ff-el-form-check ff-el-form-check-'><label class='ff-el-form-check-label' for='input_radio_1_094a8e0fb21c5d73e59d332a02b51e99'><input  type=\"radio\" name=\"input_radio_1\" data-name=\"input_radio_1\" class=\"ff-el-form-check-input ff-el-form-check-radio\" value=\"Ich habe ein technisches Problem oder eine Frage zur Funktion\"  id='input_radio_1_094a8e0fb21c5d73e59d332a02b51e99' aria-label='Ich habe ein technisches Problem oder eine Frage zur Funktion' aria-invalid='false' aria-required=true> <span>Ich habe ein technisches Problem oder eine Frage zur Funktion<\/span><\/label><\/div><div class='ff-el-form-check ff-el-form-check-'><label class='ff-el-form-check-label' for='input_radio_1_297723a4595863e74e3d2f6a6f1ebbe9'><input  type=\"radio\" name=\"input_radio_1\" data-name=\"input_radio_1\" class=\"ff-el-form-check-input ff-el-form-check-radio\" value=\"Ich m\u00f6chte eine Reklamation oder einen Garantiefall melden\"  id='input_radio_1_297723a4595863e74e3d2f6a6f1ebbe9' aria-label='Ich m\u00f6chte eine Reklamation oder einen Garantiefall melden' aria-invalid='false' aria-required=true> <span>Ich m\u00f6chte eine Reklamation oder einen Garantiefall melden<\/span><\/label><\/div><\/div><\/div><div class='ff-el-group has-conditions  ff_list_inline'><div class=\"ff-el-input--label ff-el-is-required asterisk-right\"><label   aria-label=\"Welche Produkte?\">Welche Produkte?<\/label><\/div><div class='ff-el-input--content'><div class='ff-el-form-check ff-el-form-check-'><label class='ff-el-form-check-label' for='checkbox_bf89f53b71d55ff8f73af1c9932da985'><input  type=\"checkbox\" name=\"checkbox[]\" data-name=\"checkbox\" class=\"ff-el-form-check-input ff-el-form-check-checkbox\" value=\"zappi\"  id='checkbox_bf89f53b71d55ff8f73af1c9932da985' aria-label='zappi' aria-invalid='false' aria-required=true> <span>zappi<\/span><\/label><\/div><div class='ff-el-form-check ff-el-form-check-'><label class='ff-el-form-check-label' for='checkbox_c08e80c1d3235fd059bf2604cc4888a8'><input  type=\"checkbox\" name=\"checkbox[]\" data-name=\"checkbox\" class=\"ff-el-form-check-input ff-el-form-check-checkbox\" value=\"eddi\"  id='checkbox_c08e80c1d3235fd059bf2604cc4888a8' aria-label='eddi' aria-invalid='false' aria-required=true> <span>eddi<\/span><\/label><\/div><div class='ff-el-form-check ff-el-form-check-'><label class='ff-el-form-check-label' for='checkbox_6221dfd7d477df4c4af396ff3cc5cde8'><input  type=\"checkbox\" name=\"checkbox[]\" data-name=\"checkbox\" class=\"ff-el-form-check-input ff-el-form-check-checkbox\" value=\"libbi\"  id='checkbox_6221dfd7d477df4c4af396ff3cc5cde8' aria-label='libbi' aria-invalid='false' aria-required=true> <span>libbi<\/span><\/label><\/div><\/div><\/div><div data-type=\"name-element\" data-name=\"names\" class=\" ff-field_container ff-name-field-wrapper\" ><div class='ff-t-container'><div class='ff-t-cell '><div class='ff-el-group'><div class=\"ff-el-input--label ff-el-is-required asterisk-right\"><label for='ff_28_names_first_name_' id='label_ff_28_names_first_name_' >Vor- und Nachname<\/label><\/div><div class='ff-el-input--content'><input type=\"text\" name=\"names[first_name]\" id=\"ff_28_names_first_name_\" class=\"ff-el-form-control\" aria-invalid=\"false\" aria-required=true><\/div><\/div><\/div><div class='ff-t-cell '><div class='ff-el-group'><div class=\"ff-el-input--label asterisk-right\"><label for='ff_28_names_last_name_' id='label_ff_28_names_last_name_' >Unternehmen<\/label><\/div><div class='ff-el-input--content'><input type=\"text\" name=\"names[last_name]\" id=\"ff_28_names_last_name_\" class=\"ff-el-form-control\" aria-invalid=\"false\" aria-required=false><\/div><\/div><\/div><\/div><\/div><div data-type=\"name-element\" data-name=\"names_1\" class=\" ff-field_container ff-name-field-wrapper\" ><div class='ff-t-container'><div class='ff-t-cell '><div class='ff-el-group'><div class=\"ff-el-input--label ff-el-is-required asterisk-right\"><label for='ff_28_names_1_first_name_' id='label_ff_28_names_1_first_name_' >Postleitzahl<\/label><\/div><div class='ff-el-input--content'><input type=\"text\" name=\"names_1[first_name]\" id=\"ff_28_names_1_first_name_\" class=\"ff-el-form-control\" aria-invalid=\"false\" aria-required=true><\/div><\/div><\/div><div class='ff-t-cell '><div class='ff-el-group'><div class=\"ff-el-input--label asterisk-right\"><label for='ff_28_names_1_last_name_' id='label_ff_28_names_1_last_name_' >Anschrift<\/label><\/div><div class='ff-el-input--content'><input type=\"text\" name=\"names_1[last_name]\" id=\"ff_28_names_1_last_name_\" class=\"ff-el-form-control\" aria-invalid=\"false\" aria-required=false><\/div><\/div><\/div><\/div><\/div><div data-type=\"name-element\" data-name=\"names_2\" class=\" ff-field_container ff-name-field-wrapper\" ><div class='ff-t-container'><div class='ff-t-cell '><div class='ff-el-group'><div class=\"ff-el-input--label ff-el-is-required asterisk-right\"><label for='ff_28_names_2_first_name_' id='label_ff_28_names_2_first_name_' >E-Mail-Adresse<\/label><\/div><div class='ff-el-input--content'><input type=\"text\" name=\"names_2[first_name]\" id=\"ff_28_names_2_first_name_\" class=\"ff-el-form-control\" aria-invalid=\"false\" aria-required=true><\/div><\/div><\/div><div class='ff-t-cell '><div class='ff-el-group'><div class=\"ff-el-input--label asterisk-right\"><label for='ff_28_names_2_last_name_' id='label_ff_28_names_2_last_name_' >Rufnummer<\/label><\/div><div class='ff-el-input--content'><input type=\"text\" name=\"names_2[last_name]\" id=\"ff_28_names_2_last_name_\" class=\"ff-el-form-control\" aria-invalid=\"false\" aria-required=false><\/div><\/div><\/div><\/div><\/div><div class='ff-el-group has-conditions'><div class=\"ff-el-input--label ff-el-is-required asterisk-right\"><label for='ff_28_description' id='label_ff_28_description' aria-label=\"Bitte geben Sie die 8-stellige Seriennummer Ihres Ger\u00e4ts an (beginnt mit 1 oder 2, z.B. bei zappi, eddi oder libbi)\">Bitte geben Sie die 8-stellige Seriennummer Ihres Ger\u00e4ts an (beginnt mit 1 oder 2, z.B. bei zappi, eddi oder libbi)<\/label><\/div><div class='ff-el-input--content'><textarea aria-required=\"true\" aria-labelledby=\"label_ff_28_description\" name=\"description\" id=\"ff_28_description\" class=\"ff-el-form-control\" rows=\"1\" cols=\"2\" data-name=\"description\" ><\/textarea><\/div><\/div><div class='ff-el-group'><div class=\"ff-el-input--label ff-el-is-required asterisk-right\"><label for='ff_28_description_1' id='label_ff_28_description_1' aria-label=\"Deine Nachricht\">Deine Nachricht<\/label><\/div><div class='ff-el-input--content'><textarea aria-required=\"true\" aria-labelledby=\"label_ff_28_description_1\" name=\"description_1\" id=\"ff_28_description_1\" class=\"ff-el-form-control\" rows=\"2\" cols=\"2\" data-name=\"description_1\" ><\/textarea><\/div><\/div><div class='ff-el-group'><div class=\"ff-el-input--label asterisk-right\"><label for='ff_28_file-upload_1' id='label_ff_28_file-upload_1' aria-label=\"Datei-Upload\">Datei-Upload<\/label><\/div><div class='ff-el-input--content'><label for='ff_28_file-upload_1' class='ff_file_upload_holder'><span class='ff_upload_btn ff-btn' tabindex='0'>(z.B. Kaufbeleg bei Reklamationen oder Fotos bei technischen Problemen) Erlaubte Formate: PDF, JPG, PNG \u2013 max. 10 MB<\/span> <input type=\"file\" name=\"file-upload\" id=\"ff_28_file-upload_1\" class=\"ff-el-form-control  ff-screen-reader-element\" data-name=\"file-upload\" multiple=\"1\"  aria-invalid='false' aria-required=false><\/label><\/div><\/div><div class='ff-el-group'><div class=\"ff-el-input--label asterisk-right\"><label   aria-label=\"Datenschutz\">Datenschutz<\/label><\/div><div class='ff-el-input--content'><div class='ff-el-form-check ff-el-form-check-'><label class='ff-el-form-check-label' for='input_radio_2_b17b0ed5a9cb9fda4dfa168c0b5e9adc'><input  type=\"radio\" name=\"input_radio_2\" data-name=\"input_radio_2\" class=\"ff-el-form-check-input ff-el-form-check-radio\" value=\"Ich stimme der Datenschutzerkl\u00e4rung zu\"  id='input_radio_2_b17b0ed5a9cb9fda4dfa168c0b5e9adc' aria-label='Ich stimme der Datenschutzerkl\u00e4rung zu' aria-invalid='false' aria-required=false> <span>Ich stimme der Datenschutzerkl\u00e4rung zu<\/span><\/label><\/div><\/div><\/div><div class='ff-el-group ff-text-left ff_submit_btn_wrapper'><button type=\"submit\" class=\"ff-btn ff-btn-submit ff-btn-md ff_btn_style\"  aria-label=\"Formular absenden\">Formular absenden<\/button><\/div><\/fieldset><\/form><div id='fluentform_28_errors' class='ff-errors-in-stack ff_form_instance_28_1 ff-form-loading_errors ff_form_instance_28_1_errors'><\/div><\/div>            <script type=\"text\/javascript\">\n                window.fluent_form_ff_form_instance_28_1 = {\"id\":\"28\",\"settings\":{\"layout\":{\"labelPlacement\":\"top\",\"helpMessagePlacement\":\"with_label\",\"errorMessagePlacement\":\"inline\"},\"restrictions\":{\"denyEmptySubmission\":{\"enabled\":false}}},\"form_instance\":\"ff_form_instance_28_1\",\"form_id_selector\":\"fluentform_28\",\"rules\":{\"input_radio\":{\"required\":{\"value\":true,\"message\":\"Dieses Feld ist erforderlich\",\"global_message\":\"This field is required\",\"global\":true}},\"input_radio_1\":{\"required\":{\"value\":true,\"message\":\"Dieses Feld ist erforderlich\",\"global_message\":\"This field is required\",\"global\":true}},\"checkbox\":{\"required\":{\"value\":true,\"message\":\"Dieses Feld ist erforderlich\",\"global_message\":\"This field is required\",\"global\":true}},\"names[first_name]\":{\"required\":{\"value\":true,\"message\":\"Dieses Feld ist erforderlich\",\"global\":true,\"global_message\":\"This field is required\"}},\"names[middle_name]\":{\"required\":{\"value\":false,\"message\":\"Dieses Feld ist erforderlich\",\"global\":true,\"global_message\":\"This field is required\"}},\"names[last_name]\":{\"required\":{\"value\":false,\"message\":\"Dieses Feld ist erforderlich\",\"global\":true,\"global_message\":\"This field is required\"}},\"names_1[first_name]\":{\"required\":{\"value\":true,\"message\":\"Dieses Feld ist erforderlich\",\"global\":true,\"global_message\":\"This field is required\"}},\"names_1[middle_name]\":{\"required\":{\"value\":false,\"message\":\"Dieses Feld ist erforderlich\",\"global\":true,\"global_message\":\"This field is required\"}},\"names_1[last_name]\":{\"required\":{\"value\":false,\"message\":\"Dieses Feld ist erforderlich\",\"global\":true,\"global_message\":\"This field is required\"}},\"names_2[first_name]\":{\"required\":{\"value\":true,\"message\":\"Dieses Feld ist erforderlich\",\"global\":true,\"global_message\":\"This field is required\"}},\"names_2[middle_name]\":{\"required\":{\"value\":false,\"message\":\"Dieses Feld ist erforderlich\",\"global\":true,\"global_message\":\"This field is required\"}},\"names_2[last_name]\":{\"required\":{\"value\":false,\"message\":\"Dieses Feld ist erforderlich\",\"global\":true,\"global_message\":\"This field is required\"}},\"description\":{\"required\":{\"value\":true,\"message\":\"Dieses Feld ist erforderlich\",\"global_message\":\"This field is required\",\"global\":true}},\"description_1\":{\"required\":{\"value\":true,\"message\":\"Dieses Feld ist erforderlich\",\"global_message\":\"This field is required\",\"global\":true}},\"file-upload\":{\"required\":{\"value\":false,\"message\":\"Dieses Feld ist erforderlich\",\"global_message\":\"This field is required\",\"global\":true},\"max_file_size\":{\"value\":1048576,\"_valueFrom\":\"MB\",\"message\":\"Validierung schl\\u00e4gt bei maximaler Dateigr\\u00f6\\u00dfe fehl\",\"global_message\":\"Validation fails for maximum file size\",\"global\":true},\"max_file_count\":{\"value\":1,\"message\":\"Validierung schl\\u00e4gt bei maximaler Dateianzahl fehl\",\"global_message\":\"Validation fails for maximum file count\",\"global\":true},\"allowed_file_types\":{\"value\":[],\"message\":\"Ung\\u00fcltiger Dateityp\",\"global_message\":\"Invalid file type\",\"global\":true}},\"g-recaptcha-response\":[],\"input_radio_2\":{\"required\":{\"value\":false,\"message\":\"Dieses Feld ist erforderlich\",\"global_message\":\"This field is required\",\"global\":true}}},\"debounce_time\":300,\"conditionals\":{\"checkbox\":{\"type\":\"any\",\"status\":true,\"conditions\":[{\"field\":\"input_radio_1\",\"value\":\"Ich habe ein technisches Problem oder eine Frage zur Funktion\",\"operator\":\"=\"},{\"field\":\"input_radio_1\",\"value\":\"Ich m\\u00f6chte eine Reklamation oder einen Garantiefall melden\",\"operator\":\"=\"}],\"condition_groups\":[{\"rules\":[{\"field\":\"\",\"value\":\"\",\"operator\":\"\"}],\"title\":\"\",\"isEditingTitle\":false,\"isPreviewOpen\":false,\"isGroupOpen\":true}]},\"description\":{\"type\":\"any\",\"status\":true,\"conditions\":[{\"field\":\"input_radio_1\",\"value\":\"Ich habe ein technisches Problem oder eine Frage zur Funktion\",\"operator\":\"=\"},{\"field\":\"input_radio_1\",\"value\":\"Ich m\\u00f6chte eine Reklamation oder einen Garantiefall melden\",\"operator\":\"=\"}],\"condition_groups\":[{\"rules\":[{\"field\":\"\",\"value\":\"\",\"operator\":\"\"}],\"title\":\"\",\"isEditingTitle\":false,\"isPreviewOpen\":false,\"isGroupOpen\":true}]}}};\n                            <\/script>\n            \n                    <\/div>\n                <\/div>\n                    <\/div>\n    <\/div>\n","protected":false},"excerpt":{"rendered":"","protected":false},"author":20553,"featured_media":0,"parent":0,"menu_order":0,"comment_status":"closed","ping_status":"closed","template":"","meta":{"_acf_changed":false,"footnotes":""},"class_list":["post-53003","page","type-page","status-publish","hentry"],"acf":[],"_links":{"self":[{"href":"https:\/\/www.myenergi.com\/de\/wp-json\/wp\/v2\/pages\/53003","targetHints":{"allow":["GET"]}}],"collection":[{"href":"https:\/\/www.myenergi.com\/de\/wp-json\/wp\/v2\/pages"}],"about":[{"href":"https:\/\/www.myenergi.com\/de\/wp-json\/wp\/v2\/types\/page"}],"author":[{"embeddable":true,"href":"https:\/\/www.myenergi.com\/de\/wp-json\/wp\/v2\/users\/20553"}],"replies":[{"embeddable":true,"href":"https:\/\/www.myenergi.com\/de\/wp-json\/wp\/v2\/comments?post=53003"}],"version-history":[{"count":5,"href":"https:\/\/www.myenergi.com\/de\/wp-json\/wp\/v2\/pages\/53003\/revisions"}],"predecessor-version":[{"id":55811,"href":"https:\/\/www.myenergi.com\/de\/wp-json\/wp\/v2\/pages\/53003\/revisions\/55811"}],"wp:attachment":[{"href":"https:\/\/www.myenergi.com\/de\/wp-json\/wp\/v2\/media?parent=53003"}],"curies":[{"name":"wp","href":"https:\/\/api.w.org\/{rel}","templated":true}]}}