{"id":52297,"date":"2024-03-27T09:40:46","date_gmt":"2024-03-27T09:40:46","guid":{"rendered":"https:\/\/www.myenergi.com\/de\/?page_id=52297"},"modified":"2024-07-12T09:59:32","modified_gmt":"2024-07-12T08:59:32","slug":"cashback","status":"publish","type":"page","link":"https:\/\/www.myenergi.com\/de\/cashback\/","title":{"rendered":"Cashback bei myenergi auf Wallboxen"},"content":{"rendered":"\n<div id=\"block-fifty-fifty-img-txt-block_790d9c038bef0ef4e2e0d3d8930d1b21\"  class=\"bg-white flexi-block fifty-fifty-img-txt-block  \">\n\t<div class=\"container relative z-10 flex flex-wrap justify-center pb-0 mx-auto pt-12 md:pt-20 lg:pt-32 pb-12 md:pb-20 lg:pb-32 \">\n        <div class=\"flex flex-wrap w-full justify-center lg:justify-between items-center    lg:flex-row-reverse\">\n\n            \n                <div class=\"w-full load-hidden image-wrapper lg:w-1\/2 md:max-w-[500px] lg:max-w-none  xl:pl-3.9\">\n                    <img decoding=\"async\" width=\"1024\" height=\"643\" src=\"https:\/\/www.myenergi.com\/de\/wp-content\/uploads\/sites\/7\/2024\/05\/website-header-cashback-1024x643.png\" class=\"w-full rounded-2.5xl\" alt=\"Cashback-Aktion auf zappi wird verl\u00e4ngert bis zum 31.07.2024\" style=\"opacity: 1\" loading=\"lazy\" srcset=\"https:\/\/www.myenergi.com\/de\/wp-content\/uploads\/sites\/7\/2024\/05\/website-header-cashback-1024x643.png 1024w, https:\/\/www.myenergi.com\/de\/wp-content\/uploads\/sites\/7\/2024\/05\/website-header-cashback-300x188.png 300w, https:\/\/www.myenergi.com\/de\/wp-content\/uploads\/sites\/7\/2024\/05\/website-header-cashback-768x482.png 768w, https:\/\/www.myenergi.com\/de\/wp-content\/uploads\/sites\/7\/2024\/05\/website-header-cashback-600x377.png 600w, https:\/\/www.myenergi.com\/de\/wp-content\/uploads\/sites\/7\/2024\/05\/website-header-cashback-250x157.png 250w, https:\/\/www.myenergi.com\/de\/wp-content\/uploads\/sites\/7\/2024\/05\/website-header-cashback.png 1107w\" sizes=\"auto, (max-width: 1024px) 100vw, 1024px\" \/>                <\/div>\n\n            \n            \n                <div class=\"w-full self-center lg:w-1\/2 md:max-w-[500px] lg:max-w-none lg:pr-20 2xl:pr-45 pt-12 lg:pb-0 load-hidden content-wrapper\">\n                    <div class=\"w-full first-mt-0 last-mb-0 \">\n                        <p class=\"subtitle2  text-left  \">Grosse Cashback-Aktion f\u00fcr alle Installateure<\/p>\n<h1 class=\"h2 black text-left  \">Bereit f\u00fcr deinen Cashback-Bonus?<\/h1>\n<p>Willkommen! Wir freuen uns, dass du ebenfalls an unserer Cashback-Aktion teilnehmen m\u00f6chtest. Bei jeder Installation einer neuen zappi \u00fcberweisen wir dir 150\u20ac auf dein Konto! Wir erkl\u00e4ren dir genau, was es dabei zu beachten gilt.<\/p>\n<p>Wichtig: Der Aktionszeitraum verl\u00e4ngert sich bis zum 31.07.2024.<\/p>\n<a href=\"#cashback\" target=\"_self\" class=\"mt-3 mr-2 btn  !bg-green !border-green !text-greydark \">Jetzt 150 Euro Cashback sichern<\/a>\n                    <\/div>\n                <\/div>\n\n                    <\/div>\n\t<\/div>\n<\/div>\n\n\n\n\n\n<div id='block-fifty-fifty-img-txt-full-width-block_07e33620764335a00527c8779f1de947'  class='bg-greydark invert-text-color flexi-block fifty-fifty-img-txt-full-width-block pt-8 lg:pt-16 pb-8 lg:pb-16'>\n\t<div class=\"relative z-10 flex flex-wrap w-full max-w-3xl m-auto  flex-col-reverse lg:flex-row-reverse image-right\">\n\n        \n            <div class=\"w-full pt-20 img-wrapper lg:w-1\/2 image-left lg:pt-0 flex self-end\">\n                                <img loading=\"lazy\" decoding=\"async\" width=\"1406\" height=\"1552\" src=\"https:\/\/www.myenergi.com\/de\/wp-content\/uploads\/sites\/7\/2024\/03\/b2b-hero-black-anschnitt-703x776-v2-2x.jpg\" class=\"w-full h-full load-hidden block object-contain\" alt=\"\" style=\"opacity: 1\" srcset=\"https:\/\/www.myenergi.com\/de\/wp-content\/uploads\/sites\/7\/2024\/03\/b2b-hero-black-anschnitt-703x776-v2-2x.jpg 1406w, https:\/\/www.myenergi.com\/de\/wp-content\/uploads\/sites\/7\/2024\/03\/b2b-hero-black-anschnitt-703x776-v2-2x-272x300.jpg 272w, https:\/\/www.myenergi.com\/de\/wp-content\/uploads\/sites\/7\/2024\/03\/b2b-hero-black-anschnitt-703x776-v2-2x-928x1024.jpg 928w, https:\/\/www.myenergi.com\/de\/wp-content\/uploads\/sites\/7\/2024\/03\/b2b-hero-black-anschnitt-703x776-v2-2x-768x848.jpg 768w, https:\/\/www.myenergi.com\/de\/wp-content\/uploads\/sites\/7\/2024\/03\/b2b-hero-black-anschnitt-703x776-v2-2x-1392x1536.jpg 1392w, https:\/\/www.myenergi.com\/de\/wp-content\/uploads\/sites\/7\/2024\/03\/b2b-hero-black-anschnitt-703x776-v2-2x-600x662.jpg 600w, https:\/\/www.myenergi.com\/de\/wp-content\/uploads\/sites\/7\/2024\/03\/b2b-hero-black-anschnitt-703x776-v2-2x-226x250.jpg 226w\" sizes=\"auto, (max-width: 1406px) 100vw, 1406px\" \/>\n            <\/div>\n\n        \n        \n            <div class=\"container flex items-center justify-center mx-auto lg:w-1\/2 pt-20 lg:py-20\">\n                <div class=\"w-full lg:max-w-[27rem] xl:max-w-md first-mt-0 px-2.5 lg:px-0 last-mb-0 content-wrapper load-hidden\">\n                    <p class=\"subtitle2 !text-white text-left  \">MYENERGI Cashback-Aktion<\/p>\n<h2 class=\"h4 !text-white text-left  \">So holst du dir deinen Cashback<\/h2>\n<ol>\n<li>Installiere eine neue zappi\u00ae.<\/li>\n<li>Fotografiere die Produktplakette\/Seriennummer.<\/li>\n<li>Lade das Foto mit der Produktplakette\/Seriennummer hoch.<\/li>\n<li>F\u00fclle das untenstehende Kontaktformular aus.<\/li>\n<li>Wir \u00fcberpr\u00fcfen deine Daten.<\/li>\n<li>Nach erfolgreicher Pr\u00fcfung erh\u00e4ltst du 150 \u20ac.<\/li>\n<\/ol>\n<a href=\"#cashback\" target=\"_self\" class=\"mt-3 mr-2 btn  !bg-green !border-green !text-greydark \">Jetzt Cashback beantragen<\/a>\n                <\/div>\n            <\/div>\n\n        \n\t<\/div>\n<\/div>\n\n\n\n    <div id='block-cta-block-block_c5d209c6b92dcf7df2d57b14610a629f'  class='flexi-block cta-block-block pt-8 lg:pt-16 pb-8 lg:pb-16'>\n        <div class=\"container flex flex-wrap mx-auto\">\n                            <div class=\"relative w-full lg:w-2\/6 py-10 pl-10 pr-13 md:p-14 xl:p-17 rounded-2.5xl mb-2.5 lg:mb-0 cta-content bg-greydark invert-text-color\">\n                                            <div class=\"z-10 flex flex-col flex-wrap items-start self-start w-full lg:max-w-xs first-mt-0\">\n                            <h3 class=\"h4 !text-white text-left  \"><span id=\"cashback\">Jetzt Cashback erhalten<\/span><\/h3>\n<p>Du hast bei deinem Kunden die zappi\u00ae installiert? Perfekt! Dann f\u00fclle jetzt einfach das nebenstehende Formular aus. Du kannst nat\u00fcrlich auch mehrmals an unserer Aktion teilnehmen \u2013 je nachdem wie viele zappi\u00ae du installiert hast.<\/p>\n<p><strong>So geht es im Anschluss weiter:<\/strong><\/p>\n<ol>\n<li>Wir \u00fcberpr\u00fcfen, ob die Installation der zappi\u00ae funktioniert hat und ob die Wallbox online ist.<\/li>\n<li>Wichtig: Das erste Registrierungsdatum muss innerhalb des Aktionszeitraums liegen \u2013 checke hierzu auch unsere Aktionsbedingungen.<\/li>\n<li>Nach erfolgreicher \u00dcberpr\u00fcfung \u00fcberweisen wir dir schnellstm\u00f6glich 150 \u20ac direkt auf dein Konto.\n<\/li>\n<\/ol>\n<p>Der Aktionszeitraum gilt f\u00fcr jede Installation einer zappi\u00ae Wallbox vom <strong>01. April 2024 bis zum 31. Juli 2024<\/strong>.<\/p>\n<p>\u00dcbrigens: Wir freuen uns sehr, wenn du dein \u201ezalfie\u201c auf unseren Social-Media-Kan\u00e4len teilst und so dazu beitr\u00e4gst unseren myenergi Spirit zu verbreiten.<\/p>\n                        <\/div>\n                                                        <\/div>\n            \n                            <div class=\"w-full lg:w-2\/3 lg:pl-2.5\">\n                    <div class=\"px-12 text-white content-white bg-greydark rounded-2.5xl lg:px-22 2xl:px-30 py-13 first-mt-0\">\n\n                        \n\n                        <div class='fluentform ff-default fluentform_wrapper_18 ffs_default_wrap'><form data-form_id=\"18\" id=\"fluentform_18\" class=\"frm-fluent-form fluent_form_18 ff-el-form-top ff_form_instance_18_1 ff-form-loading ffs_default\" data-form_instance=\"ff_form_instance_18_1\" method=\"POST\" ><fieldset  style=\"border: none!important;margin: 0!important;padding: 0!important;background-color: transparent!important;box-shadow: none!important;outline: none!important; min-inline-size: 100%;\">\n                    <legend class=\"ff_screen_reader_title\" style=\"display: block; margin: 0!important;padding: 0!important;height: 0!important;text-indent: -999999px;width: 0!important;overflow:hidden;\">Cashback Formular<\/legend><input type='hidden' name='__fluent_form_embded_post_id' value='52297' \/><input type=\"hidden\" id=\"_fluentform_18_fluentformnonce\" name=\"_fluentform_18_fluentformnonce\" value=\"06d35882bc\" \/><input type=\"hidden\" name=\"_wp_http_referer\" value=\"\/de\/wp-json\/wp\/v2\/pages\/52297\" \/><div data-type=\"name-element\" data-name=\"names\" class=\" ff-field_container ff-name-field-wrapper\" ><div class='ff-t-container'><div class='ff-t-cell '><div class='ff-el-group  ff-el-form-top'><div class=\"ff-el-input--label ff-el-is-required asterisk-right\"><label for='ff_18_names_first_name_' id='label_ff_18_names_first_name_' >Firmenname<\/label><\/div><div class='ff-el-input--content'><input type=\"text\" name=\"names[first_name]\" id=\"ff_18_names_first_name_\" class=\"ff-el-form-control\" aria-invalid=\"false\" aria-required=true><\/div><\/div><\/div><\/div><\/div><div class='ff-el-group'><div class=\"ff-el-input--label ff-el-is-required asterisk-right\"><label for='ff_18_email' id='label_ff_18_email' aria-label=\"E-Mail\">E-Mail<\/label><\/div><div class='ff-el-input--content'><input type=\"email\" name=\"email\" id=\"ff_18_email\" class=\"ff-el-form-control\" data-name=\"email\"  aria-invalid=\"false\" aria-required=true><\/div><\/div><div class='ff-el-group'><div class=\"ff-el-input--label ff-el-is-required asterisk-right\"><label for='ff_18_input_text_7' id='label_ff_18_input_text_7' aria-label=\"Kontodaten (IBAN)\">Kontodaten (IBAN)<\/label><\/div><div class='ff-el-input--content'><input type=\"text\" name=\"input_text_7\" class=\"ff-el-form-control\" data-name=\"input_text_7\" id=\"ff_18_input_text_7\"  aria-invalid=\"false\" aria-required=true><\/div><\/div><div class='ff-el-group'><div class=\"ff-el-input--label ff-el-is-required asterisk-right\"><label for='ff_18_input_text_8' id='label_ff_18_input_text_8' aria-label=\"Seriennummer deiner zappi\">Seriennummer deiner zappi<\/label><\/div><div class='ff-el-input--content'><input type=\"text\" name=\"input_text_8\" class=\"ff-el-form-control\" data-name=\"input_text_8\" id=\"ff_18_input_text_8\"  aria-invalid=\"false\" aria-required=true><\/div><\/div><div class='ff-el-group'><div class=\"ff-el-input--label asterisk-right\"><label for='ff_18_input_text_9' id='label_ff_18_input_text_9' aria-label=\"Gro\u00dfhandel, bei dem bezogen wird\">Gro\u00dfhandel, bei dem bezogen wird<\/label><\/div><div class='ff-el-input--content'><input type=\"text\" name=\"input_text_9\" class=\"ff-el-form-control\" data-name=\"input_text_9\" id=\"ff_18_input_text_9\"  aria-invalid=\"false\" aria-required=false><\/div><\/div><div class='ff-el-group'><div class=\"ff-el-input--label ff-el-is-required asterisk-right\"><label for='ff_18_file-upload_1' id='label_ff_18_file-upload_1' aria-label=\"Lade hier das Foto der Produktplakette hoch (erlaubte Formate: PDF,JPG,GIF,PNG)\">Lade hier das Foto der Produktplakette hoch (erlaubte Formate: PDF,JPG,GIF,PNG) <\/label><\/div><div class='ff-el-input--content'><label for='ff_18_file-upload_1' class='ff_file_upload_holder'><span class='ff_upload_btn ff-btn' tabindex='0'>Bild ausw\u00e4hlen<\/span> <input type=\"file\" name=\"file-upload\" id=\"ff_18_file-upload_1\" class=\"ff-el-form-control  ff-screen-reader-element\" data-name=\"file-upload\" multiple=\"1\"  aria-invalid='false' aria-required=true><\/label><\/div><\/div><div class='ff-el-group'><div class=\"ff-el-input--label asterisk-right\"><label for='ff_18_file-upload_1_1' id='label_ff_18_file-upload_1_1' aria-label=\"Nicht zwingend n\u00f6tig, aber wir w\u00fcrden uns \u00fcber ein \u201ezalfie\u201d freuen: Ein Bild von dir, wie du eine neue zappi installierst!\">Nicht zwingend n\u00f6tig, aber wir w\u00fcrden uns \u00fcber ein \u201ezalfie\u201d freuen: Ein Bild von dir, wie du eine neue zappi installierst!<\/label><\/div><div class='ff-el-input--content'><label for='ff_18_file-upload_1_1' class='ff_file_upload_holder'><span class='ff_upload_btn ff-btn' tabindex='0'>Bild ausw\u00e4hlen<\/span> <input type=\"file\" name=\"file-upload_1\" id=\"ff_18_file-upload_1_1\" class=\"ff-el-form-control  ff-screen-reader-element\" data-name=\"file-upload_1\" multiple=\"1\"  aria-invalid='false' aria-required=false><\/label><\/div><\/div><div class='ff-el-group'><div class=\"ff-el-input--label ff-el-is-required asterisk-right\"><label   aria-label=\"Teilnahmebedingungen\">Teilnahmebedingungen<\/label><\/div><div class='ff-el-input--content'><div class='ff-el-form-check ff-el-form-check-'><label class='ff-el-form-check-label' for='checkbox_6e25e6ef46ed6a8b0a8b15087202d70c'><input  type=\"checkbox\" name=\"checkbox[]\" data-name=\"checkbox\" class=\"ff-el-form-check-input ff-el-form-check-checkbox\" value=\"Ich stimme zu.\"  id='checkbox_6e25e6ef46ed6a8b0a8b15087202d70c' aria-label='Ich stimme zu.' aria-invalid='false' aria-required=true> <span>Ich stimme zu.<\/span><\/label><\/div><\/div><\/div><div class='ff-el-group  ff-custom_html has-conditions' tabindex='-1' data-name=\"custom_html-18_1\" ><p><span style=\"color: #ffffff\">Mit der Zustimmung der <a href=\"https:\/\/www.myenergi.com\/de\/wp-content\/uploads\/sites\/7\/2024\/05\/2024_teilnahmenbedingungen_cashback.pdf\">Teilnahmebedingungen<\/a> f\u00fcr die Cashback-Aktion erkl\u00e4rst du dich mit der Newsletter Anmeldung und dem weiteren Zusenden von Werbeaktionen einverstanden.\u00a0<\/span><\/p><\/div><div class='ff-el-group ff-text-center ff_submit_btn_wrapper'><button type=\"submit\" class=\"ff-btn ff-btn-submit ff-btn-md ff_btn_style wpf_has_custom_css\"  aria-label=\"Cashback beantragen\">Cashback beantragen<\/button><\/div><\/fieldset><\/form><div id='fluentform_18_errors' class='ff-errors-in-stack ff_form_instance_18_1 ff-form-loading_errors ff_form_instance_18_1_errors'><\/div><\/div>            <script type=\"text\/javascript\">\n                window.fluent_form_ff_form_instance_18_1 = {\"id\":\"18\",\"settings\":{\"layout\":{\"labelPlacement\":\"top\",\"helpMessagePlacement\":\"with_label\",\"errorMessagePlacement\":\"inline\",\"asteriskPlacement\":\"asterisk-right\"},\"restrictions\":{\"denyEmptySubmission\":{\"enabled\":false}}},\"form_instance\":\"ff_form_instance_18_1\",\"form_id_selector\":\"fluentform_18\",\"rules\":{\"names[first_name]\":{\"required\":{\"value\":true,\"message\":\"Dies ist ein Pflichtfeld\",\"global\":false,\"global_message\":\"Dieses Feld ist erforderlich\"}},\"names[middle_name]\":{\"required\":{\"value\":false,\"message\":\"This field is required\",\"global\":false,\"global_message\":\"Dieses Feld ist erforderlich\"}},\"names[last_name]\":{\"required\":{\"value\":false,\"message\":\"This field is required\",\"global\":false,\"global_message\":\"Dieses Feld ist erforderlich\"}},\"email\":{\"required\":{\"value\":true,\"message\":\"Dies ist ein Pflichtfeld\",\"global\":false,\"global_message\":\"Dieses Feld ist erforderlich\"},\"email\":{\"value\":true,\"message\":\"Dieses Feld muss eine g\\u00fcltige E-Mail Adresse beinhalten\",\"global\":false,\"global_message\":\"Dieses Feld muss eine g\\u00fcltige E-Mail-Adresse enthalten\"}},\"input_text_7\":{\"required\":{\"value\":true,\"message\":\"Dieses Feld ist erforderlich\",\"global_message\":\"Dieses Feld ist erforderlich\",\"global\":true}},\"input_text_8\":{\"required\":{\"value\":true,\"message\":\"Dieses Feld ist erforderlich\",\"global_message\":\"Dieses Feld ist erforderlich\",\"global\":true}},\"input_text_9\":{\"required\":{\"value\":false,\"message\":\"Dieses Feld ist erforderlich\",\"global_message\":\"Dieses Feld ist erforderlich\",\"global\":true}},\"file-upload\":{\"required\":{\"value\":true,\"message\":\"Dieses Feld ist erforderlich\",\"global_message\":\"Dieses Feld ist erforderlich\",\"global\":true},\"max_file_size\":{\"value\":5242880,\"_valueFrom\":\"MB\",\"message\":\"Validierung schl\\u00e4gt bei maximaler Dateigr\\u00f6\\u00dfe fehl\",\"global_message\":\"Validation fails for maximum file size\",\"global\":true},\"max_file_count\":{\"value\":1,\"message\":\"Validierung schl\\u00e4gt bei maximaler Dateianzahl fehl\",\"global_message\":\"Validation fails for maximum file count\",\"global\":true},\"allowed_file_types\":{\"value\":[\"jpg|jpeg|gif|png|bmp\",\"pdf\"],\"message\":\"Ung\\u00fcltiger Dateityp\",\"global_message\":\"Ung\\u00fcltiger Dateityp\",\"global\":true}},\"file-upload_1\":{\"required\":{\"value\":false,\"message\":\"Dieses Feld ist erforderlich\",\"global_message\":\"Dieses Feld ist erforderlich\",\"global\":true},\"max_file_size\":{\"value\":5242880,\"_valueFrom\":\"MB\",\"message\":\"Validierung schl\\u00e4gt bei maximaler Dateigr\\u00f6\\u00dfe fehl\",\"global_message\":\"Validation fails for maximum file size\",\"global\":true},\"max_file_count\":{\"value\":1,\"message\":\"Validierung schl\\u00e4gt bei maximaler Dateianzahl fehl\",\"global_message\":\"Validation fails for maximum file count\",\"global\":true},\"allowed_file_types\":{\"value\":[\"jpg|jpeg|gif|png|bmp\",\"pdf\"],\"message\":\"Ung\\u00fcltiger Dateityp\",\"global_message\":\"Ung\\u00fcltiger Dateityp\",\"global\":true}},\"checkbox\":{\"required\":{\"value\":true,\"message\":\"Dieses Feld ist erforderlich\",\"global_message\":\"Dieses Feld ist erforderlich\",\"global\":true}}},\"debounce_time\":300,\"conditionals\":{\"custom_html-18_1\":{\"type\":\"any\",\"status\":true,\"conditions\":[{\"field\":\"checkbox\",\"value\":\"Ich stimme zu.\",\"operator\":\"=\"}]}}};\n                            <\/script>\n            \n                    <\/div>\n                <\/div>\n                    <\/div>\n    <\/div>\n","protected":false},"excerpt":{"rendered":"","protected":false},"author":20553,"featured_media":0,"parent":0,"menu_order":0,"comment_status":"closed","ping_status":"closed","template":"","meta":{"_acf_changed":false,"footnotes":""},"class_list":["post-52297","page","type-page","status-publish","hentry"],"acf":[],"_links":{"self":[{"href":"https:\/\/www.myenergi.com\/de\/wp-json\/wp\/v2\/pages\/52297","targetHints":{"allow":["GET"]}}],"collection":[{"href":"https:\/\/www.myenergi.com\/de\/wp-json\/wp\/v2\/pages"}],"about":[{"href":"https:\/\/www.myenergi.com\/de\/wp-json\/wp\/v2\/types\/page"}],"author":[{"embeddable":true,"href":"https:\/\/www.myenergi.com\/de\/wp-json\/wp\/v2\/users\/20553"}],"replies":[{"embeddable":true,"href":"https:\/\/www.myenergi.com\/de\/wp-json\/wp\/v2\/comments?post=52297"}],"version-history":[{"count":10,"href":"https:\/\/www.myenergi.com\/de\/wp-json\/wp\/v2\/pages\/52297\/revisions"}],"predecessor-version":[{"id":54319,"href":"https:\/\/www.myenergi.com\/de\/wp-json\/wp\/v2\/pages\/52297\/revisions\/54319"}],"wp:attachment":[{"href":"https:\/\/www.myenergi.com\/de\/wp-json\/wp\/v2\/media?parent=52297"}],"curies":[{"name":"wp","href":"https:\/\/api.w.org\/{rel}","templated":true}]}}