{"id":46552,"date":"2023-03-02T10:53:13","date_gmt":"2023-03-02T10:53:13","guid":{"rendered":"https:\/\/www.myenergi.com\/de\/?page_id=46552"},"modified":"2025-10-01T15:31:34","modified_gmt":"2025-10-01T13:31:34","slug":"firmware-release-notes","status":"publish","type":"page","link":"https:\/\/www.myenergi.com\/de\/firmware-release-notes\/","title":{"rendered":"Firmware Release Notes"},"content":{"rendered":"\n<div id='block-simple-content-block_896a4813deeffbe5898146063af54c06'  class='flexi-block simple-content-block pt-8 lg:pt-16 pb-0 '>\n\n    <div class=\"container mx-auto wide-container\">\n\n        <div class=\"content-inner bg-white rounded-2.5xl \">\n\n            <div class=\"mx-auto first-mt-0 last-mb-0 max-w-[90%] 2xl:max-w-[1410px]  \">\n\n                <div class=\"vc_custom_heading_wrap \">\n<div class=\"heading-text el-text\">\n<h2 class=\"\" style=\"text-align: left\">Firmware-Updates: zappi<\/h2>\n<\/div>\n<\/div>\n\n            <\/div>\n        <\/div>\n    <\/div>\n<\/div>\n\n\n<div id='block-content-accordion-block_f9b327a19ca8a5abf67445b2c9a67236'  class='flexi-block content-accordion-block pt-8 lg:pt-16 pb-8 lg:pb-16 bg-white'>\n\t<div class=\"container flex flex-wrap mx-auto\">\n\t\t\t\t<div class=\"w-full xl:w-3\/5 2xl:w-2\/3\">\n\t\t\t\n\t\t\t\t<div class=\"faq bg-grey-20 rounded-2.5xl mb-3 xl:ml-2.5 accent-green\">\n\t\t\t\t\t\n\t\t\t\t\t\t<!--Title-->\n\t\t\t\t\t\t<button role=\"button\" class=\"relative py-[23px] pr-7.5 pl-10 flex items-center justify-between w-full text-left no-underline appearance-none faq-title\" aria-expanded=\"false\" aria-controls=\"block_f9b327a19ca8a5abf67445b2c9a67236-answer-1\">\n\t\t\t\t\t\t\t<span class=\"h6 !my-0 !text-2.5xl !leading-normal w-9\/12 xs:w-8\/12 lg:!w-11\/12 pointer-events-none\">\n                                zappi 2 &#8211; Firmware Version 3.177                            <\/span>\n\t\t\t\t\t\t\t<i class=\"transition duration-300 text-greydark rotate-45 text-[27px] rounded-full pointer-events-none icon-cross\"><\/i>\n\t\t\t\t\t\t<\/button>\n\n\t\t\t\t\t\t<!-- Content -->\n\t\t\t\t\t\t<div class=\"pl-10 overflow-hidden sm:pl-15 pb-6 lg:pb-7.5 faq-answer\" id=\"block_f9b327a19ca8a5abf67445b2c9a67236-answer-1\">\n\t\t\t\t\t\t\t<div class=\"w-full text-lg faq-content first-mt-0 last-mb-0 px-7.5 sm:px-10 border-l-2 border-green\">\n\t\t\t\t\t\t\t\t<p>Ver\u00f6ffentlicht 24\/10\/2022- Vorherige Version 3.175<\/p>\n<p>Bitte beachten Sie, dass diese Firmware-Version f\u00fcr das Original zappi 2.0 gilt.<br \/>\nSie gilt nicht f\u00fcr zappi mit eingebautem WiFi\/Ethernet.<\/p>\n<p>Bevor Sie das zappi aktualisieren, vergewissern Sie sich bitte, dass auf Ihrem Hub ebenfalls die Firmware-Version 3.051 oder h\u00f6her installiert ist.<\/p>\n<p>Anleitungen zum Aktualisieren der Firmware auf Ihrem zappi und anderen myenergi-Ger\u00e4ten finden Sie hier:<br \/>\n<a href=\"https:\/\/www.myenergi.com\/de\/faq\/\" target=\"_self\" class=\"mt-3 mr-2 btn !bg-transparent hover:opacity-100 transition-colors duration-200 !text-greydark !border-greydark hover:!bg-greydark hover:!text-white \">Anleitung<\/a><\/p>\n<p><strong>Neue Merkmale<br \/>\n<\/strong>Keine<\/p>\n<p><strong>Verbesserungen<br \/>\n<\/strong>Keine<\/p>\n<p><strong>Fehlerbehebungen<br \/>\n<\/strong>Geringf\u00fcgige \u00c4nderungen an der Firmware f\u00fcr &#8222;Demand Response&#8220; zur Verbesserung der an die Server \u00fcbermittelten Daten f\u00fcr Ger\u00e4te, die die Teilnahme an einem Demand-Response-Ereignis angewiesen haben.<\/p>\n\t\t\t\t\t\t\t<\/div>\n\t\t\t\t\t\t<\/div>\n\n\t\t\t\t\t\n\t\t\t\t<\/div>\n\t\t\t\n\t\t\t\t<div class=\"faq bg-grey-20 rounded-2.5xl mb-3 xl:ml-2.5 accent-green\">\n\t\t\t\t\t\n\t\t\t\t\t\t<!--Title-->\n\t\t\t\t\t\t<button role=\"button\" class=\"relative py-[23px] pr-7.5 pl-10 flex items-center justify-between w-full text-left no-underline appearance-none faq-title\" aria-expanded=\"false\" aria-controls=\"block_f9b327a19ca8a5abf67445b2c9a67236-answer-2\">\n\t\t\t\t\t\t\t<span class=\"h6 !my-0 !text-2.5xl !leading-normal w-9\/12 xs:w-8\/12 lg:!w-11\/12 pointer-events-none\">\n                                zappi 2 &#8211; Firmware Version 3.174 \/ 3.175                            <\/span>\n\t\t\t\t\t\t\t<i class=\"transition duration-300 text-greydark rotate-45 text-[27px] rounded-full pointer-events-none icon-cross\"><\/i>\n\t\t\t\t\t\t<\/button>\n\n\t\t\t\t\t\t<!-- Content -->\n\t\t\t\t\t\t<div class=\"pl-10 overflow-hidden sm:pl-15 pb-6 lg:pb-7.5 faq-answer\" id=\"block_f9b327a19ca8a5abf67445b2c9a67236-answer-2\">\n\t\t\t\t\t\t\t<div class=\"w-full text-lg faq-content first-mt-0 last-mb-0 px-7.5 sm:px-10 border-l-2 border-green\">\n\t\t\t\t\t\t\t\t<p>Ver\u00f6ffentlicht am 21\/08\/2022- Vorherige Version 3.171<\/p>\n<p>Bitte beachten Sie, dass diese Firmware-Version f\u00fcr das Original zappi 2.0 gilt.<br \/>\nSie gilt nicht f\u00fcr zappi mit eingebautem WiFi\/Ethernet.<\/p>\n<p>Bevor Sie das zappi aktualisieren, vergewissern Sie sich bitte, dass auf Ihrem Hub ebenfalls die Firmware-Version 3.051 oder h\u00f6her installiert ist.<\/p>\n<p>Anleitungen zum Aktualisieren der Firmware auf Ihrem zappi und anderen myenergi-Ger\u00e4ten finden Sie hier:<br \/>\n<a href=\"https:\/\/www.myenergi.com\/de\/faq\/\" target=\"_self\" class=\"mt-3 mr-2 btn !bg-transparent hover:opacity-100 transition-colors duration-200 !text-greydark !border-greydark hover:!bg-greydark hover:!text-white \">Anleitung<\/a><\/p>\n<p><strong>Neue Merkmale<br \/>\n<\/strong>Keine<\/p>\n<p><strong>Verbesserungen<br \/>\n<\/strong>Keine<\/p>\n<p><strong>\u00a0<\/strong><strong>Fehlerbehebungen<\/strong><\/p>\n<ul>\n<li>Das PWM-Signal konnte im Stop-Modus kurzzeitig eingeschaltet werden.\u00a0 Dies geschah, wenn ein geplanter Ladevorgang eingestellt war, zappi sich aber im STOP-Modus befand.\u00a0 Der Kia EV6 reagierte auf dieses Signal und weckte die Onboard-Elektronik auf.<\/li>\n<li>Der an den Server gesendete Status &#8222;\u00dcber-\/Unterspannungsfehler&#8220; wurde nicht gel\u00f6scht, wenn die Spannung wieder normal war.\u00a0 Dies f\u00fchrte zu einem Absturz der App.<\/li>\n<li>ChargeGreen% in den Ereignisprotokollen korrigiert (derzeit nur auf dem lokalen Display verf\u00fcgbar &#8211; Green % wird in Zukunft auf myaccount verf\u00fcgbar sein)<\/li>\n<li>Zeitzonen k\u00f6nnen nun in der richtigen Reihenfolge ausgew\u00e4hlt werden und die Anzeige entspricht der anzuwendenden Zeitverschiebung (betrifft australische und neuseel\u00e4ndische Zeitzonen)<\/li>\n<\/ul>\n<p>3.175: Hot Fix zur Behebung eines Problems mit der Radiofrequenz bei Auswahl der Zeitzone AEST\/AESTT.<\/p>\n\t\t\t\t\t\t\t<\/div>\n\t\t\t\t\t\t<\/div>\n\n\t\t\t\t\t\n\t\t\t\t<\/div>\n\t\t\t\n\t\t\t\t<div class=\"faq bg-grey-20 rounded-2.5xl mb-3 xl:ml-2.5 accent-green\">\n\t\t\t\t\t\n\t\t\t\t\t\t<!--Title-->\n\t\t\t\t\t\t<button role=\"button\" class=\"relative py-[23px] pr-7.5 pl-10 flex items-center justify-between w-full text-left no-underline appearance-none faq-title\" aria-expanded=\"false\" aria-controls=\"block_f9b327a19ca8a5abf67445b2c9a67236-answer-3\">\n\t\t\t\t\t\t\t<span class=\"h6 !my-0 !text-2.5xl !leading-normal w-9\/12 xs:w-8\/12 lg:!w-11\/12 pointer-events-none\">\n                                zappi 2 + WiFI\/vHub &#8211; Firmware Version 4.537                            <\/span>\n\t\t\t\t\t\t\t<i class=\"transition duration-300 text-greydark rotate-45 text-[27px] rounded-full pointer-events-none icon-cross\"><\/i>\n\t\t\t\t\t\t<\/button>\n\n\t\t\t\t\t\t<!-- Content -->\n\t\t\t\t\t\t<div class=\"pl-10 overflow-hidden sm:pl-15 pb-6 lg:pb-7.5 faq-answer\" id=\"block_f9b327a19ca8a5abf67445b2c9a67236-answer-3\">\n\t\t\t\t\t\t\t<div class=\"w-full text-lg faq-content first-mt-0 last-mb-0 px-7.5 sm:px-10 border-l-2 border-green\">\n\t\t\t\t\t\t\t\t<p>Ver\u00f6ffentlicht 14\/02\/2023 &#8211; Vorherige Version 4.245<\/p>\n<p>Bitte beachten Sie, dass diese Firmware-Version nur f\u00fcr den zappi v2 mit integriertem Ethernet, WiFi und &#8222;vHub&#8220; gilt.\u00a0 Diese zappis haben eine Seriennummer, die mit einer &#8222;2&#8220; oder h\u00f6her beginnt.<br \/>\nSie gilt nicht f\u00fcr fr\u00fchere Versionen von zappi ohne eingebautes WiFi\/Ethernet.<\/p>\n<p><strong>Fehlerbehebungen<\/strong><\/p>\n<ul>\n<li>Das &#8222;vhub&#8220;- oder &#8222;gateway&#8220;-Ger\u00e4t leitet nun Ladeprotokolle von anderen zappi 2.1 im Netzwerk weiter<\/li>\n<li>Verbesserungen am neuen Code f\u00fcr die Ladeprotokolle, um einige Situationen zu bew\u00e4ltigen, in denen die Protokolle besch\u00e4digt wurden und dann nicht auf den Server hochgeladen werden konnten<\/li>\n<li>Die Zeitzone wurde nicht korrekt an den Server gemeldet<\/li>\n<\/ul>\n<p><strong>Verbesserungen<br \/>\n<\/strong>Keine<\/p>\n<p><strong>Neue Funktionen\/Erweiterungen<br \/>\n<\/strong>Keine<\/p>\n\t\t\t\t\t\t\t<\/div>\n\t\t\t\t\t\t<\/div>\n\n\t\t\t\t\t\n\t\t\t\t<\/div>\n\t\t\t\n\t\t\t\t<div class=\"faq bg-grey-20 rounded-2.5xl mb-3 xl:ml-2.5 accent-green\">\n\t\t\t\t\t\n\t\t\t\t\t\t<!--Title-->\n\t\t\t\t\t\t<button role=\"button\" class=\"relative py-[23px] pr-7.5 pl-10 flex items-center justify-between w-full text-left no-underline appearance-none faq-title\" aria-expanded=\"false\" aria-controls=\"block_f9b327a19ca8a5abf67445b2c9a67236-answer-4\">\n\t\t\t\t\t\t\t<span class=\"h6 !my-0 !text-2.5xl !leading-normal w-9\/12 xs:w-8\/12 lg:!w-11\/12 pointer-events-none\">\n                                zappi 2 + WiFI\/vHub &#8211; Firmware Version 4.525                            <\/span>\n\t\t\t\t\t\t\t<i class=\"transition duration-300 text-greydark rotate-45 text-[27px] rounded-full pointer-events-none icon-cross\"><\/i>\n\t\t\t\t\t\t<\/button>\n\n\t\t\t\t\t\t<!-- Content -->\n\t\t\t\t\t\t<div class=\"pl-10 overflow-hidden sm:pl-15 pb-6 lg:pb-7.5 faq-answer\" id=\"block_f9b327a19ca8a5abf67445b2c9a67236-answer-4\">\n\t\t\t\t\t\t\t<div class=\"w-full text-lg faq-content first-mt-0 last-mb-0 px-7.5 sm:px-10 border-l-2 border-green\">\n\t\t\t\t\t\t\t\t<p>Ver\u00f6ffentlicht 16\/01\/2023 &#8211; Vorherige Version 4.246<\/p>\n<p>Bitte beachten Sie, dass diese Firmware-Version nur f\u00fcr den zappi v2 mit integriertem Ethernet, WiFi und &#8222;vHub&#8220; gilt.\u00a0 Diese zappis haben eine Seriennummer, die mit einer &#8222;2&#8220; oder h\u00f6her beginnt.<br \/>\nSie gilt nicht f\u00fcr fr\u00fchere Versionen von zappi ohne eingebautes WiFi\/Ethernet.<\/p>\n<p><strong>Fehlerbehebungen<\/strong><\/p>\n<ul>\n<li>Hintergrund-Download \/ neue Firmware verf\u00fcgbar-Flags wurden gesetzt, auch wenn alle Firmware auf dem Zappi aktuell ist.\u00a0 Links zum Aktualisieren in der myenergi-App, damit die Firmware direkt von der App aus aktualisiert werden kann, h\u00e4tten zu unn\u00f6tigen Benachrichtigungen in der App gef\u00fchrt, wenn ein Update nicht erforderlich ist.<\/li>\n<li>Ger\u00e4te im gleichen Netzwerk haben gelegentlich die gleiche &#8222;Netzwerk-ID&#8220; eingestellt, was zu Problemen bei der Kommunikation zwischen den Ger\u00e4ten f\u00fchrt<\/li>\n<\/ul>\n<p><strong>\u00a0<\/strong><strong>Verbesserungen<\/strong><\/p>\n<ul>\n<li>Verschiedene Sicherheitsupdates zur Verbesserung der Verschl\u00fcsselung von Daten, die zwischen dem Gateway-Ger\u00e4t (Hub \/ &#8222;vHub&#8220;) und dem Server gesendet werden, und zur \u00dcberpr\u00fcfung der Quelle von Over-the-Air-Firmware-Updates.<\/li>\n<\/ul>\n<p><strong>Neue Funktionen\/Erweiterungen<br \/>\n<\/strong>Keine<\/p>\n\t\t\t\t\t\t\t<\/div>\n\t\t\t\t\t\t<\/div>\n\n\t\t\t\t\t\n\t\t\t\t<\/div>\n\t\t\t\n\t\t\t\t<div class=\"faq bg-grey-20 rounded-2.5xl mb-3 xl:ml-2.5 accent-green\">\n\t\t\t\t\t\n\t\t\t\t\t\t<!--Title-->\n\t\t\t\t\t\t<button role=\"button\" class=\"relative py-[23px] pr-7.5 pl-10 flex items-center justify-between w-full text-left no-underline appearance-none faq-title\" aria-expanded=\"false\" aria-controls=\"block_f9b327a19ca8a5abf67445b2c9a67236-answer-5\">\n\t\t\t\t\t\t\t<span class=\"h6 !my-0 !text-2.5xl !leading-normal w-9\/12 xs:w-8\/12 lg:!w-11\/12 pointer-events-none\">\n                                zappi 2 + WiFI\/vHub &#8211; Firmware Version 4.538                            <\/span>\n\t\t\t\t\t\t\t<i class=\"transition duration-300 text-greydark rotate-45 text-[27px] rounded-full pointer-events-none icon-cross\"><\/i>\n\t\t\t\t\t\t<\/button>\n\n\t\t\t\t\t\t<!-- Content -->\n\t\t\t\t\t\t<div class=\"pl-10 overflow-hidden sm:pl-15 pb-6 lg:pb-7.5 faq-answer\" id=\"block_f9b327a19ca8a5abf67445b2c9a67236-answer-5\">\n\t\t\t\t\t\t\t<div class=\"w-full text-lg faq-content first-mt-0 last-mb-0 px-7.5 sm:px-10 border-l-2 border-green\">\n\t\t\t\t\t\t\t\t<p>Ver\u00f6ffentlicht 27\/02\/2023 &#8211; Vorherige Version 4.537<\/p>\n<p>Bitte beachten Sie, dass diese Firmware-Version nur f\u00fcr den zappi v2 mit integriertem Ethernet, WiFi und &#8222;vHub&#8220; gilt.\u00a0 Diese zappis haben eine Seriennummer, die mit einer &#8222;2&#8220; oder h\u00f6her beginnt.<br \/>\nSie gilt nicht f\u00fcr fr\u00fchere Versionen von zappi ohne eingebautes WiFi\/Ethernet.<\/p>\n<p><strong>Fehlerbehebungen<br \/>\n<\/strong>Das Ladeprotokoll des zappi wurde nicht aufgezeichnet, wenn der zappi den Zustand \u201eLadevorgang vollendet\u201c erreicht<\/p>\n<p><strong>Verbesserungen<br \/>\n<\/strong>Keine<\/p>\n<p><strong>Neue Funktionen\/Erweiterungen<br \/>\n<\/strong>Keine<\/p>\n<p>Vorausgesetzt, Ihr zappi ist mit dem Internet verbunden, wird die Firmware in der Woche nach der Firmware-Ver\u00f6ffentlichung automatisch heruntergeladen.\u00a0Wenn Sie die neueste Version der myenergi-App verwenden, werden Sie nach dem Herunterladen aufgefordert, das Update in der App abzuschlie\u00dfen.<\/p>\n<p>Alternativ k\u00f6nnen Sie die Firmware-Installation \u00fcber die lokale Steuerung von zappi abschlie\u00dfen \u2013 siehe diesen Artikel f\u00fcr weitere Details: <a href=\"https:\/\/support.myenergi.com\/hc\/en-gb\/articles\/6677919544593\" target=\"_blank\" rel=\"noopener\">Aktualisieren der Firmware auf Ihrem zappi v2 + WiFi\/vHub<\/a><\/p>\n\t\t\t\t\t\t\t<\/div>\n\t\t\t\t\t\t<\/div>\n\n\t\t\t\t\t\n\t\t\t\t<\/div>\n\t\t\t\t\t<\/div>\n\t<\/div>\n<\/div>\n\n","protected":false},"excerpt":{"rendered":"","protected":false},"author":16647,"featured_media":0,"parent":0,"menu_order":0,"comment_status":"closed","ping_status":"closed","template":"","meta":{"_acf_changed":false,"footnotes":""},"class_list":["post-46552","page","type-page","status-publish","hentry"],"acf":[],"_links":{"self":[{"href":"https:\/\/www.myenergi.com\/de\/wp-json\/wp\/v2\/pages\/46552","targetHints":{"allow":["GET"]}}],"collection":[{"href":"https:\/\/www.myenergi.com\/de\/wp-json\/wp\/v2\/pages"}],"about":[{"href":"https:\/\/www.myenergi.com\/de\/wp-json\/wp\/v2\/types\/page"}],"author":[{"embeddable":true,"href":"https:\/\/www.myenergi.com\/de\/wp-json\/wp\/v2\/users\/16647"}],"replies":[{"embeddable":true,"href":"https:\/\/www.myenergi.com\/de\/wp-json\/wp\/v2\/comments?post=46552"}],"version-history":[{"count":9,"href":"https:\/\/www.myenergi.com\/de\/wp-json\/wp\/v2\/pages\/46552\/revisions"}],"predecessor-version":[{"id":55656,"href":"https:\/\/www.myenergi.com\/de\/wp-json\/wp\/v2\/pages\/46552\/revisions\/55656"}],"wp:attachment":[{"href":"https:\/\/www.myenergi.com\/de\/wp-json\/wp\/v2\/media?parent=46552"}],"curies":[{"name":"wp","href":"https:\/\/api.w.org\/{rel}","templated":true}]}}