{"id":33820,"date":"2022-05-12T09:22:29","date_gmt":"2022-05-12T08:22:29","guid":{"rendered":"https:\/\/myenergi.com\/?page_id=33820"},"modified":"2024-06-21T09:16:16","modified_gmt":"2024-06-21T08:16:16","slug":"verbrauch-managen","status":"publish","type":"page","link":"https:\/\/www.myenergi.com\/de\/verbrauch-managen\/","title":{"rendered":"Verbrauch managen"},"content":{"rendered":"\n\n<div id='block-header-basic-block_36fb3b8a3be1204bc7d8ef3192ff59e6'  class='flexi-block header-basic-block pt-0 pb-0 relative header-with-image'>\n\n\n    <div class=\"relative \">\n\t\n            <img decoding=\"async\" width=\"1920\" height=\"800\" src=\"https:\/\/www.myenergi.com\/de\/wp-content\/uploads\/sites\/7\/2022\/05\/0126-1-1920x800.jpg\" class=\"absolute top-0 left-0 object-cover w-full h-full z-[-1]  rounded-bl-2.5xl block\" alt=\"smart charge point regulations explained | Myenergi\" style=\"opacity: 1\" loading=\"lazy\" srcset=\"\" \/>        \n\t<div class=\"container flex flex-col mx-auto invert-color  min-h-[394px]  pb-9  justify-end py-11 md:py-9 lg:py-11 \">\n\t\t<div class=\"first-mt-0 pb-9 lg:pb-4\">\n                            <h1 class=\"h2 lg:h3 !mb-0\">\n                    Verbrauch managen                <\/h1>\n                    <\/div>\n\n\t\t\t<\/div>\n    <\/div>\n<\/div>\n\n\n\n<div id='block-fifty-fifty-img-txt-full-width-block_a28ba3be535d5270906f40e0ebe4e800'  class='bg-white flexi-block fifty-fifty-img-txt-full-width-block pt-0 pb-0'>\n\t<div class=\"relative z-10 flex flex-wrap w-full max-w-3xl m-auto  flex-col-reverse lg:flex-row image-left\">\n\n        \n            <div class=\"w-full pt-20 img-wrapper lg:w-1\/2 image-left lg:pt-0 \">\n                                <img loading=\"lazy\" decoding=\"async\" width=\"960\" height=\"744\" src=\"https:\/\/www.myenergi.com\/de\/wp-content\/uploads\/sites\/7\/2022\/09\/myenergi-zappi-app-together-e1660210988630.png\" class=\"w-full h-full load-hidden block object-cover \" alt=\"\" style=\"opacity: 1\" srcset=\"https:\/\/www.myenergi.com\/de\/wp-content\/uploads\/sites\/7\/2022\/09\/myenergi-zappi-app-together-e1660210988630.png 960w, https:\/\/www.myenergi.com\/de\/wp-content\/uploads\/sites\/7\/2022\/09\/myenergi-zappi-app-together-e1660210988630-300x233.png 300w, https:\/\/www.myenergi.com\/de\/wp-content\/uploads\/sites\/7\/2022\/09\/myenergi-zappi-app-together-e1660210988630-768x595.png 768w, https:\/\/www.myenergi.com\/de\/wp-content\/uploads\/sites\/7\/2022\/09\/myenergi-zappi-app-together-e1660210988630-600x465.png 600w, https:\/\/www.myenergi.com\/de\/wp-content\/uploads\/sites\/7\/2022\/09\/myenergi-zappi-app-together-e1660210988630-250x194.png 250w\" sizes=\"auto, (max-width: 960px) 100vw, 960px\" \/>\n            <\/div>\n\n        \n        \n            <div class=\"container flex items-center justify-center mx-auto lg:w-1\/2 pt-20 lg:py-30 2xl:py-75\">\n                <div class=\"w-full lg:max-w-[27rem] xl:max-w-md first-mt-0 px-2.5 lg:px-0 last-mb-0 content-wrapper load-hidden\">\n                    <h2 class=\"h3  text-left  \">Alle Ger\u00e4te einfach steuern<\/h2>\n<p style=\"font-weight: 400\">Mit der myenergi app steuern Sie alle unsere Ger\u00e4te bequem und einfach mit Ihrem Smartphone. Verfolgen Sie Ihren aktuellen Stromverbrauch in Echtzeit und unterbrechen oder drosseln Sie ihn bei Bedarf. Zum Beispiel falls ein zu teurer Tarif genutzt wird. F\u00fcr die technisch versierten besteht die Option tiefer einzusteigen und ins myenergi Portal zu schauen. Dort k\u00f6nnen Sie genau sehen, wie Ihre Ger\u00e4te konfiguriert sind, um gut zusammenzuarbeiten.<\/p>\n                <\/div>\n            <\/div>\n\n        \n\t<\/div>\n<\/div>\n","protected":false},"excerpt":{"rendered":"","protected":false},"author":1,"featured_media":0,"parent":0,"menu_order":0,"comment_status":"closed","ping_status":"closed","template":"","meta":{"_acf_changed":false,"footnotes":""},"class_list":["post-33820","page","type-page","status-publish","hentry"],"acf":[],"_links":{"self":[{"href":"https:\/\/www.myenergi.com\/de\/wp-json\/wp\/v2\/pages\/33820","targetHints":{"allow":["GET"]}}],"collection":[{"href":"https:\/\/www.myenergi.com\/de\/wp-json\/wp\/v2\/pages"}],"about":[{"href":"https:\/\/www.myenergi.com\/de\/wp-json\/wp\/v2\/types\/page"}],"author":[{"embeddable":true,"href":"https:\/\/www.myenergi.com\/de\/wp-json\/wp\/v2\/users\/1"}],"replies":[{"embeddable":true,"href":"https:\/\/www.myenergi.com\/de\/wp-json\/wp\/v2\/comments?post=33820"}],"version-history":[{"count":10,"href":"https:\/\/www.myenergi.com\/de\/wp-json\/wp\/v2\/pages\/33820\/revisions"}],"predecessor-version":[{"id":49864,"href":"https:\/\/www.myenergi.com\/de\/wp-json\/wp\/v2\/pages\/33820\/revisions\/49864"}],"wp:attachment":[{"href":"https:\/\/www.myenergi.com\/de\/wp-json\/wp\/v2\/media?parent=33820"}],"curies":[{"name":"wp","href":"https:\/\/api.w.org\/{rel}","templated":true}]}}