{"id":33817,"date":"2022-05-12T09:22:05","date_gmt":"2022-05-12T08:22:05","guid":{"rendered":"https:\/\/myenergi.com\/?page_id=33817"},"modified":"2024-06-21T09:15:44","modified_gmt":"2024-06-21T08:15:44","slug":"home-energy-management-system","status":"publish","type":"page","link":"https:\/\/www.myenergi.com\/de\/home-energy-management-system\/","title":{"rendered":"Home Energy Management"},"content":{"rendered":"\n\n<div id='block-header-basic-block_9c4829d0907e18a9d8acba2aa0486e8a'  class='flexi-block header-basic-block pt-0 pb-8 relative header-with-image'>\n\n\n    <div class=\"relative \">\n\t\n            <img decoding=\"async\" width=\"1920\" height=\"800\" src=\"https:\/\/www.myenergi.com\/de\/wp-content\/uploads\/sites\/7\/2022\/05\/0353-1920x800.jpg\" class=\"absolute top-0 left-0 object-cover w-full h-full z-[-1]  rounded-bl-2.5xl block\" alt=\"\" style=\"opacity: 1\" loading=\"lazy\" srcset=\"\" \/>        \n\t<div class=\"container flex flex-col mx-auto invert-color  min-h-[394px]  pb-9  justify-end py-11 md:py-9 lg:py-11 \">\n\t\t<div class=\"first-mt-0 pb-9 lg:pb-4\">\n                            <h1 class=\"h2 lg:h3 !mb-0\">\n                    Vorfahrt f\u00fcr selbstproduzierte Energie                <\/h1>\n                    <\/div>\n\n\t\t\t<\/div>\n    <\/div>\n<\/div>\n\n\n\n<div id=\"block-fifty-fifty-img-txt-block_792c77a85672292e9f3f1cfd050d0ce1\"  class=\"bg-white flexi-block fifty-fifty-img-txt-block  \">\n\t<div class=\"container relative z-10 flex flex-wrap justify-center pb-0 mx-auto pt-12 md:pt-20 lg:pt-32 pb-8 lg:pb-16 \">\n        <div class=\"flex flex-wrap w-full justify-center lg:justify-between items-center    \">\n\n            \n                <div class=\"w-full load-hidden image-wrapper lg:w-1\/2 md:max-w-[500px] lg:max-w-none  xl:pr-3.9\">\n                    <img decoding=\"async\" width=\"759\" height=\"1024\" src=\"https:\/\/www.myenergi.com\/de\/wp-content\/uploads\/sites\/7\/2022\/12\/HEM_2-759x1024.png\" class=\"w-full rounded-2.5xl\" alt=\"\" style=\"opacity: 1\" loading=\"lazy\" srcset=\"https:\/\/www.myenergi.com\/de\/wp-content\/uploads\/sites\/7\/2022\/12\/HEM_2-759x1024.png 759w, https:\/\/www.myenergi.com\/de\/wp-content\/uploads\/sites\/7\/2022\/12\/HEM_2-222x300.png 222w, https:\/\/www.myenergi.com\/de\/wp-content\/uploads\/sites\/7\/2022\/12\/HEM_2-768x1037.png 768w, https:\/\/www.myenergi.com\/de\/wp-content\/uploads\/sites\/7\/2022\/12\/HEM_2-600x810.png 600w, https:\/\/www.myenergi.com\/de\/wp-content\/uploads\/sites\/7\/2022\/12\/HEM_2-185x250.png 185w, https:\/\/www.myenergi.com\/de\/wp-content\/uploads\/sites\/7\/2022\/12\/HEM_2.png 800w\" sizes=\"auto, (max-width: 759px) 100vw, 759px\" \/>                <\/div>\n\n            \n            \n                <div class=\"w-full self-center lg:w-1\/2 md:max-w-[500px] lg:max-w-none lg:pl-20 2xl:pl-45 pt-12 lg:pt-0 load-hidden content-wrapper\">\n                    <div class=\"w-full first-mt-0 last-mb-0 \">\n                        <h2 class=\"h3  text-left  \">Energie selbst nutzen<\/h2>\n<p>Der Schl\u00fcssel f\u00fcr ein energieautarkes Leben liegt in der optimalen Nutzung von selbstproduzierter Energie. Als Besitzer einer Photovoltaik-Anlagen m\u00f6chte man nat\u00fcrlich so viel wie m\u00f6glich vom eigenen Solarstrom selbst verbrauchen. Und den Zukauf von Strom aus dem Stromnetz soweit reduzieren, wie es geht. Dabei unterst\u00fctzt ein sogenanntes Home Energy Management System, dessen Herzst\u00fcck unser Transferschalter eddi bildet. eddi pr\u00fcft st\u00e4ndig, ob ein PV-\u00dcberschuss vorhanden ist und schaltet Verbraucher im Haushalt zu, um diesen selbst zu verbrauchen, statt den Strom ins \u00f6ffentliche Stromnetz einzuspeisen. Abh\u00e4ngig vom Eigenverbrauch und dem PV-\u00dcberschuss entscheidet eddi, welche Ger\u00e4te den PV-\u00dcberschuss zur Verf\u00fcgung gestellt bekommt oder ob Ihr PV-Strom ins \u00f6ffentlich Netz gespeist wird.<\/p>\n                    <\/div>\n                <\/div>\n\n                    <\/div>\n\t<\/div>\n<\/div>\n\n\n\n\n\n    <div id='block-page-hero-block-block_b55835027c92b4a115a7d2a4616e594e'  class='flexi-block page-hero-block-block '>\n        <div class=\"pt-12 md:pt-20 lg:pt-32 pb-0 \">\n\n            <div class='heroslider relative overflow-hidden no-swiper' data-active=\"1\">\n\n\t\t\t\t<div class=\"\">\n\n\t\t\t\t\t\n\t\t\t\t\t\t<div class=\"relative h-full !w-full flex min-h-screen  invert-color swiper-slide-active\" data-swiper-autoplay=\"7000\">\n\n\t\t\t\t\t\t\t<img decoding=\"async\" width=\"1920\" height=\"800\" src=\"https:\/\/www.myenergi.com\/de\/wp-content\/uploads\/sites\/7\/2022\/09\/myenergi-app-manage-energy-1920x800.jpg\" class=\"absolute top-0 left-0 object-cover w-full h-full block\" alt=\"\" loading=\"eager\" fetchpriority=\"high\" srcset=\"\" \/>\n\t\t\t\t\t\t\t\t<div class=\"container flex content-start relative z-10 mx-auto text-white py-30 lg:py-48 hero-padding:pt-40 main-content  my-auto items-center justify-start\">\n\n\t\t\t\t\t\t\t\t\t<div class=\"load-hidden block w-full max-w-[28rem] lg:max-w-[45rem] break-words first-mt-0 last-mb-0 \">\n\t\t\t\t\t\t\t\t\t\t<h3 class=\"h2 !text-white text-left  \">Kosten und Verbrauch im Blick<\/h3>\n<p>Mit der myenergi app steuern Sie alle unsere Ger\u00e4te bequem und einfach mit Ihrem Smartphone. Verfolgen Sie Ihren aktuellen Stromverbrauch in Echtzeit und unterbrechen oder drosseln Sie ihn bei Bedarf. Zum Beispiel falls ein zu teurer Tarif genutzt wird.<\/p>\n<p><a href=\"https:\/\/play.google.com\/store\/apps\/details?id=com.myenergi&#038;hl=en_GB&#038;gl=US\" target=\"_blank\" rel=\"noopener\"><img loading=\"lazy\" decoding=\"async\" class=\"alignleft wp-image-34592\" src=\"https:\/\/myenergi.com\/wp-content\/uploads\/2022\/05\/play-store.png\" alt=\"\" width=\"183\" height=\"54\" \/><\/a> <a href=\"https:\/\/apps.apple.com\/gb\/app\/myenergi\/id1441944813\" target=\"_blank\" rel=\"noopener\"><img loading=\"lazy\" decoding=\"async\" class=\"alignleft wp-image-34593\" src=\"https:\/\/myenergi.com\/wp-content\/uploads\/2022\/05\/app-store.png\" alt=\"\" width=\"157\" height=\"54\" \/><\/a><\/p>\n\t\t\t\t\t\t\t\t\t<\/div>\n\n\t\t\t\t\t\t\t\t<\/div>\n\n\t\t\t\t\t\t\t\n\t\t\t\t\t\t<\/div>\n\n\t\t\t\t\t\n\t\t\t\t<\/div>\n\n                \t\t\t<\/div>\n\t\t<\/div>\n\t<\/div>\n","protected":false},"excerpt":{"rendered":"","protected":false},"author":1,"featured_media":0,"parent":0,"menu_order":0,"comment_status":"closed","ping_status":"closed","template":"","meta":{"_acf_changed":false,"footnotes":""},"class_list":["post-33817","page","type-page","status-publish","hentry"],"acf":[],"_links":{"self":[{"href":"https:\/\/www.myenergi.com\/de\/wp-json\/wp\/v2\/pages\/33817","targetHints":{"allow":["GET"]}}],"collection":[{"href":"https:\/\/www.myenergi.com\/de\/wp-json\/wp\/v2\/pages"}],"about":[{"href":"https:\/\/www.myenergi.com\/de\/wp-json\/wp\/v2\/types\/page"}],"author":[{"embeddable":true,"href":"https:\/\/www.myenergi.com\/de\/wp-json\/wp\/v2\/users\/1"}],"replies":[{"embeddable":true,"href":"https:\/\/www.myenergi.com\/de\/wp-json\/wp\/v2\/comments?post=33817"}],"version-history":[{"count":10,"href":"https:\/\/www.myenergi.com\/de\/wp-json\/wp\/v2\/pages\/33817\/revisions"}],"predecessor-version":[{"id":49866,"href":"https:\/\/www.myenergi.com\/de\/wp-json\/wp\/v2\/pages\/33817\/revisions\/49866"}],"wp:attachment":[{"href":"https:\/\/www.myenergi.com\/de\/wp-json\/wp\/v2\/media?parent=33817"}],"curies":[{"name":"wp","href":"https:\/\/api.w.org\/{rel}","templated":true}]}}