{"id":33814,"date":"2022-05-12T09:21:40","date_gmt":"2022-05-12T08:21:40","guid":{"rendered":"https:\/\/myenergi.com\/?page_id=33814"},"modified":"2024-06-21T09:14:32","modified_gmt":"2024-06-21T08:14:32","slug":"waermepumpe","status":"publish","type":"page","link":"https:\/\/www.myenergi.com\/de\/waermepumpe\/","title":{"rendered":"W\u00e4rmepumpe"},"content":{"rendered":"\n\n<div id='block-header-basic-block_de557a99aa0187e281e139db672689a9'  class='flexi-block header-basic-block pt-0 pb-8 relative header-with-image'>\n\n\n    <div class=\"relative \">\n\t\n            <img decoding=\"async\" width=\"1920\" height=\"788\" src=\"https:\/\/www.myenergi.com\/de\/wp-content\/uploads\/sites\/7\/2022\/12\/das-perfecte-match.png\" class=\"absolute top-0 left-0 object-cover w-full h-full z-[-1]  rounded-bl-2.5xl block\" alt=\"\" style=\"opacity: 1\" loading=\"lazy\" srcset=\"https:\/\/www.myenergi.com\/de\/wp-content\/uploads\/sites\/7\/2022\/12\/das-perfecte-match.png 1920w, https:\/\/www.myenergi.com\/de\/wp-content\/uploads\/sites\/7\/2022\/12\/das-perfecte-match-300x123.png 300w, https:\/\/www.myenergi.com\/de\/wp-content\/uploads\/sites\/7\/2022\/12\/das-perfecte-match-1024x420.png 1024w, https:\/\/www.myenergi.com\/de\/wp-content\/uploads\/sites\/7\/2022\/12\/das-perfecte-match-768x315.png 768w, https:\/\/www.myenergi.com\/de\/wp-content\/uploads\/sites\/7\/2022\/12\/das-perfecte-match-1536x630.png 1536w, https:\/\/www.myenergi.com\/de\/wp-content\/uploads\/sites\/7\/2022\/12\/das-perfecte-match-600x246.png 600w, https:\/\/www.myenergi.com\/de\/wp-content\/uploads\/sites\/7\/2022\/12\/das-perfecte-match-250x103.png 250w\" sizes=\"auto, (max-width: 1920px) 100vw, 1920px\" \/>        \n\t<div class=\"container flex flex-col mx-auto invert-color  min-h-[394px]  pb-9  justify-end py-11 md:py-9 lg:py-11 \">\n\t\t<div class=\"first-mt-0 pb-9 lg:pb-4\">\n                            <h1 class=\"h2 lg:h3 !mb-0\">\n                    eddi + W\u00e4rmepumpe                <\/h1>\n                    <\/div>\n\n\t\t\t<\/div>\n    <\/div>\n<\/div>\n\n\n\n<div id=\"block-fifty-fifty-img-txt-block_376f2ab633d5a6d2fa994b0b6053d21f\"  class=\"bg-white flexi-block fifty-fifty-img-txt-block  \">\n\t<div class=\"container relative z-10 flex flex-wrap justify-center pb-0 mx-auto pt-12 md:pt-20 lg:pt-32 pb-12 md:pb-20 lg:pb-32 \">\n        <div class=\"flex flex-wrap w-full justify-center lg:justify-between items-center    \">\n\n            \n                <div class=\"w-full load-hidden image-wrapper lg:w-1\/2 md:max-w-[500px] lg:max-w-none  xl:pr-3.9\">\n                    <img decoding=\"async\" width=\"1024\" height=\"1024\" src=\"https:\/\/www.myenergi.com\/de\/wp-content\/uploads\/sites\/7\/2022\/12\/Waermepumpe_1-1024x1024.png\" class=\"w-full rounded-2.5xl\" alt=\"\" style=\"opacity: 1\" loading=\"lazy\" srcset=\"https:\/\/www.myenergi.com\/de\/wp-content\/uploads\/sites\/7\/2022\/12\/Waermepumpe_1-1024x1024.png 1024w, https:\/\/www.myenergi.com\/de\/wp-content\/uploads\/sites\/7\/2022\/12\/Waermepumpe_1-300x300.png 300w, https:\/\/www.myenergi.com\/de\/wp-content\/uploads\/sites\/7\/2022\/12\/Waermepumpe_1-150x150.png 150w, https:\/\/www.myenergi.com\/de\/wp-content\/uploads\/sites\/7\/2022\/12\/Waermepumpe_1-768x768.png 768w, https:\/\/www.myenergi.com\/de\/wp-content\/uploads\/sites\/7\/2022\/12\/Waermepumpe_1-1536x1536.png 1536w, https:\/\/www.myenergi.com\/de\/wp-content\/uploads\/sites\/7\/2022\/12\/Waermepumpe_1-330x330.png 330w, https:\/\/www.myenergi.com\/de\/wp-content\/uploads\/sites\/7\/2022\/12\/Waermepumpe_1-600x600.png 600w, https:\/\/www.myenergi.com\/de\/wp-content\/uploads\/sites\/7\/2022\/12\/Waermepumpe_1-250x250.png 250w, https:\/\/www.myenergi.com\/de\/wp-content\/uploads\/sites\/7\/2022\/12\/Waermepumpe_1.png 1920w\" sizes=\"auto, (max-width: 1024px) 100vw, 1024px\" \/>                <\/div>\n\n            \n            \n                <div class=\"w-full self-center lg:w-1\/2 md:max-w-[500px] lg:max-w-none lg:pl-20 2xl:pl-45 pt-12 lg:pt-0 load-hidden content-wrapper\">\n                    <div class=\"w-full first-mt-0 last-mb-0 \">\n                        <h2 class=\"h3  text-left  \">Klimaneutral heizen<\/h2>\n<p class=\"p1\">W\u00e4rmepumpen belasten das Klima signifikant geringer als Heizsysteme, die auf fossilen Brennstoffen basieren. Dabei beziehen W\u00e4rmepumpe den Hauptanteil der Heizenergie aus der direkten Umgebung: Drei Viertel der Heizleistung stammen im Schnitt aus der Umgebungsw\u00e4rme, ein Viertel aus Strom. Stammt dieser Strom aus der eigenen Solaranlage, arbeitet die W\u00e4rmepumpe sogar klimaneutral. Das ist auch finanziell interessant, da der CO2-Aussto\u00df immer st\u00e4rker besteuert wird. Im Zusammenspiel mit unserer Energie-Management-L\u00f6sung eddi arbeitet Ihre W\u00e4rmepumpe immer mit maximal viel Solarstrom und greift nur auf Netzstrom zur\u00fcck, wenn die PV-Anlage keinen Strom liefert.<\/p>\n                    <\/div>\n                <\/div>\n\n                    <\/div>\n\t<\/div>\n<\/div>\n\n\n","protected":false},"excerpt":{"rendered":"","protected":false},"author":1,"featured_media":0,"parent":0,"menu_order":0,"comment_status":"closed","ping_status":"closed","template":"","meta":{"_acf_changed":false,"footnotes":""},"class_list":["post-33814","page","type-page","status-publish","hentry"],"acf":[],"_links":{"self":[{"href":"https:\/\/www.myenergi.com\/de\/wp-json\/wp\/v2\/pages\/33814","targetHints":{"allow":["GET"]}}],"collection":[{"href":"https:\/\/www.myenergi.com\/de\/wp-json\/wp\/v2\/pages"}],"about":[{"href":"https:\/\/www.myenergi.com\/de\/wp-json\/wp\/v2\/types\/page"}],"author":[{"embeddable":true,"href":"https:\/\/www.myenergi.com\/de\/wp-json\/wp\/v2\/users\/1"}],"replies":[{"embeddable":true,"href":"https:\/\/www.myenergi.com\/de\/wp-json\/wp\/v2\/comments?post=33814"}],"version-history":[{"count":10,"href":"https:\/\/www.myenergi.com\/de\/wp-json\/wp\/v2\/pages\/33814\/revisions"}],"predecessor-version":[{"id":49862,"href":"https:\/\/www.myenergi.com\/de\/wp-json\/wp\/v2\/pages\/33814\/revisions\/49862"}],"wp:attachment":[{"href":"https:\/\/www.myenergi.com\/de\/wp-json\/wp\/v2\/media?parent=33814"}],"curies":[{"name":"wp","href":"https:\/\/api.w.org\/{rel}","templated":true}]}}