{"id":33715,"date":"2022-05-11T15:53:59","date_gmt":"2022-05-11T14:53:59","guid":{"rendered":"https:\/\/myenergi.com\/?page_id=33715"},"modified":"2023-05-24T09:25:09","modified_gmt":"2023-05-24T08:25:09","slug":"myenergi-app","status":"publish","type":"page","link":"https:\/\/www.myenergi.com\/de\/myenergi-app\/","title":{"rendered":"app"},"content":{"rendered":"\n    <div id='block-page-hero-block-block_e9236f213c837d32d29809b79bea994d'  class='flexi-block page-hero-block-block '>\n        <div class=\"pt-0 pb-8 lg:pb-16 \">\n\n            <div class='heroslider relative overflow-hidden no-swiper' data-active=\"1\">\n\n\t\t\t\t<div class=\"\">\n\n\t\t\t\t\t\n\t\t\t\t\t\t<div class=\"relative h-full !w-full flex min-h-screen  invert-color swiper-slide-active\" data-swiper-autoplay=\"7000\">\n\n\t\t\t\t\t\t\t<img decoding=\"async\" width=\"1920\" height=\"800\" src=\"https:\/\/www.myenergi.com\/de\/wp-content\/uploads\/sites\/7\/2022\/05\/myenergi-app-home-1920x800.png\" class=\"absolute top-0 left-0 object-cover w-full h-full hidden lg:block\" alt=\"\" loading=\"eager\" fetchpriority=\"high\" srcset=\"\" \/><img decoding=\"async\" width=\"529\" height=\"1024\" src=\"https:\/\/www.myenergi.com\/de\/wp-content\/uploads\/sites\/7\/2022\/09\/myenergi-app-connect-mobile-529x1024.jpg\" class=\"absolute top-0 left-0 object-cover w-full h-full block lg:hidden\" alt=\"\" loading=\"eager\" fetchpriority=\"high\" srcset=\"https:\/\/www.myenergi.com\/de\/wp-content\/uploads\/sites\/7\/2022\/09\/myenergi-app-connect-mobile-529x1024.jpg 529w, https:\/\/www.myenergi.com\/de\/wp-content\/uploads\/sites\/7\/2022\/09\/myenergi-app-connect-mobile-155x300.jpg 155w, https:\/\/www.myenergi.com\/de\/wp-content\/uploads\/sites\/7\/2022\/09\/myenergi-app-connect-mobile-768x1488.jpg 768w, https:\/\/www.myenergi.com\/de\/wp-content\/uploads\/sites\/7\/2022\/09\/myenergi-app-connect-mobile-793x1536.jpg 793w, https:\/\/www.myenergi.com\/de\/wp-content\/uploads\/sites\/7\/2022\/09\/myenergi-app-connect-mobile-600x1163.jpg 600w, https:\/\/www.myenergi.com\/de\/wp-content\/uploads\/sites\/7\/2022\/09\/myenergi-app-connect-mobile-129x250.jpg 129w, https:\/\/www.myenergi.com\/de\/wp-content\/uploads\/sites\/7\/2022\/09\/myenergi-app-connect-mobile.jpg 800w\" sizes=\"(max-width: 529px) 100vw, 529px\" \/>\n\t\t\t\t\t\t\t\t<div class=\"container flex content-start relative z-10 mx-auto text-white py-30 lg:py-48 hero-padding:pt-40 main-content  my-auto items-center justify-start\">\n\n\t\t\t\t\t\t\t\t\t<div class=\"load-hidden block w-full max-w-[28rem] lg:max-w-[45rem] break-words first-mt-0 last-mb-0 \">\n\t\t\t\t\t\t\t\t\t\t<span class=\"h2 !text-white text-left  \">Kosten und Verbrauch im Blick<\/span>\n<h1 class=\"h3 !text-green text-left  !font-product !font-normal\">myenergi app<\/h1>\n<p>Mit der myenergi app steuern Sie alle unsere Ger\u00e4te bequem und einfach mit Ihrem Smartphone. Verfolgen Sie Ihren aktuellen Stromverbrauch in Echtzeit und unterbrechen oder drosseln Sie ihn bei Bedarf. Zum Beispiel falls ein zu teurer Tarif genutzt wird.<\/p>\n<p><a href=\"https:\/\/play.google.com\/store\/apps\/details?id=com.myenergi&#038;hl=en_GB&#038;gl=US\" target=\"_blank\" rel=\"noopener\"><img loading=\"lazy\" decoding=\"async\" class=\"alignleft wp-image-34592\" src=\"https:\/\/myenergi.com\/wp-content\/uploads\/2022\/05\/play-store.png\" alt=\"\" width=\"183\" height=\"54\" \/><\/a> <a href=\"https:\/\/apps.apple.com\/gb\/app\/myenergi\/id1441944813\" target=\"_blank\" rel=\"noopener\"><img loading=\"lazy\" decoding=\"async\" class=\"alignleft wp-image-34593\" src=\"https:\/\/myenergi.com\/wp-content\/uploads\/2022\/05\/app-store.png\" alt=\"\" width=\"157\" height=\"54\" \/><\/a><\/p>\n\t\t\t\t\t\t\t\t\t<\/div>\n\n\t\t\t\t\t\t\t\t<\/div>\n\n\t\t\t\t\t\t\t\n\t\t\t\t\t\t<\/div>\n\n\t\t\t\t\t\n\t\t\t\t<\/div>\n\n                \t\t\t<\/div>\n\t\t<\/div>\n\t<\/div>\n\n\n\n\t<div id='block-columns-block_cda38f0601fb526267cc725703ff2c82'  class='bg-white flexi-block columns-block pt-8 lg:pt-16 pb-12 md:pb-20 lg:pb-32 columns overflow-x-hidden'>\n\t\t<div class=\"container relative z-10 mx-auto max-w-8xl\">\n\t\t\t<div class=\"grid grid-cols-1 gap-7.5 lg:grid-cols-2 \">\n\n\t\t\t\t\n\t\t\t\t\t<div class=\"w-full w-full load-hidden flex flex-wrap flex-col column column-2\">\n\t\t\t\t\t\t\t\t\t\t\t<div class=\"w-full lg:pl-7.5 relative image-wrapper\">\n\t\t\t\t\t\t\t\t<img loading=\"lazy\" decoding=\"async\" width=\"690\" height=\"690\" src=\"https:\/\/www.myenergi.com\/de\/wp-content\/uploads\/sites\/7\/2022\/09\/myenergi-app-zappi.jpg\" class=\" w-full relative z-10 rounded-0.5xl\" alt=\"\" srcset=\"https:\/\/www.myenergi.com\/de\/wp-content\/uploads\/sites\/7\/2022\/09\/myenergi-app-zappi.jpg 690w, https:\/\/www.myenergi.com\/de\/wp-content\/uploads\/sites\/7\/2022\/09\/myenergi-app-zappi-300x300.jpg 300w, https:\/\/www.myenergi.com\/de\/wp-content\/uploads\/sites\/7\/2022\/09\/myenergi-app-zappi-150x150.jpg 150w, https:\/\/www.myenergi.com\/de\/wp-content\/uploads\/sites\/7\/2022\/09\/myenergi-app-zappi-330x330.jpg 330w, https:\/\/www.myenergi.com\/de\/wp-content\/uploads\/sites\/7\/2022\/09\/myenergi-app-zappi-600x600.jpg 600w, https:\/\/www.myenergi.com\/de\/wp-content\/uploads\/sites\/7\/2022\/09\/myenergi-app-zappi-250x250.jpg 250w\" sizes=\"auto, (max-width: 690px) 100vw, 690px\" \/>\t\t\t\t\t\t\t<\/div>\n\t\t\t\t\t\t\t\t\t\t<div class=\"w-full first-mt-0 last-mb-0 grow content-wrapper relative sm:px-10 pb-7 xl:pl-20 xl:pr-32 lg:py-16 pt-9 pb-8 md:pb-[62px] lg:pt-14 md:pt-16 sm:bg-grey-19 rounded-b-2.5xl \">\n\t\t\t\t\t\t\t\t<span class=\"subtitle2  text-left  \">Die Vorteile<\/span>\n<h2 class=\"h4  text-left  \">Ihre Schaltzentrale<\/h2>\n<p>Die App ist Ihre Kontrollstation f\u00fcr den kompletten Energiefluss in Ihrem Haushalt. Ein Muss f\u00fcr jeden, der unsere Produkte nutzt. Sie bietet ein anschauliches, visuelles Dashboard, mit dem Sie erkennen, wie Ihre Ger\u00e4te arbeiten und wie viel Energie aktuell flie\u00dft. Und Sie k\u00f6nnen mit der App remote eingreifen und bei Bedarf regulieren.<\/p>\n\t\t\t\t\t\t<\/div>\n\t\t\t\t\t\t\t\t\t<\/div>\n\t\t\t\t\n\t\t\t\t\t<div class=\"w-full w-full load-hidden flex flex-wrap flex-col column column-2\">\n\t\t\t\t\t\t\t\t\t\t\t<div class=\"w-full lg:pl-7.5 relative image-wrapper\">\n\t\t\t\t\t\t\t\t<img loading=\"lazy\" decoding=\"async\" width=\"690\" height=\"690\" src=\"https:\/\/www.myenergi.com\/de\/wp-content\/uploads\/sites\/7\/2022\/09\/myenergi-app-zappi-galaxy.jpg\" class=\" w-full relative z-10 rounded-0.5xl\" alt=\"\" srcset=\"https:\/\/www.myenergi.com\/de\/wp-content\/uploads\/sites\/7\/2022\/09\/myenergi-app-zappi-galaxy.jpg 690w, https:\/\/www.myenergi.com\/de\/wp-content\/uploads\/sites\/7\/2022\/09\/myenergi-app-zappi-galaxy-300x300.jpg 300w, https:\/\/www.myenergi.com\/de\/wp-content\/uploads\/sites\/7\/2022\/09\/myenergi-app-zappi-galaxy-150x150.jpg 150w, https:\/\/www.myenergi.com\/de\/wp-content\/uploads\/sites\/7\/2022\/09\/myenergi-app-zappi-galaxy-330x330.jpg 330w, https:\/\/www.myenergi.com\/de\/wp-content\/uploads\/sites\/7\/2022\/09\/myenergi-app-zappi-galaxy-600x600.jpg 600w, https:\/\/www.myenergi.com\/de\/wp-content\/uploads\/sites\/7\/2022\/09\/myenergi-app-zappi-galaxy-250x250.jpg 250w\" sizes=\"auto, (max-width: 690px) 100vw, 690px\" \/>\t\t\t\t\t\t\t<\/div>\n\t\t\t\t\t\t\t\t\t\t<div class=\"w-full first-mt-0 last-mb-0 grow content-wrapper relative sm:px-10 pb-7 xl:pl-20 xl:pr-32 lg:py-16 pt-9 pb-8 md:pb-[62px] lg:pt-14 md:pt-16 sm:bg-grey-19 rounded-b-2.5xl \">\n\t\t\t\t\t\t\t\t<span class=\"subtitle2  text-left  \">Die Funktionen<\/span>\n<h3 class=\"h4  text-left  \">\u00dcberblick in Echtzeit<\/h3>\n<p>Managen, optimieren und \u00fcberwachen Sie Ihren Verbrauch. Die App zeigt Ihnen, wie viel Strom Ihre PV-Anlage gerade produziert, wie weit der Ladestatus Ihres Elektrofahrzeugs fortgeschritten ist und wie viel Strom aus dem \u00f6ffentlichen Netz aktuell genutzt wird. Verbrauch aus der Vergangenheit kann au\u00dferdem in der Historie eingesehen werden.<\/p>\n<p>\u00a0<\/p>\n\t\t\t\t\t\t<\/div>\n\t\t\t\t\t\t\t\t\t<\/div>\n\t\t\t\t\t\t\t<\/div>\n\t\t<\/div>\n\t<\/div>\n\n\n\n\n<div id='block-content-accordion-block_e60d9a0451ef2d3c9395fbff00d30108'  class='flexi-block content-accordion-block pt-12 md:pt-20 lg:pt-32 pb-12 md:pb-20 lg:pb-32 bg-white'>\n\t<div class=\"container flex flex-wrap mx-auto\">\n\t\t\t\t\t<div class=\"w-full pb-11 xl:w-2\/5 2xl:w-1\/3 xl:pr-12 2xl:pr-24 xl:pb-0 first-mt-0 last-mb-0\">\n\t\t\t\t<h4 class=\"h4  text-left  \">Die Funktionen auf einen Blick<\/h4>\n\t\t\t<\/div>\n\t\t\t\t<div class=\"w-full xl:w-3\/5 2xl:w-2\/3\">\n\t\t\t\n\t\t\t\t<div class=\"faq bg-grey-20 rounded-2.5xl mb-3 xl:ml-2.5 accent-green\">\n\t\t\t\t\t\n\t\t\t\t\t\t<!--Title-->\n\t\t\t\t\t\t<button role=\"button\" class=\"relative py-[23px] pr-7.5 pl-10 flex items-center justify-between w-full text-left no-underline appearance-none faq-title\" aria-expanded=\"false\" aria-controls=\"block_e60d9a0451ef2d3c9395fbff00d30108-answer-1\">\n\t\t\t\t\t\t\t<span class=\"h6 !my-0 !text-2.5xl !leading-normal w-9\/12 xs:w-8\/12 lg:!w-11\/12 pointer-events-none\">\n                                Managen                            <\/span>\n\t\t\t\t\t\t\t<i class=\"transition duration-300 text-greydark rotate-45 text-[27px] rounded-full pointer-events-none icon-cross\"><\/i>\n\t\t\t\t\t\t<\/button>\n\n\t\t\t\t\t\t<!-- Content -->\n\t\t\t\t\t\t<div class=\"pl-10 overflow-hidden sm:pl-15 pb-6 lg:pb-7.5 faq-answer\" id=\"block_e60d9a0451ef2d3c9395fbff00d30108-answer-1\">\n\t\t\t\t\t\t\t<div class=\"w-full text-lg faq-content first-mt-0 last-mb-0 px-7.5 sm:px-10 border-l-2 border-green\">\n\t\t\t\t\t\t\t\t<p><b>Managen<\/b><span style=\"font-weight: 400\"> Sie Ihre Energieverbr\u00e4uche \u00fcber Timer-Einstellungen und Boost-Funktionen.<\/span><\/p>\n\t\t\t\t\t\t\t<\/div>\n\t\t\t\t\t\t<\/div>\n\n\t\t\t\t\t\n\t\t\t\t<\/div>\n\t\t\t\n\t\t\t\t<div class=\"faq bg-grey-20 rounded-2.5xl mb-3 xl:ml-2.5 accent-blue\">\n\t\t\t\t\t\n\t\t\t\t\t\t<!--Title-->\n\t\t\t\t\t\t<button role=\"button\" class=\"relative py-[23px] pr-7.5 pl-10 flex items-center justify-between w-full text-left no-underline appearance-none faq-title\" aria-expanded=\"false\" aria-controls=\"block_e60d9a0451ef2d3c9395fbff00d30108-answer-2\">\n\t\t\t\t\t\t\t<span class=\"h6 !my-0 !text-2.5xl !leading-normal w-9\/12 xs:w-8\/12 lg:!w-11\/12 pointer-events-none\">\n                                Optimieren                            <\/span>\n\t\t\t\t\t\t\t<i class=\"transition duration-300 text-greydark rotate-45 text-[27px] rounded-full pointer-events-none icon-cross\"><\/i>\n\t\t\t\t\t\t<\/button>\n\n\t\t\t\t\t\t<!-- Content -->\n\t\t\t\t\t\t<div class=\"pl-10 overflow-hidden sm:pl-15 pb-6 lg:pb-7.5 faq-answer\" id=\"block_e60d9a0451ef2d3c9395fbff00d30108-answer-2\">\n\t\t\t\t\t\t\t<div class=\"w-full text-lg faq-content first-mt-0 last-mb-0 px-7.5 sm:px-10 border-l-2 border-blue\">\n\t\t\t\t\t\t\t\t<p><b>Optimieren<\/b><span style=\"font-weight: 400\"> Sie Ihren Stromverbauch, indem Sie Solarstrom und Strom aus dem \u00f6ffentlichen Netz priorisieren.<\/span><\/p>\n\t\t\t\t\t\t\t<\/div>\n\t\t\t\t\t\t<\/div>\n\n\t\t\t\t\t\n\t\t\t\t<\/div>\n\t\t\t\n\t\t\t\t<div class=\"faq bg-grey-20 rounded-2.5xl mb-3 xl:ml-2.5 accent-pink\">\n\t\t\t\t\t\n\t\t\t\t\t\t<!--Title-->\n\t\t\t\t\t\t<button role=\"button\" class=\"relative py-[23px] pr-7.5 pl-10 flex items-center justify-between w-full text-left no-underline appearance-none faq-title\" aria-expanded=\"false\" aria-controls=\"block_e60d9a0451ef2d3c9395fbff00d30108-answer-3\">\n\t\t\t\t\t\t\t<span class=\"h6 !my-0 !text-2.5xl !leading-normal w-9\/12 xs:w-8\/12 lg:!w-11\/12 pointer-events-none\">\n                                \u00dcberwachen                            <\/span>\n\t\t\t\t\t\t\t<i class=\"transition duration-300 text-greydark rotate-45 text-[27px] rounded-full pointer-events-none icon-cross\"><\/i>\n\t\t\t\t\t\t<\/button>\n\n\t\t\t\t\t\t<!-- Content -->\n\t\t\t\t\t\t<div class=\"pl-10 overflow-hidden sm:pl-15 pb-6 lg:pb-7.5 faq-answer\" id=\"block_e60d9a0451ef2d3c9395fbff00d30108-answer-3\">\n\t\t\t\t\t\t\t<div class=\"w-full text-lg faq-content first-mt-0 last-mb-0 px-7.5 sm:px-10 border-l-2 border-pink\">\n\t\t\t\t\t\t\t\t<p><b>\u00dcberwachen<\/b><span style=\"font-weight: 400\"> Sie den kompletten Energiefluss in Ihrem Haushalt.<\/span><\/p>\n\t\t\t\t\t\t\t<\/div>\n\t\t\t\t\t\t<\/div>\n\n\t\t\t\t\t\n\t\t\t\t<\/div>\n\t\t\t\t\t<\/div>\n\t<\/div>\n<\/div>\n\n\n\n\n<div id=\"block-fifty-fifty-img-txt-block_4250b7933bb324b28347e67f17c744da\"  class=\"bg-white flexi-block fifty-fifty-img-txt-block  \">\n\t<div class=\"container relative z-10 flex flex-wrap justify-center pb-0 mx-auto pt-12 md:pt-20 lg:pt-32 pb-12 md:pb-20 lg:pb-32 \">\n        <div class=\"flex flex-wrap w-full justify-center lg:justify-between items-center    \">\n\n            \n                <div class=\"w-full load-hidden image-wrapper lg:w-1\/2 md:max-w-[500px] lg:max-w-none  xl:pr-3.9\">\n                    <img decoding=\"async\" width=\"759\" height=\"1024\" src=\"https:\/\/www.myenergi.com\/de\/wp-content\/uploads\/sites\/7\/2022\/09\/myenergi-zap-zappi-EV-Charger-759x1024.jpg\" class=\"w-full rounded-2.5xl\" alt=\"\" style=\"opacity: 1\" loading=\"lazy\" srcset=\"https:\/\/www.myenergi.com\/de\/wp-content\/uploads\/sites\/7\/2022\/09\/myenergi-zap-zappi-EV-Charger-759x1024.jpg 759w, https:\/\/www.myenergi.com\/de\/wp-content\/uploads\/sites\/7\/2022\/09\/myenergi-zap-zappi-EV-Charger-222x300.jpg 222w, https:\/\/www.myenergi.com\/de\/wp-content\/uploads\/sites\/7\/2022\/09\/myenergi-zap-zappi-EV-Charger-768x1037.jpg 768w, https:\/\/www.myenergi.com\/de\/wp-content\/uploads\/sites\/7\/2022\/09\/myenergi-zap-zappi-EV-Charger-600x810.jpg 600w, https:\/\/www.myenergi.com\/de\/wp-content\/uploads\/sites\/7\/2022\/09\/myenergi-zap-zappi-EV-Charger-185x250.jpg 185w, https:\/\/www.myenergi.com\/de\/wp-content\/uploads\/sites\/7\/2022\/09\/myenergi-zap-zappi-EV-Charger.jpg 800w\" sizes=\"auto, (max-width: 759px) 100vw, 759px\" \/>                <\/div>\n\n            \n            \n                <div class=\"w-full self-center lg:w-1\/2 md:max-w-[500px] lg:max-w-none lg:pl-20 2xl:pl-45 pt-12 lg:pt-0 load-hidden content-wrapper\">\n                    <div class=\"w-full first-mt-0 last-mb-0 \">\n                        <span class=\"subtitle2  text-left  \">So funktioniert&#8217;s<\/span>\n<h4 class=\"h3  text-left  \">Downloaden, verbinden und los geht&#8217;s! <\/h4>\n<p><span style=\"font-weight: 400\">Die App verbindet sich mit allen myenergi Ger\u00e4ten \u00fcber das Internet. Einfach downloaden und Verbindung herstellen und in wenigen Minuten k\u00f6nnen Sie Ihren Energieverbrauch einsehen und steuern.<\/span><\/p>\n<p><a href=\"https:\/\/play.google.com\/store\/apps\/details?id=com.myenergi&#038;hl=en_GB&#038;gl=US\" target=\"_blank\" rel=\"noopener\"><img loading=\"lazy\" decoding=\"async\" class=\"alignleft wp-image-34592\" src=\"https:\/\/myenergi.com\/wp-content\/uploads\/2022\/05\/play-store.png\" alt=\"\" width=\"183\" height=\"54\" \/><\/a> <a href=\"https:\/\/apps.apple.com\/gb\/app\/myenergi\/id1441944813\" target=\"_blank\" rel=\"noopener\"><img loading=\"lazy\" decoding=\"async\" class=\"alignleft wp-image-34593\" src=\"https:\/\/myenergi.com\/wp-content\/uploads\/2022\/05\/app-store.png\" alt=\"\" width=\"157\" height=\"54\" \/><\/a><\/p>\n                    <\/div>\n                <\/div>\n\n                    <\/div>\n\t<\/div>\n<\/div>\n\n\n\n\n\n\t<div id='block-trustpilot-widget-block_a0a72d4cd6080512acb3266dffe51659'  class='flexi-block trustpilot-widget-block pt-8 lg:pt-16 pb-8 lg:pb-16'>\n\n\t\t<div class=\"trustpilot-widget\" data-locale=\"de-DE\" data-template-id=\"5406e65db0d04a09e042d5fc\" data-businessunit-id=\"5e584a287116b20001235c16\" data-style-height=\"28px\" data-style-width=\"100%\" data-theme=\"light\">\r\n  <a href=\"https:\/\/de.trustpilot.com\/review\/myenergi.com\" target=\"_blank\" rel=\"noopener\">Trustpilot<\/a>\r\n<\/div>\n\t<\/div>\n\n","protected":false},"excerpt":{"rendered":"","protected":false},"author":1,"featured_media":0,"parent":0,"menu_order":0,"comment_status":"closed","ping_status":"closed","template":"","meta":{"_acf_changed":false,"footnotes":""},"class_list":["post-33715","page","type-page","status-publish","hentry"],"acf":[],"_links":{"self":[{"href":"https:\/\/www.myenergi.com\/de\/wp-json\/wp\/v2\/pages\/33715","targetHints":{"allow":["GET"]}}],"collection":[{"href":"https:\/\/www.myenergi.com\/de\/wp-json\/wp\/v2\/pages"}],"about":[{"href":"https:\/\/www.myenergi.com\/de\/wp-json\/wp\/v2\/types\/page"}],"author":[{"embeddable":true,"href":"https:\/\/www.myenergi.com\/de\/wp-json\/wp\/v2\/users\/1"}],"replies":[{"embeddable":true,"href":"https:\/\/www.myenergi.com\/de\/wp-json\/wp\/v2\/comments?post=33715"}],"version-history":[{"count":11,"href":"https:\/\/www.myenergi.com\/de\/wp-json\/wp\/v2\/pages\/33715\/revisions"}],"predecessor-version":[{"id":51224,"href":"https:\/\/www.myenergi.com\/de\/wp-json\/wp\/v2\/pages\/33715\/revisions\/51224"}],"wp:attachment":[{"href":"https:\/\/www.myenergi.com\/de\/wp-json\/wp\/v2\/media?parent=33715"}],"curies":[{"name":"wp","href":"https:\/\/api.w.org\/{rel}","templated":true}]}}