{"id":29298,"date":"2022-03-30T15:55:01","date_gmt":"2022-03-30T14:55:01","guid":{"rendered":"https:\/\/myenergi.com\/?page_id=29298"},"modified":"2024-07-17T12:24:43","modified_gmt":"2024-07-17T11:24:43","slug":"karriere","status":"publish","type":"page","link":"https:\/\/www.myenergi.com\/de\/karriere\/","title":{"rendered":"Karriere"},"content":{"rendered":"\n    <div id='block-de-text-text-block_25b74a1b15aa186b3e2fca6dbca69f10'  class='flexi-block de-text-text-block pt-8 pb-0'>\n\n        <div class=\"text-text-module bg-grey-24\">\n            <div class=\"container py-12 lg:py-20 mx-auto\">\n                <p class=\"subtitle2 text-grey-40 \">\n                    Werde Teil der jungen Erfolgsgeschichte                <\/p>\n                <div class=\"grid grid-cols-1 gap-8 md:grid-cols-2 children:my-0 children:text-grey-40 \">\n                    <div class=\"!my-0 xl:mr-16 1xl:mr-24 children:my-0 children:text-grey-40 \">\n                        <h2 class=\"h3 darkgrey text-left  \"><span id=\"products\">myenergi als Arbeitgeber<\/span><\/h2>\n                    <\/div> <!-- ToDo:  Textcolor changeable -->\n                                            <p class=\"paragraph  text-left  \">myenergi bietet Smart-Home-Energiel\u00f6sungen f\u00fcr den Privatgebrauch und wurde 2016 in Gro\u00dfbritannien gegr\u00fcndet. Unsere Vision ist es, dass Verbraucher selbstproduzierte Energie im eigenen Haushalt optimal selbst nutzen und wir die Energiewende so entscheidend mit vorantreiben. Mit unserem innovativen Produktportfolio stehen wir in Deutschland auf Wachstumskurs. Um unsere Chancen weiterhin optimal zu nutzen, suchen wir laufend motivierte und interessierte neue Mitarbeiterinnen und Mitarbeiter.<\/p>\n <!-- ToDo:  Textcolor changeable -->\n                                    <\/div>\n            <\/div>\n        <\/div>\n\n    <\/div>\n\n\n\n\n    <div id='block-de-usps-block_4214c1831a39b57499fb01821b9d0f23'  class='flexi-block de-usps-block pt-0 pb-8 lg:pb-16'>\n\n        <!-- ToDo: 2-4 usps changeable -->\n        <div class=\"usp-module bg-grey-19\">\n            <div class=\"container py-12 lg:py-20 mx-auto\">\n                <div class=\"flex flex-wrap justify-center\">\n\n                                            <div class=\"w-full py-4 sm:px-3 lg:px-4 sm:w-1\/2 lg:w-1\/4\">\n                            <div class=\"flex items-center\">\n                                                   \n    \n\n                                <div class=\"children:my-0 \">\n                                    <p>Innovatives Unternehmen<\/p>\n                                <\/div>\n                            <\/div>\n                            <div class=\"mt-4 mb-0 children:my-0 \">\n                                <p class=\"paragraph  text-left  \">Arbeite in einem engagierten und innovativem Unternehmen<\/p>\n                            <\/div>\n                        <\/div>\n                                            <div class=\"w-full py-4 sm:px-3 lg:px-4 sm:w-1\/2 lg:w-1\/4\">\n                            <div class=\"flex items-center\">\n                                                   \n    \n\n                                <div class=\"children:my-0 \">\n                                    <p>Unbefristeter Vertrag<\/p>\n                                <\/div>\n                            <\/div>\n                            <div class=\"mt-4 mb-0 children:my-0 \">\n                                <p class=\"paragraph  text-left  \">Eine unbefristete Festanstellung in einem zukunftssicheren Markt<\/p>\n                            <\/div>\n                        <\/div>\n                                            <div class=\"w-full py-4 sm:px-3 lg:px-4 sm:w-1\/2 lg:w-1\/4\">\n                            <div class=\"flex items-center\">\n                                                   \n    \n\n                                <div class=\"children:my-0 \">\n                                    <p>30 Tage Urlaub<\/p>\n                                <\/div>\n                            <\/div>\n                            <div class=\"mt-4 mb-0 children:my-0 \">\n                                <p class=\"paragraph  text-left  \">Profitiere von 30 Tagen Urlaub pro Jahr<\/p>\n                            <\/div>\n                        <\/div>\n                    \n                <\/div>\n            <\/div>\n        <\/div>\n\n    <\/div>\n\n\n\n\n<div id='block-simple-content-block_ed64412803ee276d0a57608640321dad'  class='flexi-block simple-content-block pt-8 lg:pt-16 pb-8 lg:pb-16 '>\n\n    <div class=\"container mx-auto wide-container\">\n\n        <div class=\"content-inner bg-white rounded-2.5xl \">\n\n            <div class=\"mx-auto first-mt-0 last-mb-0 max-w-[90%] xl:max-w-[990px]  \">\n\n                <h2>Offene Stellen<\/h2>\n<p>Nicht das Passende dabei? Dann freuen wir uns \u00fcber Ihre Initiativbewerbung.<\/p>\n<p><strong><span class=\"block\">myenergi GmbH <\/span><\/strong><span class=\"block\">Leopoldstra\u00dfe 23<br \/>\n<\/span><span class=\"block\">80802 M\u00fcnchen<br \/>\n<\/span><a href=\"mailto:karriere.de@myenergi.com\">karriere.de@myenergi.com<\/a><\/p>\n\n            <\/div>\n        <\/div>\n    <\/div>\n<\/div>","protected":false},"excerpt":{"rendered":"","protected":false},"author":1,"featured_media":45839,"parent":0,"menu_order":0,"comment_status":"closed","ping_status":"closed","template":"","meta":{"_acf_changed":false,"footnotes":""},"class_list":["post-29298","page","type-page","status-publish","has-post-thumbnail","hentry"],"acf":[],"_links":{"self":[{"href":"https:\/\/www.myenergi.com\/de\/wp-json\/wp\/v2\/pages\/29298","targetHints":{"allow":["GET"]}}],"collection":[{"href":"https:\/\/www.myenergi.com\/de\/wp-json\/wp\/v2\/pages"}],"about":[{"href":"https:\/\/www.myenergi.com\/de\/wp-json\/wp\/v2\/types\/page"}],"author":[{"embeddable":true,"href":"https:\/\/www.myenergi.com\/de\/wp-json\/wp\/v2\/users\/1"}],"replies":[{"embeddable":true,"href":"https:\/\/www.myenergi.com\/de\/wp-json\/wp\/v2\/comments?post=29298"}],"version-history":[{"count":10,"href":"https:\/\/www.myenergi.com\/de\/wp-json\/wp\/v2\/pages\/29298\/revisions"}],"predecessor-version":[{"id":54343,"href":"https:\/\/www.myenergi.com\/de\/wp-json\/wp\/v2\/pages\/29298\/revisions\/54343"}],"wp:featuredmedia":[{"embeddable":true,"href":"https:\/\/www.myenergi.com\/de\/wp-json\/wp\/v2\/media\/45839"}],"wp:attachment":[{"href":"https:\/\/www.myenergi.com\/de\/wp-json\/wp\/v2\/media?parent=29298"}],"curies":[{"name":"wp","href":"https:\/\/api.w.org\/{rel}","templated":true}]}}